{"id":1454,"date":"2025-12-08T00:30:15","date_gmt":"2025-12-07T23:30:15","guid":{"rendered":"https:\/\/optimate.si\/?page_id=1454"},"modified":"2025-12-08T00:30:15","modified_gmt":"2025-12-07T23:30:15","slug":"kategorije","status":"publish","type":"page","link":"https:\/\/optimate.si\/hr\/kategorije\/","title":{"rendered":"Kategorije"},"content":{"rendered":"<div class=\"woocommerce columns-4\"><ul class=\"products columns-4\">\n<li class=\"product-category product first\">\n\t<a aria-label=\"Posjetite kategoriju proizvoda Kompleti\" href=\"https:\/\/optimate.si\/hr\/product-category\/0-kompleti-b2c\/\" data-no-translation-aria-label=\"\"><img loading=\"lazy\" decoding=\"async\" src=\"https:\/\/optimate.si\/wp-content\/uploads\/2026\/03\/Gemini_Generated_Image_xz8cbqxz8cbqxz8c-324x389.png\" alt=\"Kompleti\" width=\"324\" height=\"389\" \/>\t\t<h2 class=\"woocommerce-loop-category__title\">\n\t\t\tKompleti\t\t<\/h2>\n\t\t<\/a><\/li>\n<li class=\"product-category product\">\n\t<a aria-label=\"Posjetite kategoriju proizvoda Man\u0161ete CV\" href=\"https:\/\/optimate.si\/hr\/product-category\/08-deli\/01-mansete\/\" data-no-translation-aria-label=\"\"><img loading=\"lazy\" decoding=\"async\" src=\"https:\/\/optimate.si\/wp-content\/uploads\/2026\/03\/Subcategory_CV-boot-324x389.jpg\" alt=\"Man\u0161ete CV\" width=\"324\" height=\"389\" \/>\t\t<h2 class=\"woocommerce-loop-category__title\">\n\t\t\tMan\u0161ete CV\t\t<\/h2>\n\t\t<\/a><\/li>\n<li class=\"product-category product\">\n\t<a aria-label=\"Posjetite kategoriju proizvoda RAL barve\" href=\"https:\/\/optimate.si\/hr\/product-category\/057-barve\/01-ral-barve\/\" data-no-translation-aria-label=\"\"><img loading=\"lazy\" decoding=\"async\" src=\"https:\/\/optimate.si\/wp-content\/uploads\/2026\/03\/ChatGPT-Image-3-\u0431\u0435\u0440.-2026-\u0440.-21_46_43-324x389.png\" alt=\"RAL barve\" width=\"324\" height=\"389\" \/>\t\t<h2 class=\"woocommerce-loop-category__title\">\n\t\t\tRAL barve\t\t<\/h2>\n\t\t<\/a><\/li>\n<li class=\"product-category product last\">\n\t<a aria-label=\"Posjetite kategoriju proizvoda \u010cistila in lo\u0161\u010dila\" href=\"https:\/\/optimate.si\/hr\/product-category\/01-vzdr\/01-trigger-spreji\/\" data-no-translation-aria-label=\"\"><img loading=\"lazy\" decoding=\"async\" src=\"https:\/\/optimate.si\/wp-content\/uploads\/2026\/03\/ChatGPT-Image-15-\u0431\u0435\u0440.-2026-\u0440.-19_12_11-324x389.png\" alt=\"\u010cistila in lo\u0161\u010dila\" width=\"324\" height=\"389\" \/>\t\t<h2 class=\"woocommerce-loop-category__title\">\n\t\t\t\u010cistila in lo\u0161\u010dila\t\t<\/h2>\n\t\t<\/a><\/li>\n<li class=\"product-category product first\">\n\t<a aria-label=\"Posjetite kategoriju proizvoda Univerzalni\" href=\"https:\/\/optimate.si\/hr\/product-category\/050-brisalci\/01-univerzalni\/\" data-no-translation-aria-label=\"\"><img loading=\"lazy\" decoding=\"async\" src=\"https:\/\/optimate.si\/wp-content\/uploads\/2026\/03\/Universal-2-324x389.jpg\" alt=\"Univerzalni\" width=\"324\" height=\"389\" srcset=\"https:\/\/optimate.si\/wp-content\/uploads\/2026\/03\/Universal-2-324x389.jpg 324w, https:\/\/optimate.si\/wp-content\/uploads\/2026\/03\/Universal-2-250x300.jpg 250w, https:\/\/optimate.si\/wp-content\/uploads\/2026\/03\/Universal-2.jpg 369w\" sizes=\"auto, (max-width: 324px) 100vw, 324px\" \/>\t\t<h2 class=\"woocommerce-loop-category__title\">\n\t\t\tUniverzalni\t\t<\/h2>\n\t\t<\/a><\/li>\n<li class=\"product-category product\">\n\t<a aria-label=\"Posjetite kategoriju proizvoda Vzdr\u017eevanje in nega\" href=\"https:\/\/optimate.si\/hr\/product-category\/01-vzdr\/\" data-no-translation-aria-label=\"\"><img loading=\"lazy\" decoding=\"async\" src=\"https:\/\/optimate.si\/wp-content\/uploads\/2026\/03\/unnamed-2-2-3-324x389.jpg\" alt=\"Vzdr\u017eevanje in nega\" width=\"324\" height=\"389\" srcset=\"https:\/\/optimate.si\/wp-content\/uploads\/2026\/03\/unnamed-2-2-3-324x389.jpg 324w, https:\/\/optimate.si\/wp-content\/uploads\/2026\/03\/unnamed-2-2-3-250x300.jpg 250w, https:\/\/optimate.si\/wp-content\/uploads\/2026\/03\/unnamed-2-2-3-768x922.jpg 768w, https:\/\/optimate.si\/wp-content\/uploads\/2026\/03\/unnamed-2-2-3-416x499.jpg 416w, https:\/\/optimate.si\/wp-content\/uploads\/2026\/03\/unnamed-2-2-3.jpg 853w\" sizes=\"auto, (max-width: 324px) 100vw, 324px\" \/>\t\t<h2 class=\"woocommerce-loop-category__title\">\n\t\t\tVzdr\u017eevanje in nega\t\t<\/h2>\n\t\t<\/a><\/li>\n<li class=\"product-category product\">\n\t<a aria-label=\"Posjetite kategoriju proizvoda Obvezna oprema\" href=\"https:\/\/optimate.si\/hr\/product-category\/09-vezinob\/010-oprema\/\" data-no-translation-aria-label=\"\"><img loading=\"lazy\" decoding=\"async\" src=\"https:\/\/optimate.si\/wp-content\/uploads\/2026\/03\/Gemini_Generated_Image_v3z914v3z914v3z9-324x389.png\" alt=\"Obvezna oprema\" width=\"324\" height=\"389\" srcset=\"https:\/\/optimate.si\/wp-content\/uploads\/2026\/03\/Gemini_Generated_Image_v3z914v3z914v3z9-324x389.png 324w, https:\/\/optimate.si\/wp-content\/uploads\/2026\/03\/Gemini_Generated_Image_v3z914v3z914v3z9-250x300.png 250w, https:\/\/optimate.si\/wp-content\/uploads\/2026\/03\/Gemini_Generated_Image_v3z914v3z914v3z9-853x1024.png 853w, https:\/\/optimate.si\/wp-content\/uploads\/2026\/03\/Gemini_Generated_Image_v3z914v3z914v3z9-768x922.png 768w, https:\/\/optimate.si\/wp-content\/uploads\/2026\/03\/Gemini_Generated_Image_v3z914v3z914v3z9-1280x1536.png 1280w, https:\/\/optimate.si\/wp-content\/uploads\/2026\/03\/Gemini_Generated_Image_v3z914v3z914v3z9-1706x2048.png 1706w, https:\/\/optimate.si\/wp-content\/uploads\/2026\/03\/Gemini_Generated_Image_v3z914v3z914v3z9-416x499.png 416w, https:\/\/optimate.si\/wp-content\/uploads\/2026\/03\/Gemini_Generated_Image_v3z914v3z914v3z9.png 1888w\" sizes=\"auto, (max-width: 324px) 100vw, 324px\" \/>\t\t<h2 class=\"woocommerce-loop-category__title\">\n\t\t\tObvezna oprema\t\t<\/h2>\n\t\t<\/a><\/li>\n<li class=\"product-category product last\">\n\t<a aria-label=\"Posjetite kategoriju proizvoda Vzdr\u017eevalna kemija\" href=\"https:\/\/optimate.si\/hr\/product-category\/01-vzdr\/02-vzdrzevalni-spreji\/\" data-no-translation-aria-label=\"\"><img loading=\"lazy\" decoding=\"async\" src=\"https:\/\/optimate.si\/wp-content\/uploads\/2026\/03\/ChatGPT-Image-3-\u0431\u0435\u0440.-2026-\u0440.-13_46_28-324x389.png\" alt=\"Vzdr\u017eevalna kemija\" width=\"324\" height=\"389\" \/>\t\t<h2 class=\"woocommerce-loop-category__title\">\n\t\t\tVzdr\u017eevalna kemija\t\t<\/h2>\n\t\t<\/a><\/li>\n<li class=\"product-category product first\">\n\t<a aria-label=\"Posjetite kategoriju proizvoda Rob\u010dki\" href=\"https:\/\/optimate.si\/hr\/product-category\/09-vezinob\/020-robcki\/\" data-no-translation-aria-label=\"\"><img loading=\"lazy\" decoding=\"async\" src=\"https:\/\/optimate.si\/wp-content\/uploads\/2026\/03\/ChatGPT-Image-1-\u0431\u0435\u0440.-2026-\u0440.-22_37_04-324x389.png\" alt=\"Rob\u010dki\" width=\"324\" height=\"389\" \/>\t\t<h2 class=\"woocommerce-loop-category__title\">\n\t\t\tRob\u010dki\t\t<\/h2>\n\t\t<\/a><\/li>\n<li class=\"product-category product\">\n\t<a aria-label=\"Posjetite kategoriju proizvoda Hibridni\" href=\"https:\/\/optimate.si\/hr\/product-category\/050-brisalci\/02hibridni\/\" data-no-translation-aria-label=\"\"><img loading=\"lazy\" decoding=\"async\" src=\"https:\/\/optimate.si\/wp-content\/uploads\/2026\/03\/Hybrid-2-324x389.jpg\" alt=\"Hibridni\" width=\"324\" height=\"389\" srcset=\"https:\/\/optimate.si\/wp-content\/uploads\/2026\/03\/Hybrid-2-324x389.jpg 324w, https:\/\/optimate.si\/wp-content\/uploads\/2026\/03\/Hybrid-2-250x300.jpg 250w, https:\/\/optimate.si\/wp-content\/uploads\/2026\/03\/Hybrid-2.jpg 369w\" sizes=\"auto, (max-width: 324px) 100vw, 324px\" \/>\t\t<h2 class=\"woocommerce-loop-category__title\">\n\t\t\tHibridni\t\t<\/h2>\n\t\t<\/a><\/li>\n<li class=\"product-category product\">\n\t<a aria-label=\"Posjetite kategoriju proizvoda Tehni\u010dni spreji\" href=\"https:\/\/optimate.si\/hr\/product-category\/045-teh\/03-tehnicna-kemija\/\" data-no-translation-aria-label=\"\"><img loading=\"lazy\" decoding=\"async\" src=\"https:\/\/optimate.si\/wp-content\/uploads\/2026\/03\/ChatGPT-Image-15-\u0431\u0435\u0440.-2026-\u0440.-14_04_06-324x389.png\" alt=\"Tehni\u010dni spreji\" width=\"324\" height=\"389\" \/>\t\t<h2 class=\"woocommerce-loop-category__title\">\n\t\t\tTehni\u010dni spreji\t\t<\/h2>\n\t\t<\/a><\/li>\n<li class=\"product-category product last\">\n\t<a aria-label=\"Posjetite kategoriju proizvoda Pranje vozila\" href=\"https:\/\/optimate.si\/hr\/product-category\/030-pranje\/\" data-no-translation-aria-label=\"\"><img loading=\"lazy\" decoding=\"async\" src=\"https:\/\/optimate.si\/wp-content\/uploads\/2026\/03\/unnamed-2-1-324x389.jpg\" alt=\"Pranje vozila\" width=\"324\" height=\"389\" srcset=\"https:\/\/optimate.si\/wp-content\/uploads\/2026\/03\/unnamed-2-1-324x389.jpg 324w, https:\/\/optimate.si\/wp-content\/uploads\/2026\/03\/unnamed-2-1-251x300.jpg 251w\" sizes=\"auto, (max-width: 324px) 100vw, 324px\" \/>\t\t<h2 class=\"woocommerce-loop-category__title\">\n\t\t\tPranje vozila\t\t<\/h2>\n\t\t<\/a><\/li>\n<li class=\"product-category product first\">\n\t<a aria-label=\"Posjetite kategoriju proizvoda Klasi\u010dni\" href=\"https:\/\/optimate.si\/hr\/product-category\/050-brisalci\/03n-brisalci\/\" data-no-translation-aria-label=\"\"><img loading=\"lazy\" decoding=\"async\" src=\"https:\/\/optimate.si\/wp-content\/uploads\/2026\/03\/Metal-324x389.jpg\" alt=\"Klasi\u010dni\" width=\"324\" height=\"389\" \/>\t\t<h2 class=\"woocommerce-loop-category__title\">\n\t\t\tKlasi\u010dni\t\t<\/h2>\n\t\t<\/a><\/li>\n<li class=\"product-category product\">\n\t<a aria-label=\"Posjetite kategoriju proizvoda Aditivi\" href=\"https:\/\/optimate.si\/hr\/product-category\/045-teh\/04-aditivi\/\" data-no-translation-aria-label=\"\"><img loading=\"lazy\" decoding=\"async\" src=\"https:\/\/optimate.si\/wp-content\/uploads\/2026\/03\/ChatGPT-Image-3-\u0431\u0435\u0440.-2026-\u0440.-14_22_38-324x389.png\" alt=\"Aditivi\" width=\"324\" height=\"389\" \/>\t\t<h2 class=\"woocommerce-loop-category__title\">\n\t\t\tAditivi\t\t<\/h2>\n\t\t<\/a><\/li>\n<li class=\"product-category product\">\n\t<a aria-label=\"Posjetite kategoriju proizvoda Spreji za armaturo\" href=\"https:\/\/optimate.si\/hr\/product-category\/01-vzdr\/04-cockpit\/\" data-no-translation-aria-label=\"\"><img loading=\"lazy\" decoding=\"async\" src=\"https:\/\/optimate.si\/wp-content\/uploads\/2026\/03\/Cockpit-Polish-510x765-1-324x389.jpg\" alt=\"Spreji za armaturo\" width=\"324\" height=\"389\" \/>\t\t<h2 class=\"woocommerce-loop-category__title\">\n\t\t\tSpreji za armaturo\t\t<\/h2>\n\t\t<\/a><\/li>\n<li class=\"product-category product last\">\n\t<a aria-label=\"Posjetite kategoriju proizvoda Krpe\" href=\"https:\/\/optimate.si\/hr\/product-category\/040-krpe\/\" data-no-translation-aria-label=\"\"><img loading=\"lazy\" decoding=\"async\" src=\"https:\/\/optimate.si\/wp-content\/uploads\/2026\/03\/Napkins-324x389.jpg\" alt=\"Krpe\" width=\"324\" height=\"389\" \/>\t\t<h2 class=\"woocommerce-loop-category__title\">\n\t\t\tKrpe\t\t<\/h2>\n\t\t<\/a><\/li>\n<li class=\"product-category product first\">\n\t<a aria-label=\"Posjetite kategoriju proizvoda Zadnji\" href=\"https:\/\/optimate.si\/hr\/product-category\/050-brisalci\/040-zadnji-brisalci\/\" data-no-translation-aria-label=\"\"><img loading=\"lazy\" decoding=\"async\" src=\"https:\/\/optimate.si\/wp-content\/uploads\/2026\/03\/Rear-324x389.jpg\" alt=\"Zadnji\" width=\"324\" height=\"389\" \/>\t\t<h2 class=\"woocommerce-loop-category__title\">\n\t\t\tZadnji\t\t<\/h2>\n\t\t<\/a><\/li>\n<li class=\"product-category product\">\n\t<a aria-label=\"Posjetite kategoriju proizvoda Brisalci\" href=\"https:\/\/optimate.si\/hr\/product-category\/050-brisalci\/\" data-no-translation-aria-label=\"\"><img loading=\"lazy\" decoding=\"async\" src=\"https:\/\/optimate.si\/wp-content\/uploads\/2026\/03\/Screenshot-2026-03-24-164803-324x389.png\" alt=\"Brisalci\" width=\"324\" height=\"389\" \/>\t\t<h2 class=\"woocommerce-loop-category__title\">\n\t\t\tBrisalci\t\t<\/h2>\n\t\t<\/a><\/li>\n<li class=\"product-category product\">\n\t<a aria-label=\"Posjetite kategoriju proizvoda \u017darnice\" href=\"https:\/\/optimate.si\/hr\/product-category\/055-zarnice\/\" data-no-translation-aria-label=\"\"><img loading=\"lazy\" decoding=\"async\" src=\"https:\/\/optimate.si\/wp-content\/uploads\/2026\/03\/Screenshot-2026-03-16-at-16.26.44-324x389.jpeg\" alt=\"\u017darnice\" width=\"324\" height=\"389\" \/>\t\t<h2 class=\"woocommerce-loop-category__title\">\n\t\t\t\u017darnice\t\t<\/h2>\n\t\t<\/a><\/li>\n<li class=\"product-category product last\">\n\t<a aria-label=\"Posjetite kategoriju proizvoda Barve\" href=\"https:\/\/optimate.si\/hr\/product-category\/057-barve\/\" data-no-translation-aria-label=\"\"><img loading=\"lazy\" decoding=\"async\" src=\"https:\/\/optimate.si\/wp-content\/uploads\/2026\/03\/ChatGPT-Image-3-\u0431\u0435\u0440.-2026-\u0440.-22_17_58-324x389.png\" alt=\"Barve\" width=\"324\" height=\"389\" \/>\t\t<h2 class=\"woocommerce-loop-category__title\">\n\t\t\tBarve\t\t<\/h2>\n\t\t<\/a><\/li>\n<li class=\"product-category product first\">\n\t<a aria-label=\"Posjetite kategoriju proizvoda Lepila in tesnila\" href=\"https:\/\/optimate.si\/hr\/product-category\/06-lepila-2\/\" data-no-translation-aria-label=\"\"><img loading=\"lazy\" decoding=\"async\" src=\"https:\/\/optimate.si\/wp-content\/uploads\/2026\/03\/Screenshot-2026-03-15-at-21.08.09-324x389.jpeg\" alt=\"Lepila in tesnila\" width=\"324\" height=\"389\" \/>\t\t<h2 class=\"woocommerce-loop-category__title\">\n\t\t\tLepila in tesnila\t\t<\/h2>\n\t\t<\/a><\/li>\n<li class=\"product-category product\">\n\t<a aria-label=\"Posjetite kategoriju proizvoda Nadomestni deli\" href=\"https:\/\/optimate.si\/hr\/product-category\/08-deli\/\" data-no-translation-aria-label=\"\"><img loading=\"lazy\" decoding=\"async\" src=\"https:\/\/optimate.si\/wp-content\/uploads\/2026\/03\/Parts-324x389.jpg\" alt=\"Nadomestni deli\" width=\"324\" height=\"389\" \/>\t\t<h2 class=\"woocommerce-loop-category__title\">\n\t\t\tNadomestni deli\t\t<\/h2>\n\t\t<\/a><\/li>\n<li class=\"product-category product\">\n\t<a aria-label=\"Posjetite kategoriju proizvoda Filtri\" href=\"https:\/\/optimate.si\/hr\/product-category\/08-deli\/filtri\/\" data-no-translation-aria-label=\"\"><img loading=\"lazy\" decoding=\"async\" src=\"https:\/\/optimate.si\/wp-content\/uploads\/2026\/03\/Filters-324x389.png\" alt=\"Filtri\" width=\"324\" height=\"389\" \/>\t\t<h2 class=\"woocommerce-loop-category__title\">\n\t\t\tFiltri\t\t<\/h2>\n\t\t<\/a><\/li>\n<li class=\"product-category product last\">\n\t<a aria-label=\"Posjetite kategoriju proizvoda Halogenske(glavne) \u017earnice\" href=\"https:\/\/optimate.si\/hr\/product-category\/055-zarnice\/halogenske-zarnice\/\" data-no-translation-aria-label=\"\"><img loading=\"lazy\" decoding=\"async\" src=\"https:\/\/optimate.si\/wp-content\/uploads\/2026\/03\/Subcategory_Halogen_lamp-2-324x389.jpg\" alt=\"Halogenske(glavne) \u017earnice\" width=\"324\" height=\"389\" srcset=\"https:\/\/optimate.si\/wp-content\/uploads\/2026\/03\/Subcategory_Halogen_lamp-2-324x389.jpg 324w, https:\/\/optimate.si\/wp-content\/uploads\/2026\/03\/Subcategory_Halogen_lamp-2-250x300.jpg 250w, https:\/\/optimate.si\/wp-content\/uploads\/2026\/03\/Subcategory_Halogen_lamp-2.jpg 369w\" sizes=\"auto, (max-width: 324px) 100vw, 324px\" \/>\t\t<h2 class=\"woocommerce-loop-category__title\">\n\t\t\tHalogenske(glavne) \u017earnice\t\t<\/h2>\n\t\t<\/a><\/li>\n<li class=\"product-category product first\">\n\t<a aria-label=\"Posjetite kategoriju proizvoda Kovinske objemke\" href=\"https:\/\/optimate.si\/hr\/product-category\/09-vezinob\/kovinske-objemke\/\" data-no-translation-aria-label=\"\"><img loading=\"lazy\" decoding=\"async\" src=\"https:\/\/optimate.si\/wp-content\/uploads\/2026\/03\/Subcategory_Clamps-324x389.jpg\" alt=\"Kovinske objemke\" width=\"324\" height=\"389\" \/>\t\t<h2 class=\"woocommerce-loop-category__title\">\n\t\t\tKovinske objemke\t\t<\/h2>\n\t\t<\/a><\/li>\n<li class=\"product-category product\">\n\t<a aria-label=\"Posjetite kategoriju proizvoda Lepila za popravila\" href=\"https:\/\/optimate.si\/hr\/product-category\/06-lepila-2\/lepila\/\" data-no-translation-aria-label=\"\"><img loading=\"lazy\" decoding=\"async\" src=\"https:\/\/optimate.si\/wp-content\/uploads\/2026\/03\/Category-Adhesives-324x389.jpg\" alt=\"Lepila za popravila\" width=\"324\" height=\"389\" \/>\t\t<h2 class=\"woocommerce-loop-category__title\">\n\t\t\tLepila za popravila\t\t<\/h2>\n\t\t<\/a><\/li>\n<li class=\"product-category product\">\n\t<a aria-label=\"Posjetite kategoriju proizvoda Paste za bru\u0161enje ventilov\" href=\"https:\/\/optimate.si\/hr\/product-category\/045-teh\/paste\/\" data-no-translation-aria-label=\"\"><img loading=\"lazy\" decoding=\"async\" src=\"https:\/\/optimate.si\/wp-content\/uploads\/2026\/03\/unnamed-2-2-324x389.jpg\" alt=\"Paste za bru\u0161enje ventilov\" width=\"324\" height=\"389\" srcset=\"https:\/\/optimate.si\/wp-content\/uploads\/2026\/03\/unnamed-2-2-324x389.jpg 324w, https:\/\/optimate.si\/wp-content\/uploads\/2026\/03\/unnamed-2-2-250x300.jpg 250w, https:\/\/optimate.si\/wp-content\/uploads\/2026\/03\/unnamed-2-2-768x922.jpg 768w, https:\/\/optimate.si\/wp-content\/uploads\/2026\/03\/unnamed-2-2-416x499.jpg 416w, https:\/\/optimate.si\/wp-content\/uploads\/2026\/03\/unnamed-2-2.jpg 853w\" sizes=\"auto, (max-width: 324px) 100vw, 324px\" \/>\t\t<h2 class=\"woocommerce-loop-category__title\">\n\t\t\tPaste za bru\u0161enje ventilov\t\t<\/h2>\n\t\t<\/a><\/li>\n<li class=\"product-category product last\">\n\t<a aria-label=\"Posjetite kategoriju proizvoda Plasti\u010dne vezice\" href=\"https:\/\/optimate.si\/hr\/product-category\/09-vezinob\/plasticne-vezice\/\" data-no-translation-aria-label=\"\"><img loading=\"lazy\" decoding=\"async\" src=\"https:\/\/optimate.si\/wp-content\/uploads\/2026\/03\/Subcategory_Nylon_ties-324x389.jpg\" alt=\"Plasti\u010dne vezice\" width=\"324\" height=\"389\" \/>\t\t<h2 class=\"woocommerce-loop-category__title\">\n\t\t\tPlasti\u010dne vezice\t\t<\/h2>\n\t\t<\/a><\/li>\n<li class=\"product-category product first\">\n\t<a aria-label=\"Posjetite kategoriju proizvoda Efekt barve\" href=\"https:\/\/optimate.si\/hr\/product-category\/057-barve\/posebne-barve\/\" data-no-translation-aria-label=\"\"><img loading=\"lazy\" decoding=\"async\" src=\"https:\/\/optimate.si\/wp-content\/uploads\/2026\/03\/ChatGPT-Image-3-\u0431\u0435\u0440.-2026-\u0440.-22_08_26-324x389.png\" alt=\"Efekt barve\" width=\"324\" height=\"389\" \/>\t\t<h2 class=\"woocommerce-loop-category__title\">\n\t\t\tEfekt barve\t\t<\/h2>\n\t\t<\/a><\/li>\n<li class=\"product-category product\">\n\t<a aria-label=\"Posjetite kategoriju proizvoda Signalne in notranje \u017earnice\" href=\"https:\/\/optimate.si\/hr\/product-category\/055-zarnice\/signalne\/\" data-no-translation-aria-label=\"\"><img loading=\"lazy\" decoding=\"async\" src=\"https:\/\/optimate.si\/wp-content\/uploads\/2026\/03\/Subcategory_Small_bulbs-324x389.jpg\" alt=\"Signalne in notranje \u017earnice\" width=\"324\" height=\"389\" \/>\t\t<h2 class=\"woocommerce-loop-category__title\">\n\t\t\tSignalne in notranje \u017earnice\t\t<\/h2>\n\t\t<\/a><\/li>\n<li class=\"product-category product\">\n\t<a aria-label=\"Posjetite kategoriju proizvoda Silikonska tesnila\" href=\"https:\/\/optimate.si\/hr\/product-category\/06-lepila-2\/silikoni\/\" data-no-translation-aria-label=\"\"><img loading=\"lazy\" decoding=\"async\" src=\"https:\/\/optimate.si\/wp-content\/uploads\/2026\/03\/Category-Gaskets-324x389-1.jpg\" alt=\"Silikonska tesnila\" width=\"324\" height=\"389\" srcset=\"https:\/\/optimate.si\/wp-content\/uploads\/2026\/03\/Category-Gaskets-324x389-1.jpg 324w, https:\/\/optimate.si\/wp-content\/uploads\/2026\/03\/Category-Gaskets-324x389-1-250x300.jpg 250w\" sizes=\"auto, (max-width: 324px) 100vw, 324px\" \/>\t\t<h2 class=\"woocommerce-loop-category__title\">\n\t\t\tSilikonska tesnila\t\t<\/h2>\n\t\t<\/a><\/li>\n<li class=\"product-category product last\">\n\t<a aria-label=\"Posjetite kategoriju proizvoda V\u017eigalne sve\u010dke\" href=\"https:\/\/optimate.si\/hr\/product-category\/08-deli\/svece\/\" data-no-translation-aria-label=\"\"><img loading=\"lazy\" decoding=\"async\" src=\"https:\/\/optimate.si\/wp-content\/uploads\/2026\/03\/Spark-Plug-324x389.jpg\" alt=\"V\u017eigalne sve\u010dke\" width=\"324\" height=\"389\" \/>\t\t<h2 class=\"woocommerce-loop-category__title\">\n\t\t\tV\u017eigalne sve\u010dke\t\t<\/h2>\n\t\t<\/a><\/li>\n<\/ul>\n<\/div>\n\n\n\n<p><\/p>","protected":false},"excerpt":{"rendered":"","protected":false},"author":1,"featured_media":0,"parent":0,"menu_order":0,"comment_status":"closed","ping_status":"closed","template":"","meta":{"_uag_custom_page_level_css":"","footnotes":""},"class_list":["post-1454","page","type-page","status-publish","hentry"],"uagb_featured_image_src":{"full":false,"thumbnail":false,"medium":false,"medium_large":false,"large":false,"1536x1536":false,"2048x2048":false,"trp-custom-language-flag":false,"woocommerce_thumbnail":false,"woocommerce_single":false,"woocommerce_gallery_thumbnail":false},"uagb_author_info":{"display_name":"sergey","author_link":"https:\/\/optimate.si\/hr\/author\/sergey\/"},"uagb_comment_info":0,"uagb_excerpt":null,"_links":{"self":[{"href":"https:\/\/optimate.si\/hr\/wp-json\/wp\/v2\/pages\/1454","targetHints":{"allow":["GET"]}}],"collection":[{"href":"https:\/\/optimate.si\/hr\/wp-json\/wp\/v2\/pages"}],"about":[{"href":"https:\/\/optimate.si\/hr\/wp-json\/wp\/v2\/types\/page"}],"author":[{"embeddable":true,"href":"https:\/\/optimate.si\/hr\/wp-json\/wp\/v2\/users\/1"}],"replies":[{"embeddable":true,"href":"https:\/\/optimate.si\/hr\/wp-json\/wp\/v2\/comments?post=1454"}],"version-history":[{"count":1,"href":"https:\/\/optimate.si\/hr\/wp-json\/wp\/v2\/pages\/1454\/revisions"}],"predecessor-version":[{"id":1455,"href":"https:\/\/optimate.si\/hr\/wp-json\/wp\/v2\/pages\/1454\/revisions\/1455"}],"wp:attachment":[{"href":"https:\/\/optimate.si\/hr\/wp-json\/wp\/v2\/media?parent=1454"}],"curies":[{"name":"wp","href":"https:\/\/api.w.org\/{rel}","templated":true}]}}