{"id":18232,"date":"2026-02-17T17:53:17","date_gmt":"2026-02-17T16:53:17","guid":{"rendered":"https:\/\/optimate.si\/?page_id=18232"},"modified":"2026-04-03T11:04:23","modified_gmt":"2026-04-03T09:04:23","slug":"b2b","status":"publish","type":"page","link":"https:\/\/optimate.si\/hr\/b2b\/","title":{"rendered":"B2B"},"content":{"rendered":"<h1 class=\"wp-block-heading\">Postanite na\u0161 partner<\/h1>\n\n\n\n<p>Sodelujemo s servisi, trgovinami, avtopralnicami in drugimi poslovnimi kupci.<br>Na\u0161im partnerjem omogo\u010damo zanesljivo dobavo ter konkuren\u010dne cene.<\/p>\n\n\n\n<p><strong>Kot poslovni partner pridobite:<\/strong><\/p>\n\n\n\n<ul class=\"wp-block-list\">\n<li>prilagojene veleprodajne cene<\/li>\n\n\n\n<li>koli\u010dinske popuste<\/li>\n\n\n\n<li>prednostno obdelavo naro\u010dil<\/li>\n\n\n\n<li>neposredno podporo in svetovanje<\/li>\n<\/ul>\n\n\n\n<h3 class=\"wp-block-heading\" style=\"margin-top:var(--wp--preset--spacing--50);margin-bottom:var(--wp--preset--spacing--50)\">Kako poteka sodelovanje<\/h3>\n\n\n\n<ol class=\"wp-block-list\">\n<li>Izpolnite prijavni obrazec za B2B dostop.<\/li>\n\n\n\n<li>Pregledamo va\u0161e podjetje in vas kontaktiramo.<\/li>\n\n\n\n<li>Po potrditvi prejmete dostop do B2B pogojev in cen.<\/li>\n\n\n\n<li>Naro\u010date enostavno preko spletne trgovine.<\/li>\n<\/ol>\n\n\n\n<h3 class=\"wp-block-heading\" style=\"margin-top:var(--wp--preset--spacing--50);margin-bottom:var(--wp--preset--spacing--50)\">Prijavni obrazec<\/h3>\n\n\n\n<div class=\"wpcf7 no-js\" id=\"wpcf7-f21641-o1\" lang=\"en-US\" dir=\"ltr\" data-wpcf7-id=\"21641\">\n<div class=\"screen-reader-response\"><p role=\"status\" aria-live=\"polite\" aria-atomic=\"true\"><\/p> <ul><\/ul><\/div>\n<form action=\"\/hr\/wp-json\/wp\/v2\/pages\/18232#wpcf7-f21641-o1\" method=\"post\" class=\"wpcf7-form init\" aria-label=\"Contact form\" novalidate=\"novalidate\" data-status=\"init\" data-trp-original-action=\"\/hr\/wp-json\/wp\/v2\/pages\/18232#wpcf7-f21641-o1\">\n<fieldset class=\"hidden-fields-container\"><input type=\"hidden\" name=\"_wpcf7\" value=\"21641\" \/><input type=\"hidden\" name=\"_wpcf7_version\" value=\"6.1.5\" \/><input type=\"hidden\" name=\"_wpcf7_locale\" value=\"en_US\" \/><input type=\"hidden\" name=\"_wpcf7_unit_tag\" value=\"wpcf7-f21641-o1\" \/><input type=\"hidden\" name=\"_wpcf7_container_post\" value=\"0\" \/><input type=\"hidden\" name=\"_wpcf7_posted_data_hash\" value=\"\" \/>\n<\/fieldset>\n<div>\n\t<p><label class=\"form-row form-row-first\">Naziv podjetja<br \/>\n<span class=\"wpcf7-form-control-wrap\" data-name=\"naziv-podjetja\"><input size=\"40\" maxlength=\"400\" class=\"wpcf7-form-control wpcf7-text wpcf7-validates-as-required\" aria-required=\"true\" aria-invalid=\"false\" value=\"\" type=\"text\" name=\"naziv-podjetja\" \/><\/span><\/label>\n\t<\/p>\n\t<p><label class=\"form-row form-row-last\">Dav\u010dna \u0161tevilka<br \/>\n<span class=\"wpcf7-form-control-wrap\" data-name=\"davcna\"><input size=\"40\" maxlength=\"400\" class=\"wpcf7-form-control wpcf7-text wpcf7-validates-as-required\" aria-required=\"true\" aria-invalid=\"false\" value=\"\" type=\"text\" name=\"davcna\" \/><\/span><\/label>\n\t<\/p>\n\t<div class=\"clear\">\n\t<\/div>\n<\/div>\n<div>\n\t<p><label class=\"form-row form-row-first\">Naslov podjetja<br \/>\n<span class=\"wpcf7-form-control-wrap\" data-name=\"naslov\"><input size=\"40\" maxlength=\"400\" class=\"wpcf7-form-control wpcf7-text wpcf7-validates-as-required\" aria-required=\"true\" aria-invalid=\"false\" value=\"\" type=\"text\" name=\"naslov\" \/><\/span><\/label>\n\t<\/p>\n\t<p><label class=\"form-row form-row-last\">Ime in priimek kontaktne osebe<br \/>\n<span class=\"wpcf7-form-control-wrap\" data-name=\"kontakt-oseba\"><input size=\"40\" maxlength=\"400\" class=\"wpcf7-form-control wpcf7-text wpcf7-validates-as-required\" aria-required=\"true\" aria-invalid=\"false\" value=\"\" type=\"text\" name=\"kontakt-oseba\" \/><\/span><\/label>\n\t<\/p>\n\t<div class=\"clear\">\n\t<\/div>\n<\/div>\n<div>\n\t<p><label class=\"form-row form-row-first\">E-po\u0161ta<br \/>\n<span class=\"wpcf7-form-control-wrap\" data-name=\"email\"><input size=\"40\" maxlength=\"400\" class=\"wpcf7-form-control wpcf7-email wpcf7-validates-as-required wpcf7-text wpcf7-validates-as-email\" aria-required=\"true\" aria-invalid=\"false\" value=\"\" type=\"email\" name=\"email\" \/><\/span><\/label>\n\t<\/p>\n\t<p><label class=\"form-row form-row-last\">Telefon<br \/>\n<span class=\"wpcf7-form-control-wrap\" data-name=\"telefon\"><input size=\"40\" maxlength=\"400\" class=\"wpcf7-form-control wpcf7-tel wpcf7-validates-as-required wpcf7-text wpcf7-validates-as-tel\" aria-required=\"true\" aria-invalid=\"false\" value=\"\" type=\"tel\" name=\"telefon\" \/><\/span><\/label>\n\t<\/p>\n\t<div class=\"clear\">\n\t<\/div>\n<\/div>\n<div>\n\t<p><label>Vrsta dejavnosti<br \/>\n<span class=\"wpcf7-form-control-wrap\" data-name=\"dejavnost\"><select class=\"wpcf7-form-control wpcf7-select wpcf7-validates-as-required\" aria-required=\"true\" aria-invalid=\"false\" name=\"dejavnost\"><option value=\"Servis\">Servis<\/option><option value=\"Trgovina\">Trgovina<\/option><option value=\"Pralnica\">Pralnica<\/option><\/select><\/span><\/label>\n\t<\/p>\n<\/div>\n<p><label>Dodatne informacije<br \/>\n<span class=\"wpcf7-form-control-wrap\" data-name=\"dodatno\"><textarea cols=\"40\" rows=\"10\" maxlength=\"2000\" class=\"wpcf7-form-control wpcf7-textarea\" aria-invalid=\"false\" name=\"dodatno\"><\/textarea><\/span><\/label>\n<\/p>\n<p><input class=\"wpcf7-form-control wpcf7-submit has-spinner\" type=\"submit\" value=\"Po\u0161lji\" \/>\n<\/p><div class=\"wpcf7-response-output\" aria-hidden=\"true\"><\/div>\n<input type=\"hidden\" name=\"trp-form-language\" value=\"hr\"\/><\/form>\n<\/div>\n\n\n\n\n<h2 class=\"wp-block-heading\">Veselimo se sodelovanja<\/h2>\n\n\n\n<p>Gradimo dolgoro\u010dna partnerstva.<br>\u010ce i\u0161\u010dete zanesljivega dobavitelja, ki razume va\u0161e potrebe in se hitro odzove, smo tu za vas.<\/p>\n\n\n\n<p><\/p>","protected":false},"excerpt":{"rendered":"<p>Postanite na\u0161 partner Sodelujemo s servisi, trgovinami, avtopralnicami in drugimi poslovnimi kupci.Na\u0161im partnerjem omogo\u010damo zanesljivo dobavo ter konkuren\u010dne cene. Kot poslovni partner pridobite: Kako poteka sodelovanje Prijavni obrazec Veselimo se sodelovanja Gradimo dolgoro\u010dna partnerstva.\u010ce i\u0161\u010dete zanesljivega dobavitelja, ki razume va\u0161e potrebe in se hitro odzove, smo tu za vas.<\/p>","protected":false},"author":1,"featured_media":0,"parent":0,"menu_order":0,"comment_status":"closed","ping_status":"closed","template":"","meta":{"_uag_custom_page_level_css":"","footnotes":""},"class_list":["post-18232","page","type-page","status-publish","hentry"],"uagb_featured_image_src":{"full":false,"thumbnail":false,"medium":false,"medium_large":false,"large":false,"1536x1536":false,"2048x2048":false,"trp-custom-language-flag":false,"woocommerce_thumbnail":false,"woocommerce_single":false,"woocommerce_gallery_thumbnail":false},"uagb_author_info":{"display_name":"sergey","author_link":"https:\/\/optimate.si\/hr\/author\/sergey\/"},"uagb_comment_info":0,"uagb_excerpt":"Postanite na\u0161 partner Sodelujemo s servisi, trgovinami, avtopralnicami in drugimi poslovnimi kupci.Na\u0161im partnerjem omogo\u010damo zanesljivo dobavo ter konkuren\u010dne cene. Kot poslovni partner pridobite: Kako poteka sodelovanje Prijavni obrazec Veselimo se sodelovanja Gradimo dolgoro\u010dna partnerstva.\u010ce i\u0161\u010dete zanesljivega dobavitelja, ki razume va\u0161e potrebe in se hitro odzove, smo tu za vas.","_links":{"self":[{"href":"https:\/\/optimate.si\/hr\/wp-json\/wp\/v2\/pages\/18232","targetHints":{"allow":["GET"]}}],"collection":[{"href":"https:\/\/optimate.si\/hr\/wp-json\/wp\/v2\/pages"}],"about":[{"href":"https:\/\/optimate.si\/hr\/wp-json\/wp\/v2\/types\/page"}],"author":[{"embeddable":true,"href":"https:\/\/optimate.si\/hr\/wp-json\/wp\/v2\/users\/1"}],"replies":[{"embeddable":true,"href":"https:\/\/optimate.si\/hr\/wp-json\/wp\/v2\/comments?post=18232"}],"version-history":[{"count":19,"href":"https:\/\/optimate.si\/hr\/wp-json\/wp\/v2\/pages\/18232\/revisions"}],"predecessor-version":[{"id":29531,"href":"https:\/\/optimate.si\/hr\/wp-json\/wp\/v2\/pages\/18232\/revisions\/29531"}],"wp:attachment":[{"href":"https:\/\/optimate.si\/hr\/wp-json\/wp\/v2\/media?parent=18232"}],"curies":[{"name":"wp","href":"https:\/\/api.w.org\/{rel}","templated":true}]}}