{"id":8461,"date":"2026-01-27T09:20:22","date_gmt":"2026-01-27T08:20:22","guid":{"rendered":"https:\/\/optimate.si\/?page_id=8461"},"modified":"2026-02-17T15:17:08","modified_gmt":"2026-02-17T14:17:08","slug":"kontakti","status":"publish","type":"page","link":"https:\/\/optimate.si\/hr\/kontakti\/","title":{"rendered":"Kontakti"},"content":{"rendered":"<p><strong>Ne odla\u0161ajte in stopite v stik z nami!<\/strong><br>Z veseljem vam pomagamo, svetujemo in hitro odpravimo morebitne te\u017eave!<\/p>\n\n\n\n<p><strong>Tu smo za vas:<\/strong><\/p>\n\n\n\n<ul class=\"wp-block-list\">\n<li>po elektronski po\u0161ti: <a href=\"mailto:info@optimate.si\">info@optimate.si<\/a><\/li>\n\n\n\n<li>po telefonu: <a href=\"tel:38670545692\">+386 70 545 692<\/a><\/li>\n<\/ul>\n\n\n\n<p>Obratovalni \u010das e-trgovine je neprekinjen.<\/p>\n\n\n\n<p><strong>Naslov:<\/strong><br>Poslovna cona A10,<br>4208 \u0160en\u010dur<br>Slovenija<\/p>\n\n\n\n<p><strong>Optimate Prodaja<\/strong><br>Mati\u010dna \u0161t: 8777926000<br>ID za DDV: SI 86819089<\/p>\n\n\n\n<p><\/p>","protected":false},"excerpt":{"rendered":"<p>Ne odla\u0161ajte in stopite v stik z nami!Z veseljem vam pomagamo, svetujemo in hitro odpravimo morebitne te\u017eave! Tu smo za vas: Obratovalni \u010das e-trgovine je neprekinjen. Naslov:Poslovna cona A10,4208 \u0160en\u010durSlovenija Optimate ProdajaMati\u010dna \u0161t: 8777926000ID za DDV: SI 86819089<\/p>","protected":false},"author":2,"featured_media":0,"parent":0,"menu_order":0,"comment_status":"closed","ping_status":"closed","template":"","meta":{"_uag_custom_page_level_css":"","footnotes":""},"class_list":["post-8461","page","type-page","status-publish","hentry"],"uagb_featured_image_src":{"full":false,"thumbnail":false,"medium":false,"medium_large":false,"large":false,"1536x1536":false,"2048x2048":false,"trp-custom-language-flag":false,"woocommerce_thumbnail":false,"woocommerce_single":false,"woocommerce_gallery_thumbnail":false},"uagb_author_info":{"display_name":"Alexander Dev","author_link":"https:\/\/optimate.si\/hr\/author\/alex\/"},"uagb_comment_info":0,"uagb_excerpt":"Ne odla\u0161ajte in stopite v stik z nami!Z veseljem vam pomagamo, svetujemo in hitro odpravimo morebitne te\u017eave! Tu smo za vas: Obratovalni \u010das e-trgovine je neprekinjen. Naslov:Poslovna cona A10,4208 \u0160en\u010durSlovenija Optimate ProdajaMati\u010dna \u0161t: 8777926000ID za DDV: SI 86819089","_links":{"self":[{"href":"https:\/\/optimate.si\/hr\/wp-json\/wp\/v2\/pages\/8461","targetHints":{"allow":["GET"]}}],"collection":[{"href":"https:\/\/optimate.si\/hr\/wp-json\/wp\/v2\/pages"}],"about":[{"href":"https:\/\/optimate.si\/hr\/wp-json\/wp\/v2\/types\/page"}],"author":[{"embeddable":true,"href":"https:\/\/optimate.si\/hr\/wp-json\/wp\/v2\/users\/2"}],"replies":[{"embeddable":true,"href":"https:\/\/optimate.si\/hr\/wp-json\/wp\/v2\/comments?post=8461"}],"version-history":[{"count":4,"href":"https:\/\/optimate.si\/hr\/wp-json\/wp\/v2\/pages\/8461\/revisions"}],"predecessor-version":[{"id":18141,"href":"https:\/\/optimate.si\/hr\/wp-json\/wp\/v2\/pages\/8461\/revisions\/18141"}],"wp:attachment":[{"href":"https:\/\/optimate.si\/hr\/wp-json\/wp\/v2\/media?parent=8461"}],"curies":[{"name":"wp","href":"https:\/\/api.w.org\/{rel}","templated":true}]}}