{"id":8965,"date":"2026-02-01T18:25:21","date_gmt":"2026-02-01T17:25:21","guid":{"rendered":"https:\/\/optimate.si\/?page_id=8965"},"modified":"2026-02-17T16:56:22","modified_gmt":"2026-02-17T15:56:22","slug":"dostava-in-placilo","status":"publish","type":"page","link":"https:\/\/optimate.si\/hr\/dostava-in-placilo\/","title":{"rendered":"Dostava in pla\u010dilo"},"content":{"rendered":"<div class=\"wp-block-columns is-layout-flex wp-container-core-columns-is-layout-28f84493 wp-block-columns-is-layout-flex\">\n<div class=\"wp-block-column is-layout-flow wp-block-column-is-layout-flow\">\n<h4 class=\"wp-block-heading\"><strong>Dostava in pla\u010dilo za B2C kupce<\/strong><\/h4>\n\n\n\n<p><strong>Kako pri nas izberete dostavo in koliko zna\u0161a:<\/strong><\/p>\n\n\n\n<ul class=\"wp-block-list\">\n<li>Kurirska dostava &#8211; <strong>2.99 \u20ac<\/strong><\/li>\n\n\n\n<li>DOSTAVA JE BREZPLA\u010cNA za vsa naro\u010dila nad <strong>30 \u20ac<\/strong><\/li>\n<\/ul>\n\n\n\n<p><strong>Kak\u0161ne so mo\u017enosti pla\u010dila:<\/strong><\/p>\n\n\n\n<ul class=\"wp-block-list\">\n<li> Kreditna kartica<\/li>\n\n\n\n<li>Pla\u010dilo po predra\u010dunu(nakazilo na TRR)<\/li>\n\n\n\n<li>Pla\u010dilo po povzetju<\/li>\n<\/ul>\n\n\n\n<p><strong>Podrobnej\u0161e informacije o dostav<\/strong>i:<br>Blago je dostavljeno neposredno na va\u0161 naslov.<br>O odpremi naro\u010dila vas bomo obvestili preko e-sporo\u010dila, kjer boste na\u0161li tudi sledilno \u0161tevilko po\u0161iljke.<br>Kurir vas bo pred dostavo poklical na izbrano \u0161tevilko.<br>\u010ce ste izbrali pla\u010dilo po povzetju, ga lahko izvedete v gotovini ali s kartico.<\/p>\n<\/div>\n\n\n\n<div class=\"wp-block-column is-layout-flow wp-block-column-is-layout-flow\">\n<h4 class=\"wp-block-heading\"><strong>Dostava in pla\u010dilo za B2B kupce<\/strong><\/h4>\n\n\n\n<p><strong>Kako pri nas izberete dostavo in koliko zna\u0161a:<\/strong><\/p>\n\n\n\n<ul class=\"wp-block-list\">\n<li>Kurirska dostava &#8211; <strong>6.50 \u20ac<\/strong><\/li>\n\n\n\n<li>DOSTAVA JE BREZPLA\u010cNA za vsa naro\u010dila nad <strong>100 \u20ac<\/strong><\/li>\n<\/ul>\n\n\n\n<p><strong>Kak\u0161ne so mo\u017enosti pla\u010dila:<\/strong><\/p>\n\n\n\n<ul class=\"wp-block-list\">\n<li>Pla\u010dilo po predra\u010dunu(nakazilo na TRR)<\/li>\n\n\n\n<li>Kreditna kartica<\/li>\n\n\n\n<li>Za redne poslovne partnerje po dogovoru omogo\u010damo odlo\u017eeno pla\u010dilo.<\/li>\n<\/ul>\n\n\n\n<p><\/p>\n\n\n\n<p><\/p>\n<\/div>\n<\/div>","protected":false},"excerpt":{"rendered":"<p>Dostava in pla\u010dilo za B2C kupce Kako pri nas izberete dostavo in koliko zna\u0161a: Kak\u0161ne so mo\u017enosti pla\u010dila: Podrobnej\u0161e informacije o dostavi:Blago je dostavljeno neposredno na va\u0161 naslov.O odpremi naro\u010dila vas bomo obvestili preko e-sporo\u010dila, kjer boste na\u0161li tudi sledilno \u0161tevilko po\u0161iljke.Kurir vas bo pred dostavo poklical na izbrano \u0161tevilko.\u010ce ste izbrali pla\u010dilo po povzetju, [&hellip;]<\/p>\n","protected":false},"author":2,"featured_media":0,"parent":0,"menu_order":0,"comment_status":"closed","ping_status":"closed","template":"","meta":{"_uag_custom_page_level_css":"","footnotes":""},"class_list":["post-8965","page","type-page","status-publish","hentry"],"uagb_featured_image_src":{"full":false,"thumbnail":false,"medium":false,"medium_large":false,"large":false,"1536x1536":false,"2048x2048":false,"trp-custom-language-flag":false,"woocommerce_thumbnail":false,"woocommerce_single":false,"woocommerce_gallery_thumbnail":false},"uagb_author_info":{"display_name":"Alexander Dev","author_link":"https:\/\/optimate.si\/hr\/author\/alex\/"},"uagb_comment_info":0,"uagb_excerpt":"Dostava in pla\u010dilo za B2C kupce Kako pri nas izberete dostavo in koliko zna\u0161a: Kak\u0161ne so mo\u017enosti pla\u010dila: Podrobnej\u0161e informacije o dostavi:Blago je dostavljeno neposredno na va\u0161 naslov.O odpremi naro\u010dila vas bomo obvestili preko e-sporo\u010dila, kjer boste na\u0161li tudi sledilno \u0161tevilko po\u0161iljke.Kurir vas bo pred dostavo poklical na izbrano \u0161tevilko.\u010ce ste izbrali pla\u010dilo po povzetju,&hellip;","_links":{"self":[{"href":"https:\/\/optimate.si\/hr\/wp-json\/wp\/v2\/pages\/8965","targetHints":{"allow":["GET"]}}],"collection":[{"href":"https:\/\/optimate.si\/hr\/wp-json\/wp\/v2\/pages"}],"about":[{"href":"https:\/\/optimate.si\/hr\/wp-json\/wp\/v2\/types\/page"}],"author":[{"embeddable":true,"href":"https:\/\/optimate.si\/hr\/wp-json\/wp\/v2\/users\/2"}],"replies":[{"embeddable":true,"href":"https:\/\/optimate.si\/hr\/wp-json\/wp\/v2\/comments?post=8965"}],"version-history":[{"count":4,"href":"https:\/\/optimate.si\/hr\/wp-json\/wp\/v2\/pages\/8965\/revisions"}],"predecessor-version":[{"id":18219,"href":"https:\/\/optimate.si\/hr\/wp-json\/wp\/v2\/pages\/8965\/revisions\/18219"}],"wp:attachment":[{"href":"https:\/\/optimate.si\/hr\/wp-json\/wp\/v2\/media?parent=8965"}],"curies":[{"name":"wp","href":"https:\/\/api.w.org\/{rel}","templated":true}]}}