{"id":1019,"date":"2025-12-07T23:59:23","date_gmt":"2025-12-07T22:59:23","guid":{"rendered":"https:\/\/optimate.si\/product\/deco-blik-barva-v-razprsilu-ral-9999-varnish-transparent-lacquer-matt-400ml\/"},"modified":"2026-03-31T17:41:14","modified_gmt":"2026-03-31T15:41:14","slug":"055deco-blik-barva-v-razprsilu-ral-9999-varnish-transparent-lacquer-matt-400ml","status":"publish","type":"product","link":"https:\/\/optimate.si\/hr\/product\/055deco-blik-barva-v-razprsilu-ral-9999-varnish-transparent-lacquer-matt-400ml\/","title":{"rendered":"DECO BLIK  RAL 9999 Varnish transparent (lacquer) matt 400ml"},"content":{"rendered":"<p>DECO BLIK Univerzalna, hitro su\u0161e\u010da se barva za uporabo na notranjih in zunanjih povr\u0161inah. Popolnoma prekriva kovinske, lesene, steklene in plasti\u010dne povr\u0161ine. DECOBLIK lahko izbirate po RAL lestvici.<\/p>\n<p>Na voljo v 400ml pakiranju.<\/p>\n<p>\u0160t. v kartonu 12<\/p>\n<p><\/p>\n<p><a target=\"_blank\" rel=\"noopener noreferrer nofollow\" href=\"https:\/\/my.chemius.net\/v2\/ch\/products\/overview\/75706\/sds\/view\">MSDS<\/a><\/p>\n<p>\u0160ifra izdelka: 03438<\/p>","protected":false},"excerpt":{"rendered":"<p>DECO BLIK Univerzalna, hitro su\u0161e\u010da se barva za uporabo na notranjih in zunanjih povr\u0161inah<\/p>","protected":false},"featured_media":29435,"comment_status":"open","ping_status":"closed","template":"","meta":{"_uag_custom_page_level_css":""},"product_brand":[],"product_cat":[39],"product_tag":[],"class_list":{"0":"post-1019","1":"product","2":"type-product","3":"status-publish","4":"has-post-thumbnail","6":"product_cat-posebne-barve","8":"first","9":"instock","10":"taxable","11":"shipping-taxable","12":"purchasable","13":"product-type-simple"},"uagb_featured_image_src":{"full":["https:\/\/optimate.si\/wp-content\/uploads\/2026\/03\/4d5d0dd8-9.jpg",1600,1600,false],"thumbnail":["https:\/\/optimate.si\/wp-content\/uploads\/2026\/03\/4d5d0dd8-9-150x150.jpg",150,150,true],"medium":["https:\/\/optimate.si\/wp-content\/uploads\/2026\/03\/4d5d0dd8-9-300x300.jpg",300,300,true],"medium_large":["https:\/\/optimate.si\/wp-content\/uploads\/2026\/03\/4d5d0dd8-9-768x768.jpg",768,768,true],"large":["https:\/\/optimate.si\/wp-content\/uploads\/2026\/03\/4d5d0dd8-9-1024x1024.jpg",980,980,true],"1536x1536":["https:\/\/optimate.si\/wp-content\/uploads\/2026\/03\/4d5d0dd8-9-1536x1536.jpg",1536,1536,true],"2048x2048":["https:\/\/optimate.si\/wp-content\/uploads\/2026\/03\/4d5d0dd8-9.jpg",1600,1600,false],"trp-custom-language-flag":["https:\/\/optimate.si\/wp-content\/uploads\/2026\/03\/4d5d0dd8-9.jpg",12,12,false],"woocommerce_thumbnail":["https:\/\/optimate.si\/wp-content\/uploads\/2026\/03\/4d5d0dd8-9-324x389.jpg",324,389,true],"woocommerce_single":["https:\/\/optimate.si\/wp-content\/uploads\/2026\/03\/4d5d0dd8-9-416x416.jpg",416,416,true],"woocommerce_gallery_thumbnail":["https:\/\/optimate.si\/wp-content\/uploads\/2026\/03\/4d5d0dd8-9-100x100.jpg",100,100,true]},"uagb_author_info":{"display_name":"sergey","author_link":"https:\/\/optimate.si\/hr\/author\/"},"uagb_comment_info":0,"uagb_excerpt":"DECO BLIK Univerzalna, hitro su\u0161e\u010da se barva za uporabo na notranjih in zunanjih povr\u0161inah","_links":{"self":[{"href":"https:\/\/optimate.si\/hr\/wp-json\/wp\/v2\/product\/1019","targetHints":{"allow":["GET"]}}],"collection":[{"href":"https:\/\/optimate.si\/hr\/wp-json\/wp\/v2\/product"}],"about":[{"href":"https:\/\/optimate.si\/hr\/wp-json\/wp\/v2\/types\/product"}],"replies":[{"embeddable":true,"href":"https:\/\/optimate.si\/hr\/wp-json\/wp\/v2\/comments?post=1019"}],"wp:featuredmedia":[{"embeddable":true,"href":"https:\/\/optimate.si\/hr\/wp-json\/wp\/v2\/media\/29435"}],"wp:attachment":[{"href":"https:\/\/optimate.si\/hr\/wp-json\/wp\/v2\/media?parent=1019"}],"wp:term":[{"taxonomy":"product_brand","embeddable":true,"href":"https:\/\/optimate.si\/hr\/wp-json\/wp\/v2\/product_brand?post=1019"},{"taxonomy":"product_cat","embeddable":true,"href":"https:\/\/optimate.si\/hr\/wp-json\/wp\/v2\/product_cat?post=1019"},{"taxonomy":"product_tag","embeddable":true,"href":"https:\/\/optimate.si\/hr\/wp-json\/wp\/v2\/product_tag?post=1019"}],"curies":[{"name":"wp","href":"https:\/\/api.w.org\/{rel}","templated":true}]}}