{"id":105,"date":"2025-12-07T23:43:08","date_gmt":"2025-12-07T22:43:08","guid":{"rendered":"https:\/\/optimate.si\/product\/zollex-krpa-iz-mikrovlaken-siva\/"},"modified":"2026-05-05T14:41:04","modified_gmt":"2026-05-05T12:41:04","slug":"040zollex-krpa-iz-mikrovlaken-siva","status":"publish","type":"product","link":"https:\/\/optimate.si\/hr\/product\/040zollex-krpa-iz-mikrovlaken-siva\/","title":{"rendered":"Krpa iz mikrovlaken"},"content":{"rendered":"<h3>Profesionalno \u010di\u0161\u010denje<\/h3>\n<p>Zollex <strong>mikrovlaknene krpe 40\u00d740 cm<\/strong> so zasnovane za u\u010dinkovito <strong>\u010di\u0161\u010denje povr\u0161in<\/strong>. Mikrovlakna ujamejo prah in umazanijo.<\/p>\n<hr>\n<h3>Klju\u010dne lastnosti<\/h3>\n<p>\u2022 Velikost: <strong>40 \u00d7 40 cm<\/strong><br \/>\u2022 Gostota: <strong>300 GSM<\/strong><br \/>\u2022 Ne pu\u0161\u010da vlaken ali prask<br \/>\u2022 Varno za lak, steklo, plastiko in krom<br \/>\u2022 Pralne in ve\u010dkrat uporabne<\/p>\n<hr>\n<h3>Uporaba<\/h3>\n<ol>\n<li>\n<p>Uporabite suho ali rahlo vla\u017eno krpo.<\/p>\n<\/li>\n<li>\n<p>Obri\u0161ite povr\u0161ino za odstranjevanje umazanije.<\/p>\n<\/p>\n<\/li>\n<\/ol>\n<p>Primerno za <strong>notranjost (plastika, zasloni, usnje)<\/strong> in <strong>zunanjost (lak, steklo, plati\u0161\u010da)<\/strong>.<\/p>\n<p>\u0160ifra izdelka: 00191<\/p>","protected":false},"excerpt":{"rendered":"<p>Mikrovlaknena krpa 40cm\u00d740cm za u\u010dinkovito \u010di\u0161\u010denje in poliranje brez prask. <\/p>","protected":false},"featured_media":32143,"comment_status":"open","ping_status":"closed","template":"","meta":{"_uag_custom_page_level_css":""},"product_brand":[],"product_cat":[20],"product_tag":[],"class_list":{"0":"post-105","1":"product","2":"type-product","3":"status-publish","4":"has-post-thumbnail","6":"product_cat-040-krpe","8":"first","9":"instock","10":"taxable","11":"shipping-taxable","12":"purchasable","13":"product-type-simple"},"uagb_featured_image_src":{"full":["https:\/\/optimate.si\/wp-content\/uploads\/2026\/05\/5b70b0d6.jpg",1024,1024,false],"thumbnail":["https:\/\/optimate.si\/wp-content\/uploads\/2026\/05\/5b70b0d6-150x150.jpg",150,150,true],"medium":["https:\/\/optimate.si\/wp-content\/uploads\/2026\/05\/5b70b0d6-300x300.jpg",300,300,true],"medium_large":["https:\/\/optimate.si\/wp-content\/uploads\/2026\/05\/5b70b0d6-768x768.jpg",768,768,true],"large":["https:\/\/optimate.si\/wp-content\/uploads\/2026\/05\/5b70b0d6.jpg",980,980,false],"1536x1536":["https:\/\/optimate.si\/wp-content\/uploads\/2026\/05\/5b70b0d6.jpg",1024,1024,false],"2048x2048":["https:\/\/optimate.si\/wp-content\/uploads\/2026\/05\/5b70b0d6.jpg",1024,1024,false],"trp-custom-language-flag":["https:\/\/optimate.si\/wp-content\/uploads\/2026\/05\/5b70b0d6-12x12.jpg",12,12,true],"woocommerce_thumbnail":["https:\/\/optimate.si\/wp-content\/uploads\/2026\/05\/5b70b0d6-324x389.jpg",324,389,true],"woocommerce_single":["https:\/\/optimate.si\/wp-content\/uploads\/2026\/05\/5b70b0d6-416x416.jpg",416,416,true],"woocommerce_gallery_thumbnail":["https:\/\/optimate.si\/wp-content\/uploads\/2026\/05\/5b70b0d6-100x100.jpg",100,100,true]},"uagb_author_info":{"display_name":"sergey","author_link":"https:\/\/optimate.si\/hr\/author\/"},"uagb_comment_info":1,"uagb_excerpt":"Mikrovlaknena krpa 40cm\u00d740cm za u\u010dinkovito \u010di\u0161\u010denje in poliranje brez prask.","_links":{"self":[{"href":"https:\/\/optimate.si\/hr\/wp-json\/wp\/v2\/product\/105","targetHints":{"allow":["GET"]}}],"collection":[{"href":"https:\/\/optimate.si\/hr\/wp-json\/wp\/v2\/product"}],"about":[{"href":"https:\/\/optimate.si\/hr\/wp-json\/wp\/v2\/types\/product"}],"replies":[{"embeddable":true,"href":"https:\/\/optimate.si\/hr\/wp-json\/wp\/v2\/comments?post=105"}],"wp:featuredmedia":[{"embeddable":true,"href":"https:\/\/optimate.si\/hr\/wp-json\/wp\/v2\/media\/32143"}],"wp:attachment":[{"href":"https:\/\/optimate.si\/hr\/wp-json\/wp\/v2\/media?parent=105"}],"wp:term":[{"taxonomy":"product_brand","embeddable":true,"href":"https:\/\/optimate.si\/hr\/wp-json\/wp\/v2\/product_brand?post=105"},{"taxonomy":"product_cat","embeddable":true,"href":"https:\/\/optimate.si\/hr\/wp-json\/wp\/v2\/product_cat?post=105"},{"taxonomy":"product_tag","embeddable":true,"href":"https:\/\/optimate.si\/hr\/wp-json\/wp\/v2\/product_tag?post=105"}],"curies":[{"name":"wp","href":"https:\/\/api.w.org\/{rel}","templated":true}]}}