{"id":1055,"date":"2025-12-07T23:59:49","date_gmt":"2025-12-07T22:59:49","guid":{"rendered":"https:\/\/optimate.si\/product\/zollex-metlica-brisalca-un9-450\/"},"modified":"2026-05-05T14:44:37","modified_gmt":"2026-05-05T12:44:37","slug":"zollex-metlica-brisalca-un9-450","status":"publish","type":"product","link":"https:\/\/optimate.si\/hr\/product\/zollex-metlica-brisalca-un9-450\/","title":{"rendered":"TitanBlade brisalec UN9-450 mm"},"content":{"rendered":"<p><a target=\"_blank\" href=\"https:\/\/assets.optimate.si\/products-catalogs\/1fac155a.pdf\">Katalog<\/a><br \/><a target=\"_blank\" href=\"https:\/\/optimate.si\/hr\/navodila-za-brisalce\/\">Navodila za namestitev<\/a><\/p>\n<p>Namestitev v manj kot 1 minuti<\/p>\n<p>Tanka aerodinami\u010dna zasnova zmanj\u0161uje hrup vetra in zagotavlja stabilno brisanje tudi pri vi\u0161jih hitrostih. Metlica enakomerno pritiska po celotni dol\u017eini, zato u\u010dinkovito odstranjuje vodo in umazanijo ter zagotavlja dobro vidljivost v vseh vremenskih razmerah.<\/p>\n<p>Prilagodljiv okvir se dobro prilega tudi <strong>ukrivljenim vetrobranskim steklom<\/strong>, zato brisanje ostane enakomerno brez sledi.<\/p>\n<hr>\n<p><strong>Klju\u010dne lastnosti<\/strong><\/p>\n<p>\u2022 11 adapterjev \u2013 primerno za 99 % vozil<br \/>\u2022 grafitna guma za tiho in gladko brisanje<br \/>\u2022 enakomeren pritisk po celotni dol\u017eini metlice<br \/>\u2022 odporna na temperature od \u201340 \u00b0C do +80 \u00b0C<br \/>\u2022 materiali odporni na UV in vremenske vplive<\/p>\n<p><\/p>\n<p>\u0160ifra izdelka: 03480<\/p>","protected":false},"excerpt":{"rendered":"<p>Univerzalna metlica brisalca za jasno vidljivost z dolgo \u017eivljenjsko dobo.<\/p>","protected":false},"featured_media":32287,"comment_status":"open","ping_status":"closed","template":"","meta":{"_uag_custom_page_level_css":""},"product_brand":[],"product_cat":[35],"product_tag":[],"class_list":{"0":"post-1055","1":"product","2":"type-product","3":"status-publish","4":"has-post-thumbnail","6":"product_cat-01-univerzalni","8":"first","9":"instock","10":"taxable","11":"shipping-taxable","12":"purchasable","13":"product-type-simple"},"uagb_featured_image_src":{"full":["https:\/\/optimate.si\/wp-content\/uploads\/2026\/05\/c0c53419-14.jpg",1024,1024,false],"thumbnail":["https:\/\/optimate.si\/wp-content\/uploads\/2026\/05\/c0c53419-14-150x150.jpg",150,150,true],"medium":["https:\/\/optimate.si\/wp-content\/uploads\/2026\/05\/c0c53419-14-300x300.jpg",300,300,true],"medium_large":["https:\/\/optimate.si\/wp-content\/uploads\/2026\/05\/c0c53419-14-768x768.jpg",768,768,true],"large":["https:\/\/optimate.si\/wp-content\/uploads\/2026\/05\/c0c53419-14.jpg",980,980,false],"1536x1536":["https:\/\/optimate.si\/wp-content\/uploads\/2026\/05\/c0c53419-14.jpg",1024,1024,false],"2048x2048":["https:\/\/optimate.si\/wp-content\/uploads\/2026\/05\/c0c53419-14.jpg",1024,1024,false],"trp-custom-language-flag":["https:\/\/optimate.si\/wp-content\/uploads\/2026\/05\/c0c53419-14-12x12.jpg",12,12,true],"woocommerce_thumbnail":["https:\/\/optimate.si\/wp-content\/uploads\/2026\/05\/c0c53419-14-324x389.jpg",324,389,true],"woocommerce_single":["https:\/\/optimate.si\/wp-content\/uploads\/2026\/05\/c0c53419-14-416x416.jpg",416,416,true],"woocommerce_gallery_thumbnail":["https:\/\/optimate.si\/wp-content\/uploads\/2026\/05\/c0c53419-14-100x100.jpg",100,100,true]},"uagb_author_info":{"display_name":"sergey","author_link":"https:\/\/optimate.si\/hr\/author\/"},"uagb_comment_info":1,"uagb_excerpt":"Univerzalna metlica brisalca za jasno vidljivost z dolgo \u017eivljenjsko dobo.","_links":{"self":[{"href":"https:\/\/optimate.si\/hr\/wp-json\/wp\/v2\/product\/1055","targetHints":{"allow":["GET"]}}],"collection":[{"href":"https:\/\/optimate.si\/hr\/wp-json\/wp\/v2\/product"}],"about":[{"href":"https:\/\/optimate.si\/hr\/wp-json\/wp\/v2\/types\/product"}],"replies":[{"embeddable":true,"href":"https:\/\/optimate.si\/hr\/wp-json\/wp\/v2\/comments?post=1055"}],"wp:featuredmedia":[{"embeddable":true,"href":"https:\/\/optimate.si\/hr\/wp-json\/wp\/v2\/media\/32287"}],"wp:attachment":[{"href":"https:\/\/optimate.si\/hr\/wp-json\/wp\/v2\/media?parent=1055"}],"wp:term":[{"taxonomy":"product_brand","embeddable":true,"href":"https:\/\/optimate.si\/hr\/wp-json\/wp\/v2\/product_brand?post=1055"},{"taxonomy":"product_cat","embeddable":true,"href":"https:\/\/optimate.si\/hr\/wp-json\/wp\/v2\/product_cat?post=1055"},{"taxonomy":"product_tag","embeddable":true,"href":"https:\/\/optimate.si\/hr\/wp-json\/wp\/v2\/product_tag?post=1055"}],"curies":[{"name":"wp","href":"https:\/\/api.w.org\/{rel}","templated":true}]}}