{"id":1147,"date":"2025-12-08T00:01:17","date_gmt":"2025-12-07T23:01:17","guid":{"rendered":"https:\/\/optimate.si\/product\/zollex-univerzalni-cistilni-robcki-wp-32-3016-30kos\/"},"modified":"2026-04-22T15:31:37","modified_gmt":"2026-04-22T13:31:37","slug":"zollex-univerzalni-cistilni-robcki-wp-32-3016-30kos","status":"publish","type":"product","link":"https:\/\/optimate.si\/hr\/product\/zollex-univerzalni-cistilni-robcki-wp-32-3016-30kos\/","title":{"rendered":"Univerzalni \u010distilni rob\u010dki WP-32 30*16 (30kos)"},"content":{"rendered":"<p>ZOLLEX Univerzalni \u010distilni rob\u010dki so enostavni za uporabu, o\u010distijo, obnovijo in za\u0161\u010ditjo lesene, plasti\u010dne kovinske in tekstilne povr\u0161ine. Imajo antistati\u010den u\u010dinek ter so iz visokokakovostnega impregniranega tekstila.<br \/>Dimenzije: 26 ? 17 cm<br \/>Na voljo v pakiranju po 30kos.<\/p>\n<p><\/p>\n<p>\u0160ifra izdelka: 03745<\/p>","protected":false},"excerpt":{"rendered":"<p>ZOLLEX Univerzalni \u010distilni rob\u010dki so enostavni za uporabu, o\u010distijo, obnovijo in za\u0161\u010ditjo lesene, plasti\u010dne kovinske in tekstilne povr\u0161ine<\/p>","protected":false},"featured_media":31448,"comment_status":"open","ping_status":"closed","template":"","meta":{"_uag_custom_page_level_css":""},"product_brand":[],"product_cat":[28],"product_tag":[],"class_list":{"0":"post-1147","1":"product","2":"type-product","3":"status-publish","4":"has-post-thumbnail","6":"product_cat-020-robcki","8":"first","9":"instock","10":"taxable","11":"shipping-taxable","12":"purchasable","13":"product-type-simple"},"uagb_featured_image_src":{"full":["https:\/\/optimate.si\/wp-content\/uploads\/2026\/04\/9864fa0f-9.jpg",796,600,false],"thumbnail":["https:\/\/optimate.si\/wp-content\/uploads\/2026\/04\/9864fa0f-9-150x150.jpg",150,150,true],"medium":["https:\/\/optimate.si\/wp-content\/uploads\/2026\/04\/9864fa0f-9-300x226.jpg",300,226,true],"medium_large":["https:\/\/optimate.si\/wp-content\/uploads\/2026\/04\/9864fa0f-9-768x579.jpg",768,579,true],"large":["https:\/\/optimate.si\/wp-content\/uploads\/2026\/04\/9864fa0f-9.jpg",796,600,false],"1536x1536":["https:\/\/optimate.si\/wp-content\/uploads\/2026\/04\/9864fa0f-9.jpg",796,600,false],"2048x2048":["https:\/\/optimate.si\/wp-content\/uploads\/2026\/04\/9864fa0f-9.jpg",796,600,false],"trp-custom-language-flag":["https:\/\/optimate.si\/wp-content\/uploads\/2026\/04\/9864fa0f-9.jpg",16,12,false],"woocommerce_thumbnail":["https:\/\/optimate.si\/wp-content\/uploads\/2026\/04\/9864fa0f-9-324x389.jpg",324,389,true],"woocommerce_single":["https:\/\/optimate.si\/wp-content\/uploads\/2026\/04\/9864fa0f-9-416x314.jpg",416,314,true],"woocommerce_gallery_thumbnail":["https:\/\/optimate.si\/wp-content\/uploads\/2026\/04\/9864fa0f-9-100x100.jpg",100,100,true]},"uagb_author_info":{"display_name":"sergey","author_link":"https:\/\/optimate.si\/hr\/author\/"},"uagb_comment_info":0,"uagb_excerpt":"ZOLLEX Univerzalni \u010distilni rob\u010dki so enostavni za uporabu, o\u010distijo, obnovijo in za\u0161\u010ditjo lesene, plasti\u010dne kovinske in tekstilne povr\u0161ine","_links":{"self":[{"href":"https:\/\/optimate.si\/hr\/wp-json\/wp\/v2\/product\/1147","targetHints":{"allow":["GET"]}}],"collection":[{"href":"https:\/\/optimate.si\/hr\/wp-json\/wp\/v2\/product"}],"about":[{"href":"https:\/\/optimate.si\/hr\/wp-json\/wp\/v2\/types\/product"}],"replies":[{"embeddable":true,"href":"https:\/\/optimate.si\/hr\/wp-json\/wp\/v2\/comments?post=1147"}],"wp:featuredmedia":[{"embeddable":true,"href":"https:\/\/optimate.si\/hr\/wp-json\/wp\/v2\/media\/31448"}],"wp:attachment":[{"href":"https:\/\/optimate.si\/hr\/wp-json\/wp\/v2\/media?parent=1147"}],"wp:term":[{"taxonomy":"product_brand","embeddable":true,"href":"https:\/\/optimate.si\/hr\/wp-json\/wp\/v2\/product_brand?post=1147"},{"taxonomy":"product_cat","embeddable":true,"href":"https:\/\/optimate.si\/hr\/wp-json\/wp\/v2\/product_cat?post=1147"},{"taxonomy":"product_tag","embeddable":true,"href":"https:\/\/optimate.si\/hr\/wp-json\/wp\/v2\/product_tag?post=1147"}],"curies":[{"name":"wp","href":"https:\/\/api.w.org\/{rel}","templated":true}]}}