{"id":1149,"date":"2025-12-08T00:01:18","date_gmt":"2025-12-07T23:01:18","guid":{"rendered":"https:\/\/optimate.si\/product\/zollex-cistilni-robcki-za-armaturo-wp-31-3016-30kos\/"},"modified":"2026-03-27T23:00:55","modified_gmt":"2026-03-27T22:00:55","slug":"zollex-cistilni-robcki-za-armaturo-wp-31-3016-30kos","status":"publish","type":"product","link":"https:\/\/optimate.si\/hr\/product\/zollex-cistilni-robcki-za-armaturo-wp-31-3016-30kos\/","title":{"rendered":"\u010cistilni rob\u010dki za armaturo WP-31 30*16 (30kos)"},"content":{"rendered":"<p>ZOLLEX \u010distilni rob\u010dki za armaturno plo\u0161\u010do so enostavna za uporabo. O\u010distijo, zlo\u0161\u010dijo, obnovijo in za\u0161\u010ditijo plasti\u010dno povr\u0161ino. Imajo antistati\u010den u\u010dinek ter so narejeni iz visokokakovostnega impregniranega tekstila.<br \/>Dimenzije: 26 x 17 cm;<br \/>Na voljo v pakiranju po 30kos.<\/p>\n<p>\u0160ifra izdelka: 03746<\/p>","protected":false},"excerpt":{"rendered":"<p>ZOLLEX \u010distilni rob\u010dki za armaturno plo\u0161\u010do so enostavna za uporabo<\/p>","protected":false},"featured_media":28575,"comment_status":"open","ping_status":"closed","template":"","meta":{"_uag_custom_page_level_css":""},"product_brand":[],"product_cat":[28],"product_tag":[],"class_list":{"0":"post-1149","1":"product","2":"type-product","3":"status-publish","4":"has-post-thumbnail","6":"product_cat-020-robcki","8":"first","9":"outofstock","10":"taxable","11":"shipping-taxable","12":"purchasable","13":"product-type-simple"},"uagb_featured_image_src":{"full":["https:\/\/optimate.si\/wp-content\/uploads\/2026\/03\/a153c0d0-3.jpg",796,600,false],"thumbnail":["https:\/\/optimate.si\/wp-content\/uploads\/2026\/03\/a153c0d0-3-150x150.jpg",150,150,true],"medium":["https:\/\/optimate.si\/wp-content\/uploads\/2026\/03\/a153c0d0-3-300x226.jpg",300,226,true],"medium_large":["https:\/\/optimate.si\/wp-content\/uploads\/2026\/03\/a153c0d0-3-768x579.jpg",768,579,true],"large":["https:\/\/optimate.si\/wp-content\/uploads\/2026\/03\/a153c0d0-3.jpg",796,600,false],"1536x1536":["https:\/\/optimate.si\/wp-content\/uploads\/2026\/03\/a153c0d0-3.jpg",796,600,false],"2048x2048":["https:\/\/optimate.si\/wp-content\/uploads\/2026\/03\/a153c0d0-3.jpg",796,600,false],"trp-custom-language-flag":["https:\/\/optimate.si\/wp-content\/uploads\/2026\/03\/a153c0d0-3.jpg",16,12,false],"woocommerce_thumbnail":["https:\/\/optimate.si\/wp-content\/uploads\/2026\/03\/a153c0d0-3-324x389.jpg",324,389,true],"woocommerce_single":["https:\/\/optimate.si\/wp-content\/uploads\/2026\/03\/a153c0d0-3-416x314.jpg",416,314,true],"woocommerce_gallery_thumbnail":["https:\/\/optimate.si\/wp-content\/uploads\/2026\/03\/a153c0d0-3-100x100.jpg",100,100,true]},"uagb_author_info":{"display_name":"sergey","author_link":"https:\/\/optimate.si\/hr\/author\/"},"uagb_comment_info":0,"uagb_excerpt":"ZOLLEX \u010distilni rob\u010dki za armaturno plo\u0161\u010do so enostavna za uporabo","_links":{"self":[{"href":"https:\/\/optimate.si\/hr\/wp-json\/wp\/v2\/product\/1149","targetHints":{"allow":["GET"]}}],"collection":[{"href":"https:\/\/optimate.si\/hr\/wp-json\/wp\/v2\/product"}],"about":[{"href":"https:\/\/optimate.si\/hr\/wp-json\/wp\/v2\/types\/product"}],"replies":[{"embeddable":true,"href":"https:\/\/optimate.si\/hr\/wp-json\/wp\/v2\/comments?post=1149"}],"wp:featuredmedia":[{"embeddable":true,"href":"https:\/\/optimate.si\/hr\/wp-json\/wp\/v2\/media\/28575"}],"wp:attachment":[{"href":"https:\/\/optimate.si\/hr\/wp-json\/wp\/v2\/media?parent=1149"}],"wp:term":[{"taxonomy":"product_brand","embeddable":true,"href":"https:\/\/optimate.si\/hr\/wp-json\/wp\/v2\/product_brand?post=1149"},{"taxonomy":"product_cat","embeddable":true,"href":"https:\/\/optimate.si\/hr\/wp-json\/wp\/v2\/product_cat?post=1149"},{"taxonomy":"product_tag","embeddable":true,"href":"https:\/\/optimate.si\/hr\/wp-json\/wp\/v2\/product_tag?post=1149"}],"curies":[{"name":"wp","href":"https:\/\/api.w.org\/{rel}","templated":true}]}}