{"id":1162,"date":"2025-12-08T00:01:27","date_gmt":"2025-12-07T23:01:27","guid":{"rendered":"https:\/\/optimate.si\/product\/zollex-zarnica-w21w-12v-clear-60014-1-kos\/"},"modified":"2026-04-20T11:51:45","modified_gmt":"2026-04-20T09:51:45","slug":"zollex-zarnica-w21w-12v-clear-60014-1-kos","status":"publish","type":"product","link":"https:\/\/optimate.si\/hr\/product\/zollex-zarnica-w21w-12v-clear-60014-1-kos\/","title":{"rendered":"\u017darnica &#8211; W21W 12V (CLEAR) 60014 (1 kos)"},"content":{"rendered":"<p>\u017darnice ZOLLEX so izjemno kakovostne, imajo izredno svetilnost in \u017eivljensko dobo ter ustrezajo vsem evropskim standardom (ECE \u0161t.37).<br \/>Pakirano po 10 kos. v \u0161katlo<\/p>\n<p><\/p>\n<p>\u0160ifra izdelka: 03754<\/p>","protected":false},"excerpt":{"rendered":"<p>\u017darnice ZOLLEX so izjemno kakovostne, imajo izredno svetilnost in \u017eivljensko dobo ter ustrezajo vsem evropskim standardom (ECE \u0161t<\/p>","protected":false},"featured_media":31027,"comment_status":"open","ping_status":"closed","template":"","meta":{"_uag_custom_page_level_css":""},"product_brand":[],"product_cat":[44],"product_tag":[],"class_list":{"0":"post-1162","1":"product","2":"type-product","3":"status-publish","4":"has-post-thumbnail","6":"product_cat-signalne","8":"first","9":"instock","10":"taxable","11":"shipping-taxable","12":"purchasable","13":"product-type-simple"},"uagb_featured_image_src":{"full":["https:\/\/optimate.si\/wp-content\/uploads\/2026\/04\/207458f9.jpg",1024,1023,false],"thumbnail":["https:\/\/optimate.si\/wp-content\/uploads\/2026\/04\/207458f9-150x150.jpg",150,150,true],"medium":["https:\/\/optimate.si\/wp-content\/uploads\/2026\/04\/207458f9-300x300.jpg",300,300,true],"medium_large":["https:\/\/optimate.si\/wp-content\/uploads\/2026\/04\/207458f9-768x767.jpg",768,767,true],"large":["https:\/\/optimate.si\/wp-content\/uploads\/2026\/04\/207458f9.jpg",980,979,false],"1536x1536":["https:\/\/optimate.si\/wp-content\/uploads\/2026\/04\/207458f9.jpg",1024,1023,false],"2048x2048":["https:\/\/optimate.si\/wp-content\/uploads\/2026\/04\/207458f9.jpg",1024,1023,false],"trp-custom-language-flag":["https:\/\/optimate.si\/wp-content\/uploads\/2026\/04\/207458f9.jpg",12,12,false],"woocommerce_thumbnail":["https:\/\/optimate.si\/wp-content\/uploads\/2026\/04\/207458f9-324x389.jpg",324,389,true],"woocommerce_single":["https:\/\/optimate.si\/wp-content\/uploads\/2026\/04\/207458f9-416x416.jpg",416,416,true],"woocommerce_gallery_thumbnail":["https:\/\/optimate.si\/wp-content\/uploads\/2026\/04\/207458f9-100x100.jpg",100,100,true]},"uagb_author_info":{"display_name":"sergey","author_link":"https:\/\/optimate.si\/hr\/author\/"},"uagb_comment_info":0,"uagb_excerpt":"\u017darnice ZOLLEX so izjemno kakovostne, imajo izredno svetilnost in \u017eivljensko dobo ter ustrezajo vsem evropskim standardom (ECE \u0161t","_links":{"self":[{"href":"https:\/\/optimate.si\/hr\/wp-json\/wp\/v2\/product\/1162","targetHints":{"allow":["GET"]}}],"collection":[{"href":"https:\/\/optimate.si\/hr\/wp-json\/wp\/v2\/product"}],"about":[{"href":"https:\/\/optimate.si\/hr\/wp-json\/wp\/v2\/types\/product"}],"replies":[{"embeddable":true,"href":"https:\/\/optimate.si\/hr\/wp-json\/wp\/v2\/comments?post=1162"}],"wp:featuredmedia":[{"embeddable":true,"href":"https:\/\/optimate.si\/hr\/wp-json\/wp\/v2\/media\/31027"}],"wp:attachment":[{"href":"https:\/\/optimate.si\/hr\/wp-json\/wp\/v2\/media?parent=1162"}],"wp:term":[{"taxonomy":"product_brand","embeddable":true,"href":"https:\/\/optimate.si\/hr\/wp-json\/wp\/v2\/product_brand?post=1162"},{"taxonomy":"product_cat","embeddable":true,"href":"https:\/\/optimate.si\/hr\/wp-json\/wp\/v2\/product_cat?post=1162"},{"taxonomy":"product_tag","embeddable":true,"href":"https:\/\/optimate.si\/hr\/wp-json\/wp\/v2\/product_tag?post=1162"}],"curies":[{"name":"wp","href":"https:\/\/api.w.org\/{rel}","templated":true}]}}