{"id":1170,"date":"2025-12-08T00:01:31","date_gmt":"2025-12-07T23:01:31","guid":{"rendered":"https:\/\/optimate.si\/product\/zollex-trigger-de-icer-65-500ml\/"},"modified":"2026-04-22T12:00:51","modified_gmt":"2026-04-22T10:00:51","slug":"zollex-trigger-de-icer-65-500ml","status":"publish","type":"product","link":"https:\/\/optimate.si\/hr\/product\/zollex-trigger-de-icer-65-500ml\/","title":{"rendered":"De-Icer(-65) 500 ml"},"content":{"rendered":"<p><iframe loading=\"lazy\" title=\"How to defrost glass in winter\" width=\"980\" height=\"551\" src=\"https:\/\/www.youtube.com\/embed\/31pr_S4pvsU?feature=oembed\" frameborder=\"0\" allow=\"accelerometer; autoplay; clipboard-write; encrypted-media; gyroscope; picture-in-picture; web-share\" referrerpolicy=\"strict-origin-when-cross-origin\" allowfullscreen><\/iframe> <\/p>\n<h3>Hitro odstranjevanje zmrzali in ledu<\/h3>\n<p>Zollex <strong>odmrzovalec stekla<\/strong> je u\u010dinkovita re\u0161itev za <strong>odstranjevanje zmrzali, tanke plasti ledu in zimskega meglenja<\/strong> z avtomobilskih stekel, ogledal in \u017earometov.<\/p>\n<p>Formula hitro deluje, razrahlja led in omogo\u010da enostavno \u010di\u0161\u010denje, kar izbolj\u0161a vidljivost in varnost vo\u017enje v zimskih razmerah. Najbolj u\u010dinkovit je pri <strong>tanj\u0161ih slojih ledu<\/strong>, zato je idealen za vsakodnevno uporabo.<\/p>\n<hr>\n<h3>Klju\u010dne lastnosti<\/h3>\n<p>\u2022 Hitro odstranjuje zmrzal in tanek led<br \/>\u2022 Izbolj\u0161uje vidljivost in varnost vo\u017enje<br \/>\u2022 Enostaven nanos s pr\u0161enjem<br \/>\u2022 Primerno za stekla, ogledala in \u017earomete<br \/>\u2022 Idealno za vsakodnevno uporabo pozimi<\/p>\n<hr>\n<h3>Uporaba<\/h3>\n<ol>\n<li>\n<p>Razpr\u0161ite neposredno na <strong>zmrznjeno povr\u0161ino<\/strong>.<\/p>\n<\/li>\n<li>\n<p>Po\u010dakajte nekaj sekund, da izdelek za\u010dne delovati.<\/p>\n<\/li>\n<li>\n<p>Odstranite zrahljani led s <strong>strgalom ali krta\u010do<\/strong>.<\/p>\n<\/li>\n<\/ol>\n<hr>\n<h3>Pomembno!<\/h3>\n<ul>\n<li>\n<p>Pri debelem ali trdem ledu najprej <strong>mehansko odstranite zgornjo plast<\/strong>, nato uporabite izdelek za najbolj\u0161i u\u010dinek.<\/p>\n<\/li>\n<\/ul>\n<p><\/p>\n<p><a target=\"_blank\" rel=\"noopener noreferrer nofollow\" href=\"https:\/\/my.chemius.net\/p\/RCFHPP\/en\/pd\/en\">MSDS<\/a><\/p>\n<p>\u0160ifra izdelka: 03764<\/p>","protected":false},"excerpt":{"rendered":"<p>Odmrzovalec stekla, ki hitro odstrani zmrzal in tanek led ter izbolj\u0161a vidljivost. De-icer za stekla omogo\u010da varno vo\u017enjo pozimi brez dolgotrajnega strganja.<\/p>","protected":false},"featured_media":31343,"comment_status":"open","ping_status":"closed","template":"","meta":{"_uag_custom_page_level_css":""},"product_brand":[],"product_cat":[22],"product_tag":[],"class_list":{"0":"post-1170","1":"product","2":"type-product","3":"status-publish","4":"has-post-thumbnail","6":"product_cat-01-trigger-spreji","8":"first","9":"instock","10":"taxable","11":"shipping-taxable","12":"purchasable","13":"product-type-simple"},"uagb_featured_image_src":{"full":["https:\/\/optimate.si\/wp-content\/uploads\/2026\/04\/906e797d-1.jpg",1024,1024,false],"thumbnail":["https:\/\/optimate.si\/wp-content\/uploads\/2026\/04\/906e797d-1-150x150.jpg",150,150,true],"medium":["https:\/\/optimate.si\/wp-content\/uploads\/2026\/04\/906e797d-1-300x300.jpg",300,300,true],"medium_large":["https:\/\/optimate.si\/wp-content\/uploads\/2026\/04\/906e797d-1-768x768.jpg",768,768,true],"large":["https:\/\/optimate.si\/wp-content\/uploads\/2026\/04\/906e797d-1.jpg",980,980,false],"1536x1536":["https:\/\/optimate.si\/wp-content\/uploads\/2026\/04\/906e797d-1.jpg",1024,1024,false],"2048x2048":["https:\/\/optimate.si\/wp-content\/uploads\/2026\/04\/906e797d-1.jpg",1024,1024,false],"trp-custom-language-flag":["https:\/\/optimate.si\/wp-content\/uploads\/2026\/04\/906e797d-1.jpg",12,12,false],"woocommerce_thumbnail":["https:\/\/optimate.si\/wp-content\/uploads\/2026\/04\/906e797d-1-324x389.jpg",324,389,true],"woocommerce_single":["https:\/\/optimate.si\/wp-content\/uploads\/2026\/04\/906e797d-1-416x416.jpg",416,416,true],"woocommerce_gallery_thumbnail":["https:\/\/optimate.si\/wp-content\/uploads\/2026\/04\/906e797d-1-100x100.jpg",100,100,true]},"uagb_author_info":{"display_name":"sergey","author_link":"https:\/\/optimate.si\/hr\/author\/"},"uagb_comment_info":0,"uagb_excerpt":"Odmrzovalec stekla, ki hitro odstrani zmrzal in tanek led ter izbolj\u0161a vidljivost. De-icer za stekla omogo\u010da varno vo\u017enjo pozimi brez dolgotrajnega strganja.","_links":{"self":[{"href":"https:\/\/optimate.si\/hr\/wp-json\/wp\/v2\/product\/1170","targetHints":{"allow":["GET"]}}],"collection":[{"href":"https:\/\/optimate.si\/hr\/wp-json\/wp\/v2\/product"}],"about":[{"href":"https:\/\/optimate.si\/hr\/wp-json\/wp\/v2\/types\/product"}],"replies":[{"embeddable":true,"href":"https:\/\/optimate.si\/hr\/wp-json\/wp\/v2\/comments?post=1170"}],"wp:featuredmedia":[{"embeddable":true,"href":"https:\/\/optimate.si\/hr\/wp-json\/wp\/v2\/media\/31343"}],"wp:attachment":[{"href":"https:\/\/optimate.si\/hr\/wp-json\/wp\/v2\/media?parent=1170"}],"wp:term":[{"taxonomy":"product_brand","embeddable":true,"href":"https:\/\/optimate.si\/hr\/wp-json\/wp\/v2\/product_brand?post=1170"},{"taxonomy":"product_cat","embeddable":true,"href":"https:\/\/optimate.si\/hr\/wp-json\/wp\/v2\/product_cat?post=1170"},{"taxonomy":"product_tag","embeddable":true,"href":"https:\/\/optimate.si\/hr\/wp-json\/wp\/v2\/product_tag?post=1170"}],"curies":[{"name":"wp","href":"https:\/\/api.w.org\/{rel}","templated":true}]}}