{"id":1225,"date":"2025-12-08T00:02:10","date_gmt":"2025-12-07T23:02:10","guid":{"rendered":"https:\/\/optimate.si\/product\/zollex-cevne-objemke-iz-nerjavnega-jekla-gt-40-60-mm-50-kos\/"},"modified":"2026-03-18T15:51:41","modified_gmt":"2026-03-18T14:51:41","slug":"zollex-cevne-objemke-iz-nerjavnega-jekla-gt-40-60-mm-50-kos","status":"publish","type":"product","link":"https:\/\/optimate.si\/hr\/product\/zollex-cevne-objemke-iz-nerjavnega-jekla-gt-40-60-mm-50-kos\/","title":{"rendered":"Cevne objemke iz nerjavnega jekla GT 40-60 mm (50 kos)"},"content":{"rendered":"<p>Kovinski objemke Zollex so zanesljivo sredstvo za povezovanje in pritrditev razli\u010dnih komponent ali materialov v \u0161tevilnih panogah, kot so gradbeni\u0161tvo, avtomobilska industrija, mehanski popravki in druge.<\/p>\n<p><\/p>\n<p>Prednosti kakovostnih kovinskih objemk Zollex:<\/p>\n<p><\/p>\n<p>\u2022 Zanesljivost in trdnost: Izdelane so iz visokokakovostnih materialov<br \/>\u2022 \u0160irok razpon velikosti: Na voljo so v razli\u010dnih dimenzijah in dol\u017einah, kar omogo\u010da optimalno izbiro za specifi\u010dne naloge.<br \/>\u2022 Enostavna namestitev: Preprosto jih je namestiti in uporabljati, brez potrebe po posebnih orodjih.<br \/>\u2022 Prilagodljivost: Njihova konstrukcija omogo\u010da enostavno prilagajanje in zagotavljanje \u017eelene pritrdilne sile.<br \/>\u2022 Odpornost na zunanje vplive: Odporne so na vlago, korozijo, toploto in druge agresivne dejavnike.<br \/>\u2022 Dolga \u017eivljenjska doba: Zaradi svoje trpe\u017enosti omogo\u010dajo dolgotrajno uporabo brez pogoste menjave.<\/p>\n<p>\u0160ifra izdelka: 03913<\/p>","protected":false},"excerpt":{"rendered":"<p>Kovinski objemke Zollex so zanesljivo sredstvo za povezovanje in pritrditev razli\u010dnih komponent ali materialov v \u0161tevilnih panogah, kot so gradbeni\u0161tvo, avtomobilska industrija, mehanski popravki in druge<\/p>","protected":false},"featured_media":26851,"comment_status":"open","ping_status":"closed","template":"","meta":{"_uag_custom_page_level_css":""},"product_brand":[],"product_cat":[25],"product_tag":[],"class_list":{"0":"post-1225","1":"product","2":"type-product","3":"status-publish","4":"has-post-thumbnail","6":"product_cat-kovinske-objemke","8":"first","9":"instock","10":"taxable","11":"shipping-taxable","12":"purchasable","13":"product-type-simple"},"uagb_featured_image_src":{"full":["https:\/\/optimate.si\/wp-content\/uploads\/2026\/03\/a2092189-1.png",510,638,false],"thumbnail":["https:\/\/optimate.si\/wp-content\/uploads\/2026\/03\/a2092189-1-150x150.png",150,150,true],"medium":["https:\/\/optimate.si\/wp-content\/uploads\/2026\/03\/a2092189-1-240x300.png",240,300,true],"medium_large":["https:\/\/optimate.si\/wp-content\/uploads\/2026\/03\/a2092189-1.png",510,638,false],"large":["https:\/\/optimate.si\/wp-content\/uploads\/2026\/03\/a2092189-1.png",510,638,false],"1536x1536":["https:\/\/optimate.si\/wp-content\/uploads\/2026\/03\/a2092189-1.png",510,638,false],"2048x2048":["https:\/\/optimate.si\/wp-content\/uploads\/2026\/03\/a2092189-1.png",510,638,false],"trp-custom-language-flag":["https:\/\/optimate.si\/wp-content\/uploads\/2026\/03\/a2092189-1.png",10,12,false],"woocommerce_thumbnail":["https:\/\/optimate.si\/wp-content\/uploads\/2026\/03\/a2092189-1-324x389.png",324,389,true],"woocommerce_single":["https:\/\/optimate.si\/wp-content\/uploads\/2026\/03\/a2092189-1-416x520.png",416,520,true],"woocommerce_gallery_thumbnail":["https:\/\/optimate.si\/wp-content\/uploads\/2026\/03\/a2092189-1-100x100.png",100,100,true]},"uagb_author_info":{"display_name":"sergey","author_link":"https:\/\/optimate.si\/hr\/author\/"},"uagb_comment_info":0,"uagb_excerpt":"Kovinski objemke Zollex so zanesljivo sredstvo za povezovanje in pritrditev razli\u010dnih komponent ali materialov v \u0161tevilnih panogah, kot so gradbeni\u0161tvo, avtomobilska industrija, mehanski popravki in druge","_links":{"self":[{"href":"https:\/\/optimate.si\/hr\/wp-json\/wp\/v2\/product\/1225","targetHints":{"allow":["GET"]}}],"collection":[{"href":"https:\/\/optimate.si\/hr\/wp-json\/wp\/v2\/product"}],"about":[{"href":"https:\/\/optimate.si\/hr\/wp-json\/wp\/v2\/types\/product"}],"replies":[{"embeddable":true,"href":"https:\/\/optimate.si\/hr\/wp-json\/wp\/v2\/comments?post=1225"}],"wp:featuredmedia":[{"embeddable":true,"href":"https:\/\/optimate.si\/hr\/wp-json\/wp\/v2\/media\/26851"}],"wp:attachment":[{"href":"https:\/\/optimate.si\/hr\/wp-json\/wp\/v2\/media?parent=1225"}],"wp:term":[{"taxonomy":"product_brand","embeddable":true,"href":"https:\/\/optimate.si\/hr\/wp-json\/wp\/v2\/product_brand?post=1225"},{"taxonomy":"product_cat","embeddable":true,"href":"https:\/\/optimate.si\/hr\/wp-json\/wp\/v2\/product_cat?post=1225"},{"taxonomy":"product_tag","embeddable":true,"href":"https:\/\/optimate.si\/hr\/wp-json\/wp\/v2\/product_tag?post=1225"}],"curies":[{"name":"wp","href":"https:\/\/api.w.org\/{rel}","templated":true}]}}