{"id":1245,"date":"2025-12-08T00:02:22","date_gmt":"2025-12-07T23:02:22","guid":{"rendered":"https:\/\/optimate.si\/product\/deco-blik-temeljna-barva-rdeca-400ml\/"},"modified":"2026-05-09T16:41:41","modified_gmt":"2026-05-09T14:41:41","slug":"deco-blik-temeljna-barva-rdeca-400ml","status":"publish","type":"product","link":"https:\/\/optimate.si\/hr\/product\/deco-blik-temeljna-barva-rdeca-400ml\/","title":{"rendered":"DECO BLIK Temeljna barva (RDE\u010cA) 400ml"},"content":{"rendered":"<p>DECO BLIK univerzalna akrilna osnovna barva nudi dolgotrajno antikorozijsko za\u0161\u010dito in se hitro su\u0161i. Ima dober oprijem na kovini, steklu, lesu, keramiki in ve\u010dini plastik.<br \/>Navodila za uporabo: Povr\u0161ina mora biti o\u010di\u0161\u010dena od rje, ma\u0161\u010dobe in stare barve. Pred uporabo dobro pretresite plo\u010devinko, da se zasli\u0161i kroglica v njej. Barvo pr\u0161ite z razdalje cca. 25-30 cm od povr\u0161ine. Nanesite enakomerno. Po uporabi obrnite plo\u010devinko navzdol in o\u010distite nastavek plo\u010devinke s pritiskom na gumb dokler se barva ne ustavi.<br \/>Na voljo v 400ml pakiranju in rde\u010di barvi.<\/p>\n<p>\u0160t. v kartonu 12<\/p>\n<p><\/p>\n<p><a target=\"_blank\" rel=\"noopener noreferrer nofollow\" href=\"https:\/\/zolleks.si\/uploads\/zollex\/public\/document\/119-vl_deco_blick_color_paint_clp_2014_sl.pdf\">MSDS<\/a><\/p>\n<p>\u0160ifra izdelka: 03932<\/p>","protected":false},"excerpt":{"rendered":"<p>DECO BLIK univerzalna akrilna osnovna barva nudi dolgotrajno antikorozijsko za\u0161\u010dito in se hitro su\u0161i<\/p>","protected":false},"featured_media":32760,"comment_status":"open","ping_status":"closed","template":"","meta":{"_uag_custom_page_level_css":""},"product_brand":[],"product_cat":[39],"product_tag":[],"class_list":{"0":"post-1245","1":"product","2":"type-product","3":"status-publish","4":"has-post-thumbnail","6":"product_cat-posebne-barve","8":"first","9":"instock","10":"taxable","11":"shipping-taxable","12":"purchasable","13":"product-type-simple"},"uagb_featured_image_src":{"full":["https:\/\/optimate.si\/wp-content\/uploads\/2026\/05\/6887c5b1-1.jpg",1600,1600,false],"thumbnail":["https:\/\/optimate.si\/wp-content\/uploads\/2026\/05\/6887c5b1-1-150x150.jpg",150,150,true],"medium":["https:\/\/optimate.si\/wp-content\/uploads\/2026\/05\/6887c5b1-1-300x300.jpg",300,300,true],"medium_large":["https:\/\/optimate.si\/wp-content\/uploads\/2026\/05\/6887c5b1-1-768x768.jpg",768,768,true],"large":["https:\/\/optimate.si\/wp-content\/uploads\/2026\/05\/6887c5b1-1-1024x1024.jpg",980,980,true],"1536x1536":["https:\/\/optimate.si\/wp-content\/uploads\/2026\/05\/6887c5b1-1-1536x1536.jpg",1536,1536,true],"2048x2048":["https:\/\/optimate.si\/wp-content\/uploads\/2026\/05\/6887c5b1-1.jpg",1600,1600,false],"trp-custom-language-flag":["https:\/\/optimate.si\/wp-content\/uploads\/2026\/05\/6887c5b1-1-12x12.jpg",12,12,true],"woocommerce_thumbnail":["https:\/\/optimate.si\/wp-content\/uploads\/2026\/05\/6887c5b1-1-324x389.jpg",324,389,true],"woocommerce_single":["https:\/\/optimate.si\/wp-content\/uploads\/2026\/05\/6887c5b1-1-416x416.jpg",416,416,true],"woocommerce_gallery_thumbnail":["https:\/\/optimate.si\/wp-content\/uploads\/2026\/05\/6887c5b1-1-100x100.jpg",100,100,true]},"uagb_author_info":{"display_name":"sergey","author_link":"https:\/\/optimate.si\/hr\/author\/"},"uagb_comment_info":0,"uagb_excerpt":"DECO BLIK univerzalna akrilna osnovna barva nudi dolgotrajno antikorozijsko za\u0161\u010dito in se hitro su\u0161i","_links":{"self":[{"href":"https:\/\/optimate.si\/hr\/wp-json\/wp\/v2\/product\/1245","targetHints":{"allow":["GET"]}}],"collection":[{"href":"https:\/\/optimate.si\/hr\/wp-json\/wp\/v2\/product"}],"about":[{"href":"https:\/\/optimate.si\/hr\/wp-json\/wp\/v2\/types\/product"}],"replies":[{"embeddable":true,"href":"https:\/\/optimate.si\/hr\/wp-json\/wp\/v2\/comments?post=1245"}],"wp:featuredmedia":[{"embeddable":true,"href":"https:\/\/optimate.si\/hr\/wp-json\/wp\/v2\/media\/32760"}],"wp:attachment":[{"href":"https:\/\/optimate.si\/hr\/wp-json\/wp\/v2\/media?parent=1245"}],"wp:term":[{"taxonomy":"product_brand","embeddable":true,"href":"https:\/\/optimate.si\/hr\/wp-json\/wp\/v2\/product_brand?post=1245"},{"taxonomy":"product_cat","embeddable":true,"href":"https:\/\/optimate.si\/hr\/wp-json\/wp\/v2\/product_cat?post=1245"},{"taxonomy":"product_tag","embeddable":true,"href":"https:\/\/optimate.si\/hr\/wp-json\/wp\/v2\/product_tag?post=1245"}],"curies":[{"name":"wp","href":"https:\/\/api.w.org\/{rel}","templated":true}]}}