{"id":1249,"date":"2025-12-08T00:02:24","date_gmt":"2025-12-07T23:02:24","guid":{"rendered":"https:\/\/optimate.si\/product\/deco-blik-temeljna-barva-crna-400ml\/"},"modified":"2026-05-06T15:12:01","modified_gmt":"2026-05-06T13:12:01","slug":"deco-blik-temeljna-barva-crna-400ml","status":"publish","type":"product","link":"https:\/\/optimate.si\/hr\/product\/deco-blik-temeljna-barva-crna-400ml\/","title":{"rendered":"DECO BLIK Temeljna barva (\u010cRNA) 400ml"},"content":{"rendered":"<p>DECO BLIK univerzalna akrilna osnovna barva nudi dolgotrajno antikorozijsko za\u0161\u010dito in se hitro su\u0161i. Ima dober oprijem na kovini, steklu, lesu, keramiki in ve\u010dini plastik.<br \/>Navodila za uporabo: Povr\u0161ina mora biti o\u010di\u0161\u010dena od rje, ma\u0161\u010dobe in stare barve. Pred uporabo dobro pretresite plo\u010devinko, da se zasli\u0161i kroglica v njej. Barvo pr\u0161ite z razdalje cca. 25-30 cm od povr\u0161ine. Nanesite enakomerno. Po uporabi obrnite plo\u010devinko navzdol in o\u010distite nastavek plo\u010devinke s pritiskom na gumb dokler se barva ne ustavi.<br \/>Na voljo v 400ml pakiranju in rde\u010di barvi.<br \/>\u0160t. v kartonu 12<\/p>\n<p><a target=\"_blank\" rel=\"noopener noreferrer nofollow\" href=\"https:\/\/my.chemius.net\/p\/xQB2QT\/en\/pd\/en\">MSDS<\/a><\/p>\n<p>\u0160ifra izdelka: 03933<\/p>","protected":false},"excerpt":{"rendered":"<p>DECO BLIK univerzalna akrilna osnovna barva nudi dolgotrajno antikorozijsko za\u0161\u010dito in se hitro su\u0161i. Ima dober oprijem na kovini, steklu, lesu, keramiki in ve\u010dini plastik.<\/p>","protected":false},"featured_media":32518,"comment_status":"open","ping_status":"closed","template":"","meta":{"_uag_custom_page_level_css":""},"product_brand":[],"product_cat":[39],"product_tag":[],"class_list":{"0":"post-1249","1":"product","2":"type-product","3":"status-publish","4":"has-post-thumbnail","6":"product_cat-posebne-barve","8":"first","9":"instock","10":"taxable","11":"shipping-taxable","12":"purchasable","13":"product-type-simple"},"uagb_featured_image_src":{"full":["https:\/\/optimate.si\/wp-content\/uploads\/2026\/05\/28a4139f.png",2000,2500,false],"thumbnail":["https:\/\/optimate.si\/wp-content\/uploads\/2026\/05\/28a4139f-150x150.png",150,150,true],"medium":["https:\/\/optimate.si\/wp-content\/uploads\/2026\/05\/28a4139f-240x300.png",240,300,true],"medium_large":["https:\/\/optimate.si\/wp-content\/uploads\/2026\/05\/28a4139f-768x960.png",768,960,true],"large":["https:\/\/optimate.si\/wp-content\/uploads\/2026\/05\/28a4139f-819x1024.png",819,1024,true],"1536x1536":["https:\/\/optimate.si\/wp-content\/uploads\/2026\/05\/28a4139f-1229x1536.png",1229,1536,true],"2048x2048":["https:\/\/optimate.si\/wp-content\/uploads\/2026\/05\/28a4139f-1638x2048.png",1638,2048,true],"trp-custom-language-flag":["https:\/\/optimate.si\/wp-content\/uploads\/2026\/05\/28a4139f-10x12.png",10,12,true],"woocommerce_thumbnail":["https:\/\/optimate.si\/wp-content\/uploads\/2026\/05\/28a4139f-324x389.png",324,389,true],"woocommerce_single":["https:\/\/optimate.si\/wp-content\/uploads\/2026\/05\/28a4139f-416x520.png",416,520,true],"woocommerce_gallery_thumbnail":["https:\/\/optimate.si\/wp-content\/uploads\/2026\/05\/28a4139f-100x100.png",100,100,true]},"uagb_author_info":{"display_name":"sergey","author_link":"https:\/\/optimate.si\/hr\/author\/"},"uagb_comment_info":0,"uagb_excerpt":"DECO BLIK univerzalna akrilna osnovna barva nudi dolgotrajno antikorozijsko za\u0161\u010dito in se hitro su\u0161i. Ima dober oprijem na kovini, steklu, lesu, keramiki in ve\u010dini plastik.","_links":{"self":[{"href":"https:\/\/optimate.si\/hr\/wp-json\/wp\/v2\/product\/1249","targetHints":{"allow":["GET"]}}],"collection":[{"href":"https:\/\/optimate.si\/hr\/wp-json\/wp\/v2\/product"}],"about":[{"href":"https:\/\/optimate.si\/hr\/wp-json\/wp\/v2\/types\/product"}],"replies":[{"embeddable":true,"href":"https:\/\/optimate.si\/hr\/wp-json\/wp\/v2\/comments?post=1249"}],"wp:featuredmedia":[{"embeddable":true,"href":"https:\/\/optimate.si\/hr\/wp-json\/wp\/v2\/media\/32518"}],"wp:attachment":[{"href":"https:\/\/optimate.si\/hr\/wp-json\/wp\/v2\/media?parent=1249"}],"wp:term":[{"taxonomy":"product_brand","embeddable":true,"href":"https:\/\/optimate.si\/hr\/wp-json\/wp\/v2\/product_brand?post=1249"},{"taxonomy":"product_cat","embeddable":true,"href":"https:\/\/optimate.si\/hr\/wp-json\/wp\/v2\/product_cat?post=1249"},{"taxonomy":"product_tag","embeddable":true,"href":"https:\/\/optimate.si\/hr\/wp-json\/wp\/v2\/product_tag?post=1249"}],"curies":[{"name":"wp","href":"https:\/\/api.w.org\/{rel}","templated":true}]}}