{"id":125,"date":"2025-12-07T23:43:20","date_gmt":"2025-12-07T22:43:20","guid":{"rendered":"https:\/\/optimate.si\/product\/zollex-metlica-brisalca-n-500m\/"},"modified":"2026-04-20T13:51:42","modified_gmt":"2026-04-20T11:51:42","slug":"zollex-metlica-brisalca-n-500m","status":"publish","type":"product","link":"https:\/\/optimate.si\/hr\/product\/zollex-metlica-brisalca-n-500m\/","title":{"rendered":"Metlica brisalca N-500M"},"content":{"rendered":"<p><a target=\"_blank\" href=\"https:\/\/assets.optimate.si\/products-catalogs\/1fac155a.pdf\">Katalog<\/a><\/p>\n<p>ZOLLEX metlice brisalcev so izredno kakovostne in trpe\u017ene. Vo\u017enjo naredijo varnej\u0161o in predvsem kvalitetnej\u0161o. Brisalci so narejeni iz 100% gume prevle\u010dene z grafitnim slojem. Zagotavljajo stik s steklom v vseh vremenskih razmerah. Po zaslugi kakovostne gume delujejo skorajda nesli\u0161no. Primerne za vse vrste vozil, saj jih ponujamo v ve\u010d dimenzijah.<\/p>\n<p>\u0160ifra izdelka: 00607<\/p>","protected":false},"excerpt":{"rendered":"<p>ZOLLEX metlice brisalcev so izredno kakovostne in trpe\u017ene<\/p>","protected":false},"featured_media":31052,"comment_status":"open","ping_status":"closed","template":"","meta":{"_uag_custom_page_level_css":""},"product_brand":[],"product_cat":[36],"product_tag":[],"class_list":{"0":"post-125","1":"product","2":"type-product","3":"status-publish","4":"has-post-thumbnail","6":"product_cat-03n-brisalci","8":"first","9":"instock","10":"taxable","11":"shipping-taxable","12":"purchasable","13":"product-type-simple"},"uagb_featured_image_src":{"full":["https:\/\/optimate.si\/wp-content\/uploads\/2026\/04\/c2493040-26.jpg",1500,1500,false],"thumbnail":["https:\/\/optimate.si\/wp-content\/uploads\/2026\/04\/c2493040-26-150x150.jpg",150,150,true],"medium":["https:\/\/optimate.si\/wp-content\/uploads\/2026\/04\/c2493040-26-300x300.jpg",300,300,true],"medium_large":["https:\/\/optimate.si\/wp-content\/uploads\/2026\/04\/c2493040-26-768x768.jpg",768,768,true],"large":["https:\/\/optimate.si\/wp-content\/uploads\/2026\/04\/c2493040-26-1024x1024.jpg",980,980,true],"1536x1536":["https:\/\/optimate.si\/wp-content\/uploads\/2026\/04\/c2493040-26.jpg",1500,1500,false],"2048x2048":["https:\/\/optimate.si\/wp-content\/uploads\/2026\/04\/c2493040-26.jpg",1500,1500,false],"trp-custom-language-flag":["https:\/\/optimate.si\/wp-content\/uploads\/2026\/04\/c2493040-26.jpg",12,12,false],"woocommerce_thumbnail":["https:\/\/optimate.si\/wp-content\/uploads\/2026\/04\/c2493040-26-324x389.jpg",324,389,true],"woocommerce_single":["https:\/\/optimate.si\/wp-content\/uploads\/2026\/04\/c2493040-26-416x416.jpg",416,416,true],"woocommerce_gallery_thumbnail":["https:\/\/optimate.si\/wp-content\/uploads\/2026\/04\/c2493040-26-100x100.jpg",100,100,true]},"uagb_author_info":{"display_name":"sergey","author_link":"https:\/\/optimate.si\/hr\/author\/"},"uagb_comment_info":0,"uagb_excerpt":"ZOLLEX metlice brisalcev so izredno kakovostne in trpe\u017ene","_links":{"self":[{"href":"https:\/\/optimate.si\/hr\/wp-json\/wp\/v2\/product\/125","targetHints":{"allow":["GET"]}}],"collection":[{"href":"https:\/\/optimate.si\/hr\/wp-json\/wp\/v2\/product"}],"about":[{"href":"https:\/\/optimate.si\/hr\/wp-json\/wp\/v2\/types\/product"}],"replies":[{"embeddable":true,"href":"https:\/\/optimate.si\/hr\/wp-json\/wp\/v2\/comments?post=125"}],"wp:featuredmedia":[{"embeddable":true,"href":"https:\/\/optimate.si\/hr\/wp-json\/wp\/v2\/media\/31052"}],"wp:attachment":[{"href":"https:\/\/optimate.si\/hr\/wp-json\/wp\/v2\/media?parent=125"}],"wp:term":[{"taxonomy":"product_brand","embeddable":true,"href":"https:\/\/optimate.si\/hr\/wp-json\/wp\/v2\/product_brand?post=125"},{"taxonomy":"product_cat","embeddable":true,"href":"https:\/\/optimate.si\/hr\/wp-json\/wp\/v2\/product_cat?post=125"},{"taxonomy":"product_tag","embeddable":true,"href":"https:\/\/optimate.si\/hr\/wp-json\/wp\/v2\/product_tag?post=125"}],"curies":[{"name":"wp","href":"https:\/\/api.w.org\/{rel}","templated":true}]}}