{"id":1282,"date":"2025-12-08T00:02:40","date_gmt":"2025-12-07T23:02:40","guid":{"rendered":"https:\/\/optimate.si\/product\/zollex-triger-odstranjevalec-rje-500ml\/"},"modified":"2026-05-09T16:41:47","modified_gmt":"2026-05-09T14:41:47","slug":"025zollex-triger-odstranjevalec-rje-500ml","status":"publish","type":"product","link":"https:\/\/optimate.si\/hr\/product\/025zollex-triger-odstranjevalec-rje-500ml\/","title":{"rendered":"RustKill &#8211; odstrani rjo"},"content":{"rendered":"<p><iframe loading=\"lazy\" title=\"How to Get Rid of Rust\" width=\"980\" height=\"551\" src=\"https:\/\/www.youtube.com\/embed\/gF0SHgXvi7Y?feature=oembed\" frameborder=\"0\" allow=\"accelerometer; autoplay; clipboard-write; encrypted-media; gyroscope; picture-in-picture; web-share\" referrerpolicy=\"strict-origin-when-cross-origin\" allowfullscreen><\/iframe> <\/p>\n<h3><strong>Odstranite rjo in za\u0161\u010ditite kovino v enem koraku z RustKill.<\/strong><\/h3>\n<p>Pozabite na ure bru\u0161enja. RustKill v minutah odstrani korozijo ter s pomo\u010djo <strong>cinkovih ionov<\/strong> ustvari za\u0161\u010ditni sloj.<\/p>\n<\/p>\n<p><strong>Zakaj izbrati RustKill?<\/strong><\/p>\n<ol>\n<li>\n<p><strong>Globinsko delovanje:<\/strong> \u010distilo prodre pod plast rje in jo v trenutku razgradi.<\/p>\n<\/li>\n<li>\n<p><strong>Trajna za\u0161\u010dita s cinkovimi ioni<\/strong>: po \u010di\u0161\u010denju se na kovini samodejno tvori za\u0161\u010ditni sloj, ki prepre\u010duje vrnitev korozije.<\/p>\n<\/li>\n<li>\n<p><strong>Brez bru\u0161enja:<\/strong> nanesite, po\u010dakajte in obri\u0161ite.<\/p>\n<\/li>\n<li>\n<p><strong>Vsestranska uporaba: <\/strong>avto, orodje, kolesa, ograje, stroje.<\/p>\n<\/li>\n<\/ol>\n<p>Enostavno. Varno. Profesionalno. Povrnite kovini sijaj!<\/p>\n<p><a target=\"_blank\" rel=\"noopener noreferrer nofollow\" href=\"https:\/\/my.chemius.net\/p\/UhucqQ\/en\/pd\/en\">MSDS<\/a><\/p>\n<p><\/p>\n<p>\u0160ifra izdelka: 04000<\/p>","protected":false},"excerpt":{"rendered":"<p>Zakaj brusat ure, ko RustKill naredi delo v minutah? Nanese\u0161, po\u010daka\u0161, obri\u0161e\u0161.<\/p>","protected":false},"featured_media":32769,"comment_status":"open","ping_status":"closed","template":"","meta":{"_uag_custom_page_level_css":""},"product_brand":[],"product_cat":[22],"product_tag":[],"class_list":{"0":"post-1282","1":"product","2":"type-product","3":"status-publish","4":"has-post-thumbnail","6":"product_cat-01-trigger-spreji","8":"first","9":"instock","10":"taxable","11":"shipping-taxable","12":"purchasable","13":"product-type-simple"},"uagb_featured_image_src":{"full":["https:\/\/optimate.si\/wp-content\/uploads\/2026\/05\/fe2ed208-4.jpg",416,416,false],"thumbnail":["https:\/\/optimate.si\/wp-content\/uploads\/2026\/05\/fe2ed208-4-150x150.jpg",150,150,true],"medium":["https:\/\/optimate.si\/wp-content\/uploads\/2026\/05\/fe2ed208-4-300x300.jpg",300,300,true],"medium_large":["https:\/\/optimate.si\/wp-content\/uploads\/2026\/05\/fe2ed208-4.jpg",416,416,false],"large":["https:\/\/optimate.si\/wp-content\/uploads\/2026\/05\/fe2ed208-4.jpg",416,416,false],"1536x1536":["https:\/\/optimate.si\/wp-content\/uploads\/2026\/05\/fe2ed208-4.jpg",416,416,false],"2048x2048":["https:\/\/optimate.si\/wp-content\/uploads\/2026\/05\/fe2ed208-4.jpg",416,416,false],"trp-custom-language-flag":["https:\/\/optimate.si\/wp-content\/uploads\/2026\/05\/fe2ed208-4-12x12.jpg",12,12,true],"woocommerce_thumbnail":["https:\/\/optimate.si\/wp-content\/uploads\/2026\/05\/fe2ed208-4-324x389.jpg",324,389,true],"woocommerce_single":["https:\/\/optimate.si\/wp-content\/uploads\/2026\/05\/fe2ed208-4.jpg",416,416,false],"woocommerce_gallery_thumbnail":["https:\/\/optimate.si\/wp-content\/uploads\/2026\/05\/fe2ed208-4-100x100.jpg",100,100,true]},"uagb_author_info":{"display_name":"sergey","author_link":"https:\/\/optimate.si\/hr\/author\/"},"uagb_comment_info":1,"uagb_excerpt":"Zakaj brusat ure, ko RustKill naredi delo v minutah? Nanese\u0161, po\u010daka\u0161, obri\u0161e\u0161.","_links":{"self":[{"href":"https:\/\/optimate.si\/hr\/wp-json\/wp\/v2\/product\/1282","targetHints":{"allow":["GET"]}}],"collection":[{"href":"https:\/\/optimate.si\/hr\/wp-json\/wp\/v2\/product"}],"about":[{"href":"https:\/\/optimate.si\/hr\/wp-json\/wp\/v2\/types\/product"}],"replies":[{"embeddable":true,"href":"https:\/\/optimate.si\/hr\/wp-json\/wp\/v2\/comments?post=1282"}],"wp:featuredmedia":[{"embeddable":true,"href":"https:\/\/optimate.si\/hr\/wp-json\/wp\/v2\/media\/32769"}],"wp:attachment":[{"href":"https:\/\/optimate.si\/hr\/wp-json\/wp\/v2\/media?parent=1282"}],"wp:term":[{"taxonomy":"product_brand","embeddable":true,"href":"https:\/\/optimate.si\/hr\/wp-json\/wp\/v2\/product_brand?post=1282"},{"taxonomy":"product_cat","embeddable":true,"href":"https:\/\/optimate.si\/hr\/wp-json\/wp\/v2\/product_cat?post=1282"},{"taxonomy":"product_tag","embeddable":true,"href":"https:\/\/optimate.si\/hr\/wp-json\/wp\/v2\/product_tag?post=1282"}],"curies":[{"name":"wp","href":"https:\/\/api.w.org\/{rel}","templated":true}]}}