{"id":1286,"date":"2025-12-08T00:02:43","date_gmt":"2025-12-07T23:02:43","guid":{"rendered":"https:\/\/optimate.si\/product\/zollex-krpa-iz-mikrovlake-crna\/"},"modified":"2026-05-10T18:00:11","modified_gmt":"2026-05-10T16:00:11","slug":"025zollex-krpa-iz-mikrovlake-crna","status":"publish","type":"product","link":"https:\/\/optimate.si\/hr\/product\/025zollex-krpa-iz-mikrovlake-crna\/","title":{"rendered":"Krpa iz mikrovlaken"},"content":{"rendered":"<h3>Profesionalno \u010di\u0161\u010denje<\/h3>\n<p>Zollex <strong>mikrovlaknene krpe 40\u00d740 cm<\/strong> so zasnovane za u\u010dinkovito <strong>\u010di\u0161\u010denje povr\u0161in<\/strong>. Mikrovlakna ujamejo prah in umazanijo.<\/p>\n<hr>\n<h3>Klju\u010dne lastnosti<\/h3>\n<p>\u2022 Velikost: <strong>40 \u00d7 40 cm<\/strong><br \/>\u2022 Gostota: <strong>400 GSM<\/strong><br \/>\u2022 Ne pu\u0161\u010da vlaken ali prask<br \/>\u2022 Varno za lak, steklo, plastiko in krom<br \/>\u2022 Pralne in ve\u010dkrat uporabne<\/p>\n<hr>\n<h3>Uporaba<\/h3>\n<ol>\n<li>\n<p>Uporabite suho ali rahlo vla\u017eno krpo.<\/p>\n<\/li>\n<li>\n<p>Obri\u0161ite povr\u0161ino za odstranjevanje umazanije.<\/p>\n<\/p>\n<\/li>\n<\/ol>\n<p>Primerno za <strong>notranjost (plastika, zasloni, usnje)<\/strong> in <strong>zunanjost (lak, steklo, plati\u0161\u010da)<\/strong>.<\/p>\n<p>\u0160ifra izdelka: 04006<\/p>","protected":false},"excerpt":{"rendered":"<p>Mikrovlaknena krpa 40cm\u00d740cm za u\u010dinkovito \u010di\u0161\u010denje in poliranje brez prask. <\/p>","protected":false},"featured_media":32772,"comment_status":"open","ping_status":"closed","template":"","meta":{"_uag_custom_page_level_css":""},"product_brand":[],"product_cat":[20],"product_tag":[],"class_list":{"0":"post-1286","1":"product","2":"type-product","3":"status-publish","4":"has-post-thumbnail","6":"product_cat-040-krpe","8":"first","9":"instock","10":"taxable","11":"shipping-taxable","12":"purchasable","13":"product-type-simple"},"uagb_featured_image_src":{"full":["https:\/\/optimate.si\/wp-content\/uploads\/2026\/05\/a01e3142-2.png",510,638,false],"thumbnail":["https:\/\/optimate.si\/wp-content\/uploads\/2026\/05\/a01e3142-2-150x150.png",150,150,true],"medium":["https:\/\/optimate.si\/wp-content\/uploads\/2026\/05\/a01e3142-2-240x300.png",240,300,true],"medium_large":["https:\/\/optimate.si\/wp-content\/uploads\/2026\/05\/a01e3142-2.png",510,638,false],"large":["https:\/\/optimate.si\/wp-content\/uploads\/2026\/05\/a01e3142-2.png",510,638,false],"1536x1536":["https:\/\/optimate.si\/wp-content\/uploads\/2026\/05\/a01e3142-2.png",510,638,false],"2048x2048":["https:\/\/optimate.si\/wp-content\/uploads\/2026\/05\/a01e3142-2.png",510,638,false],"trp-custom-language-flag":["https:\/\/optimate.si\/wp-content\/uploads\/2026\/05\/a01e3142-2-10x12.png",10,12,true],"woocommerce_thumbnail":["https:\/\/optimate.si\/wp-content\/uploads\/2026\/05\/a01e3142-2-324x389.png",324,389,true],"woocommerce_single":["https:\/\/optimate.si\/wp-content\/uploads\/2026\/05\/a01e3142-2-416x520.png",416,520,true],"woocommerce_gallery_thumbnail":["https:\/\/optimate.si\/wp-content\/uploads\/2026\/05\/a01e3142-2-100x100.png",100,100,true]},"uagb_author_info":{"display_name":"sergey","author_link":"https:\/\/optimate.si\/hr\/author\/"},"uagb_comment_info":1,"uagb_excerpt":"Mikrovlaknena krpa 40cm\u00d740cm za u\u010dinkovito \u010di\u0161\u010denje in poliranje brez prask.","_links":{"self":[{"href":"https:\/\/optimate.si\/hr\/wp-json\/wp\/v2\/product\/1286","targetHints":{"allow":["GET"]}}],"collection":[{"href":"https:\/\/optimate.si\/hr\/wp-json\/wp\/v2\/product"}],"about":[{"href":"https:\/\/optimate.si\/hr\/wp-json\/wp\/v2\/types\/product"}],"replies":[{"embeddable":true,"href":"https:\/\/optimate.si\/hr\/wp-json\/wp\/v2\/comments?post=1286"}],"wp:featuredmedia":[{"embeddable":true,"href":"https:\/\/optimate.si\/hr\/wp-json\/wp\/v2\/media\/32772"}],"wp:attachment":[{"href":"https:\/\/optimate.si\/hr\/wp-json\/wp\/v2\/media?parent=1286"}],"wp:term":[{"taxonomy":"product_brand","embeddable":true,"href":"https:\/\/optimate.si\/hr\/wp-json\/wp\/v2\/product_brand?post=1286"},{"taxonomy":"product_cat","embeddable":true,"href":"https:\/\/optimate.si\/hr\/wp-json\/wp\/v2\/product_cat?post=1286"},{"taxonomy":"product_tag","embeddable":true,"href":"https:\/\/optimate.si\/hr\/wp-json\/wp\/v2\/product_tag?post=1286"}],"curies":[{"name":"wp","href":"https:\/\/api.w.org\/{rel}","templated":true}]}}