{"id":1289,"date":"2025-12-08T00:02:46","date_gmt":"2025-12-07T23:02:46","guid":{"rendered":"https:\/\/optimate.si\/product\/zollex-avtosampon-koncentrat-500ml\/"},"modified":"2026-05-08T14:20:53","modified_gmt":"2026-05-08T12:20:53","slug":"010zollex-avtosampon-koncentrat-500ml","status":"publish","type":"product","link":"https:\/\/optimate.si\/hr\/product\/010zollex-avtosampon-koncentrat-500ml\/","title":{"rendered":"Avto\u0161ampon z voskom \u2013 koncentrat 500 ml"},"content":{"rendered":"<h3>U\u010dinkovito pranje in za\u0161\u010dita laka<\/h3>\n<p>A<strong>vto\u0161ampon z voskom<\/strong> u\u010dinkovito odstranjuje umazanijo.<\/p>\n<p>Zaradi razmerja <strong>1:250<\/strong> je \u017ee majhna koli\u010dina dovolj za pripravo bogate pene. Vosek ustvari <strong>tanek za\u0161\u010ditni sloj<\/strong>, ki izbolj\u0161a sijaj in pomaga odbijati vodo, kar ohranja vozilo dlje \u010dasa \u010disto.<\/p>\n<hr>\n<h3>Klju\u010dne lastnosti<\/h3>\n<p>\u2022 Visoko koncentrirano razmerje <strong>1:250<\/strong><br \/>\u2022 Vsebuje vosek za dodatni sijaj in za\u0161\u010dito<br \/>\u2022 Ustvari gosto peno<br \/>\u2022 pH nevtralna formula \u2013 ne odstranjuje za\u0161\u010ditnih premazov<\/p>\n<hr>\n<h3>Uporaba<\/h3>\n<ol>\n<li>\n<p>Razred\u010dite <strong>40 ml \u0161ampona v 10 L vode<\/strong> (ali prilagodite doziranje).<\/p>\n<\/li>\n<li>\n<p>Vozilo ne\u017eno operite z mehko gobico ali rokavico.<\/p>\n<\/li>\n<li>\n<p>Temeljito sperite s <strong>\u010disto vodo<\/strong>.<\/p>\n<\/li>\n<li>\n<p>Za najbolj\u0161i rezultat vozilo <strong>osu\u0161ite z Zollex PRO krpo.<\/strong><\/p>\n<\/li>\n<\/ol>\n<p><\/p>\n<p><a target=\"_blank\" rel=\"noopener noreferrer nofollow\" href=\"https:\/\/my.chemius.net\/p\/zYL8r4\/en\/pd\/en\">MSDS<\/a><\/p>\n<p><\/p>\n<p>\u0160ifra izdelka: 04007<\/p>","protected":false},"excerpt":{"rendered":"<p>Avto\u0161ampon z voskom za ro\u010dno pranje vozila, ki u\u010dinkovito odstranjuje umazanijo, hkrati pa doda sijaj in za\u0161\u010dito. Car shampoo ustvari bogato peno, \u0161\u010diti lak in izbolj\u0161a vodoodbojnost povr\u0161ine.<\/p>","protected":false},"featured_media":32648,"comment_status":"open","ping_status":"closed","template":"","meta":{"_uag_custom_page_level_css":""},"product_brand":[],"product_cat":[66],"product_tag":[],"class_list":{"0":"post-1289","1":"product","2":"type-product","3":"status-publish","4":"has-post-thumbnail","6":"product_cat-030-pranje","8":"first","9":"instock","10":"taxable","11":"shipping-taxable","12":"purchasable","13":"product-type-simple"},"uagb_featured_image_src":{"full":["https:\/\/optimate.si\/wp-content\/uploads\/2026\/05\/3e5b7b50-3.png",700,840,false],"thumbnail":["https:\/\/optimate.si\/wp-content\/uploads\/2026\/05\/3e5b7b50-3-150x150.png",150,150,true],"medium":["https:\/\/optimate.si\/wp-content\/uploads\/2026\/05\/3e5b7b50-3-250x300.png",250,300,true],"medium_large":["https:\/\/optimate.si\/wp-content\/uploads\/2026\/05\/3e5b7b50-3.png",700,840,false],"large":["https:\/\/optimate.si\/wp-content\/uploads\/2026\/05\/3e5b7b50-3.png",700,840,false],"1536x1536":["https:\/\/optimate.si\/wp-content\/uploads\/2026\/05\/3e5b7b50-3.png",700,840,false],"2048x2048":["https:\/\/optimate.si\/wp-content\/uploads\/2026\/05\/3e5b7b50-3.png",700,840,false],"trp-custom-language-flag":["https:\/\/optimate.si\/wp-content\/uploads\/2026\/05\/3e5b7b50-3-10x12.png",10,12,true],"woocommerce_thumbnail":["https:\/\/optimate.si\/wp-content\/uploads\/2026\/05\/3e5b7b50-3-324x389.png",324,389,true],"woocommerce_single":["https:\/\/optimate.si\/wp-content\/uploads\/2026\/05\/3e5b7b50-3-416x499.png",416,499,true],"woocommerce_gallery_thumbnail":["https:\/\/optimate.si\/wp-content\/uploads\/2026\/05\/3e5b7b50-3-100x100.png",100,100,true]},"uagb_author_info":{"display_name":"sergey","author_link":"https:\/\/optimate.si\/hr\/author\/"},"uagb_comment_info":1,"uagb_excerpt":"Avto\u0161ampon z voskom za ro\u010dno pranje vozila, ki u\u010dinkovito odstranjuje umazanijo, hkrati pa doda sijaj in za\u0161\u010dito. Car shampoo ustvari bogato peno, \u0161\u010diti lak in izbolj\u0161a vodoodbojnost povr\u0161ine.","_links":{"self":[{"href":"https:\/\/optimate.si\/hr\/wp-json\/wp\/v2\/product\/1289","targetHints":{"allow":["GET"]}}],"collection":[{"href":"https:\/\/optimate.si\/hr\/wp-json\/wp\/v2\/product"}],"about":[{"href":"https:\/\/optimate.si\/hr\/wp-json\/wp\/v2\/types\/product"}],"replies":[{"embeddable":true,"href":"https:\/\/optimate.si\/hr\/wp-json\/wp\/v2\/comments?post=1289"}],"wp:featuredmedia":[{"embeddable":true,"href":"https:\/\/optimate.si\/hr\/wp-json\/wp\/v2\/media\/32648"}],"wp:attachment":[{"href":"https:\/\/optimate.si\/hr\/wp-json\/wp\/v2\/media?parent=1289"}],"wp:term":[{"taxonomy":"product_brand","embeddable":true,"href":"https:\/\/optimate.si\/hr\/wp-json\/wp\/v2\/product_brand?post=1289"},{"taxonomy":"product_cat","embeddable":true,"href":"https:\/\/optimate.si\/hr\/wp-json\/wp\/v2\/product_cat?post=1289"},{"taxonomy":"product_tag","embeddable":true,"href":"https:\/\/optimate.si\/hr\/wp-json\/wp\/v2\/product_tag?post=1289"}],"curies":[{"name":"wp","href":"https:\/\/api.w.org\/{rel}","templated":true}]}}