{"id":1331,"date":"2025-12-08T00:03:18","date_gmt":"2025-12-07T23:03:18","guid":{"rendered":"https:\/\/optimate.si\/product\/zollex-metlica-bricalca-hd-480\/"},"modified":"2026-05-05T10:22:25","modified_gmt":"2026-05-05T08:22:25","slug":"zollex-metlica-bricalca-hd-480","status":"publish","type":"product","link":"https:\/\/optimate.si\/hr\/product\/zollex-metlica-bricalca-hd-480\/","title":{"rendered":"Metlica bricalca HD-480"},"content":{"rendered":"<p><a target=\"_blank\" href=\"https:\/\/assets.optimate.si\/products-catalogs\/1fac155a.pdf\">Katalog<\/a><br \/><a target=\"_blank\" href=\"https:\/\/optimate.si\/hr\/navodila-za-brisalce\/\">Navodila za namestitev<\/a><\/p>\n<p>Hibridne metlice brisalcev zdru\u017eujejo tradicionalno zmogljivost metlic z estetiko ravnih metlic. Zasnovane so s tehnologijo hitrega brisanja. Njihova integrirana struktura, izdelana za ekstremne vremenske razmere, zagotavlja vzdr\u017eljivost ter izbolj\u0161an oprijem vetrobranskega stekla, hkrati pa zagotavlja odpornost proti prahu in umazaniji brez \u017ertvovanja stila.<\/p>\n<p>Klju\u010dne zna\u010dilnosti:<\/p>\n<p>\u2022Eleganten, aerodinami\u010den profil<br \/>\u2022Vrhunska gumijasta konstrukcija s precizno odrezanimi robovi<br \/>\u2022Izjemno brisanje v zahtevnih pogojih<br \/>Vzdr\u017eljivost: Premazana jeklena hrbtenica in grafitno prevle\u010dena guma zagotavljata visoko odpornost proti UV-\u017earkom in okoljskim vplivom.<br \/>U\u010dinkovitost: Aerodinami\u010dna oblika zagotavlja optimalno zmogljivost pri visokih hitrostih ter ti\u0161je delovanje.<br \/>Brisalci imajo 11 adapterjev.<\/p>\n<p>14&#8243; (350 mm), 15&#8243; (380 mm), 16&#8243; (400 mm), 17&#8243; (430 mm), 18&#8243; (450 mm), 19&#8243; (480 mm), 20&#8243; (500 mm), 21&#8243; (530 mm), 22&#8243; (550 mm), 23&#8243; (580 mm), 24&#8243; (600 mm), 25&#8243; (630 mm), 26&#8243; (650 mm), 28&#8243; (700 mm), 29&#8243; (730 mm), 30&#8243; (750 mm), 32&#8243; (800 mm)<\/p>\n<p><\/p>\n<p>\u0160ifra izdelka: 04025<\/p>","protected":false},"excerpt":{"rendered":"<p>Hibridne metlice brisalcev zdru\u017eujejo tradicionalno zmogljivost metlic z estetiko ravnih metlic<\/p>","protected":false},"featured_media":32104,"comment_status":"open","ping_status":"closed","template":"","meta":{"_uag_custom_page_level_css":""},"product_brand":[],"product_cat":[41],"product_tag":[],"class_list":{"0":"post-1331","1":"product","2":"type-product","3":"status-publish","4":"has-post-thumbnail","6":"product_cat-02hibridni","8":"first","9":"instock","10":"taxable","11":"shipping-taxable","12":"purchasable","13":"product-type-simple"},"uagb_featured_image_src":{"full":["https:\/\/optimate.si\/wp-content\/uploads\/2026\/05\/f04e9691-19.jpg",1024,1024,false],"thumbnail":["https:\/\/optimate.si\/wp-content\/uploads\/2026\/05\/f04e9691-19-150x150.jpg",150,150,true],"medium":["https:\/\/optimate.si\/wp-content\/uploads\/2026\/05\/f04e9691-19-300x300.jpg",300,300,true],"medium_large":["https:\/\/optimate.si\/wp-content\/uploads\/2026\/05\/f04e9691-19-768x768.jpg",768,768,true],"large":["https:\/\/optimate.si\/wp-content\/uploads\/2026\/05\/f04e9691-19.jpg",980,980,false],"1536x1536":["https:\/\/optimate.si\/wp-content\/uploads\/2026\/05\/f04e9691-19.jpg",1024,1024,false],"2048x2048":["https:\/\/optimate.si\/wp-content\/uploads\/2026\/05\/f04e9691-19.jpg",1024,1024,false],"trp-custom-language-flag":["https:\/\/optimate.si\/wp-content\/uploads\/2026\/05\/f04e9691-19-12x12.jpg",12,12,true],"woocommerce_thumbnail":["https:\/\/optimate.si\/wp-content\/uploads\/2026\/05\/f04e9691-19-324x389.jpg",324,389,true],"woocommerce_single":["https:\/\/optimate.si\/wp-content\/uploads\/2026\/05\/f04e9691-19-416x416.jpg",416,416,true],"woocommerce_gallery_thumbnail":["https:\/\/optimate.si\/wp-content\/uploads\/2026\/05\/f04e9691-19-100x100.jpg",100,100,true]},"uagb_author_info":{"display_name":"sergey","author_link":"https:\/\/optimate.si\/hr\/author\/"},"uagb_comment_info":0,"uagb_excerpt":"Hibridne metlice brisalcev zdru\u017eujejo tradicionalno zmogljivost metlic z estetiko ravnih metlic","_links":{"self":[{"href":"https:\/\/optimate.si\/hr\/wp-json\/wp\/v2\/product\/1331","targetHints":{"allow":["GET"]}}],"collection":[{"href":"https:\/\/optimate.si\/hr\/wp-json\/wp\/v2\/product"}],"about":[{"href":"https:\/\/optimate.si\/hr\/wp-json\/wp\/v2\/types\/product"}],"replies":[{"embeddable":true,"href":"https:\/\/optimate.si\/hr\/wp-json\/wp\/v2\/comments?post=1331"}],"wp:featuredmedia":[{"embeddable":true,"href":"https:\/\/optimate.si\/hr\/wp-json\/wp\/v2\/media\/32104"}],"wp:attachment":[{"href":"https:\/\/optimate.si\/hr\/wp-json\/wp\/v2\/media?parent=1331"}],"wp:term":[{"taxonomy":"product_brand","embeddable":true,"href":"https:\/\/optimate.si\/hr\/wp-json\/wp\/v2\/product_brand?post=1331"},{"taxonomy":"product_cat","embeddable":true,"href":"https:\/\/optimate.si\/hr\/wp-json\/wp\/v2\/product_cat?post=1331"},{"taxonomy":"product_tag","embeddable":true,"href":"https:\/\/optimate.si\/hr\/wp-json\/wp\/v2\/product_tag?post=1331"}],"curies":[{"name":"wp","href":"https:\/\/api.w.org\/{rel}","templated":true}]}}