{"id":1358,"date":"2025-12-08T00:03:42","date_gmt":"2025-12-07T23:03:42","guid":{"rendered":"https:\/\/optimate.si\/product\/zollex-triger-cistilo-platisc-pro-500ml\/"},"modified":"2026-05-10T18:00:11","modified_gmt":"2026-05-10T16:00:11","slug":"010zollex-triger-cistilo-platisc-pro-500ml","status":"publish","type":"product","link":"https:\/\/optimate.si\/hr\/product\/010zollex-triger-cistilo-platisc-pro-500ml\/","title":{"rendered":"RedWheel"},"content":{"rendered":"<p><iframe loading=\"lazy\" title=\"RED WHEEL CLEANER? What is it?\" width=\"980\" height=\"551\" src=\"https:\/\/www.youtube.com\/embed\/lxbMxXoqYT4?feature=oembed\" frameborder=\"0\" allow=\"accelerometer; autoplay; clipboard-write; encrypted-media; gyroscope; picture-in-picture; web-share\" referrerpolicy=\"strict-origin-when-cross-origin\" allowfullscreen><\/iframe> <\/p>\n<p><strong>RedWheel<\/strong> je zasnovan za hitro odstranjevanje zavornega prahu, kovinskih delcev in druge cestne umazanije.<\/p>\n<p>\u010cistilo reagira z delci \u017eeleza iz zavornih plo\u0161\u010dic in diskov ter se ob stiku <strong>obarva rde\u010de<\/strong>, kar jasno poka\u017ee, kje se umazanija razgrajuje. \u010cistilo prodre globoko v umazanijo in u\u010dinkovito o\u010disti tudi te\u017eko dostopne dele plati\u0161\u010d. V ve\u010dini primerov zadostuje <strong>pr\u0161enje in izpiranje<\/strong>, brez drgnjenja.<\/p>\n<hr>\n<h3>Klju\u010dne lastnosti<\/h3>\n<p>\u2022 Reagira s kovinskimi delci in ustvari \u201ckrvave\u010d\u201d u\u010dinek<br \/>\u2022 U\u010dinkovito odstranjuje zavorni prah in kovinske delce<br \/>\u2022 Primerno za aluminijasta in jeklena plati\u0161\u010da<\/p>\n<hr>\n<h3>Uporaba<\/h3>\n<ol>\n<li>\n<p>Prepri\u010dajte se, da so <strong>plati\u0161\u010da ohlajena in suha<\/strong>.<\/p>\n<\/li>\n<li>\n<p>Razpr\u0161ite \u010distilo po povr\u0161ini plati\u0161\u010da.<\/p>\n<\/li>\n<li>\n<p>Pustite, da \u010distilo deluje, dokler se <strong>ne obarva rde\u010de<\/strong>.<\/p>\n<\/li>\n<li>\n<p>Sperite plati\u0161\u010da z <strong>vodo pod pritiskom ali z gobico<\/strong>.<\/p>\n<\/li>\n<\/ol>\n<p>\u0160ifra izdelka: 04037<\/p>","protected":false},"excerpt":{"rendered":"<p>Zakaj drgnje\u0161, \u010de RedWheel raztopi zavorni prah in umazanijo sam? Nanese\u0161, po\u010daka\u0161, splakne\u0161. Plati\u0161\u010da spet izgledajo kot nova.<\/p>","protected":false},"featured_media":32773,"comment_status":"open","ping_status":"closed","template":"","meta":{"_uag_custom_page_level_css":""},"product_brand":[],"product_cat":[22],"product_tag":[],"class_list":{"0":"post-1358","1":"product","2":"type-product","3":"status-publish","4":"has-post-thumbnail","6":"product_cat-01-trigger-spreji","8":"first","9":"instock","10":"taxable","11":"shipping-taxable","12":"purchasable","13":"product-type-simple"},"uagb_featured_image_src":{"full":["https:\/\/optimate.si\/wp-content\/uploads\/2026\/05\/6437aa81-2.jpg",1024,1024,false],"thumbnail":["https:\/\/optimate.si\/wp-content\/uploads\/2026\/05\/6437aa81-2-150x150.jpg",150,150,true],"medium":["https:\/\/optimate.si\/wp-content\/uploads\/2026\/05\/6437aa81-2-300x300.jpg",300,300,true],"medium_large":["https:\/\/optimate.si\/wp-content\/uploads\/2026\/05\/6437aa81-2-768x768.jpg",768,768,true],"large":["https:\/\/optimate.si\/wp-content\/uploads\/2026\/05\/6437aa81-2.jpg",980,980,false],"1536x1536":["https:\/\/optimate.si\/wp-content\/uploads\/2026\/05\/6437aa81-2.jpg",1024,1024,false],"2048x2048":["https:\/\/optimate.si\/wp-content\/uploads\/2026\/05\/6437aa81-2.jpg",1024,1024,false],"trp-custom-language-flag":["https:\/\/optimate.si\/wp-content\/uploads\/2026\/05\/6437aa81-2-12x12.jpg",12,12,true],"woocommerce_thumbnail":["https:\/\/optimate.si\/wp-content\/uploads\/2026\/05\/6437aa81-2-324x389.jpg",324,389,true],"woocommerce_single":["https:\/\/optimate.si\/wp-content\/uploads\/2026\/05\/6437aa81-2-416x416.jpg",416,416,true],"woocommerce_gallery_thumbnail":["https:\/\/optimate.si\/wp-content\/uploads\/2026\/05\/6437aa81-2-100x100.jpg",100,100,true]},"uagb_author_info":{"display_name":"sergey","author_link":"https:\/\/optimate.si\/hr\/author\/"},"uagb_comment_info":4,"uagb_excerpt":"Zakaj drgnje\u0161, \u010de RedWheel raztopi zavorni prah in umazanijo sam? Nanese\u0161, po\u010daka\u0161, splakne\u0161. Plati\u0161\u010da spet izgledajo kot nova.","_links":{"self":[{"href":"https:\/\/optimate.si\/hr\/wp-json\/wp\/v2\/product\/1358","targetHints":{"allow":["GET"]}}],"collection":[{"href":"https:\/\/optimate.si\/hr\/wp-json\/wp\/v2\/product"}],"about":[{"href":"https:\/\/optimate.si\/hr\/wp-json\/wp\/v2\/types\/product"}],"replies":[{"embeddable":true,"href":"https:\/\/optimate.si\/hr\/wp-json\/wp\/v2\/comments?post=1358"}],"wp:featuredmedia":[{"embeddable":true,"href":"https:\/\/optimate.si\/hr\/wp-json\/wp\/v2\/media\/32773"}],"wp:attachment":[{"href":"https:\/\/optimate.si\/hr\/wp-json\/wp\/v2\/media?parent=1358"}],"wp:term":[{"taxonomy":"product_brand","embeddable":true,"href":"https:\/\/optimate.si\/hr\/wp-json\/wp\/v2\/product_brand?post=1358"},{"taxonomy":"product_cat","embeddable":true,"href":"https:\/\/optimate.si\/hr\/wp-json\/wp\/v2\/product_cat?post=1358"},{"taxonomy":"product_tag","embeddable":true,"href":"https:\/\/optimate.si\/hr\/wp-json\/wp\/v2\/product_tag?post=1358"}],"curies":[{"name":"wp","href":"https:\/\/api.w.org\/{rel}","templated":true}]}}