{"id":136,"date":"2025-12-07T23:43:27","date_gmt":"2025-12-07T22:43:27","guid":{"rendered":"https:\/\/optimate.si\/product\/zollex-metlica-brisalca-zadaj-r-412\/"},"modified":"2026-03-29T21:10:48","modified_gmt":"2026-03-29T19:10:48","slug":"zollex-metlica-brisalca-zadaj-r-412","status":"publish","type":"product","link":"https:\/\/optimate.si\/hr\/product\/zollex-metlica-brisalca-zadaj-r-412\/","title":{"rendered":"zadnji brisalec R-412"},"content":{"rendered":"<p><a target=\"_blank\" href=\"https:\/\/assets.optimate.si\/products-catalogs\/1fac155a.pdf\">Katalog<\/a><\/p>\n<p>ZOLLEX metlice brisalcev so izredno kakovostne in trpe\u017ene. Vo\u017enjo naredijo varnej\u0161o in predvsem kvalitetnej\u0161o. Brisalci so narejeni iz 100% gume prevle\u010dene z grafitnim slojem. Zagotavljajo stik s steklom v vseh vremenskih razmerah. Po zaslugi kakovostne gume delujejo skorajda nesli\u0161no. Primerne za vse vrste vozil, saj jih ponujamo v ve\u010d dimenzijah.<\/p>\n<p>CITRO\u00cbN \u2022 C4 11\/04\u203a09\/10 (5-door) \u2022 C4 PICASSO 10\/13\u203a12\/18 \u2022 C4 SPACETOURER 04\/18\u203a12\/22 <\/p>\n<p>FORD \u2022 FIESTA 10\/08\u203a08\/10 09\/10\u203a05\/17 \u2022 FOCUS 11\/08\u203a03\/11 (Estate) 03\/11\u203a06\/18 (5-door) 04\/11\u203a08\/18 (Estate) \u2022 KUGA 06\/08\u203a12\/12 \u2022 MONDEO 06\/07\u203a11\/14 \u2022 S-MAX 02\/09\u203a08\/15 <\/p>\n<p>MITSUBISHI \u2022 COLT 11\/08\u203a06\/12 <\/p>\n<p>NISSAN \u2022 QASHQAI 03\/07\u203a01\/14 <\/p>\n<p>OPEL \u2022 ASTRA 04\/04\u203a12\/09 (5-door) 12\/04\u203a12\/10 (Estate) 09\/06\u203a12\/11 (Van) \u2022 CORSA 01\/15\u203a10\/19 <\/p>\n<p>PEUGEOT \u2022 308 05\/14\u203a11\/21 <\/p>\n<p>RENAULT \u2022 SCENIC 04\/09\u203a09\/16 04\/13\u203a09\/16 \u2022 TWINGO 09\/14\u203a03\/16 (5-door) SAAB \u2022 9.3 09\/05\u203a08\/07 10\/07\u203a07\/12 \u2022 9.5 09\/07\u203a03\/10 <br \/>TOYOTA \u2022 YARIS 01\/06\u203a08\/11 (3-door) (5-door) VOLVO \u2022 V60 08\/15\u203a08\/18 08\/15\u203a06\/18<\/p>\n<p>\u0160ifra izdelka: 00635<\/p>","protected":false},"excerpt":{"rendered":"<p>ZOLLEX metlice brisalcev so izredno kakovostne in trpe\u017ene<\/p>","protected":false},"featured_media":29042,"comment_status":"open","ping_status":"closed","template":"","meta":{"_uag_custom_page_level_css":""},"product_brand":[],"product_cat":[34],"product_tag":[],"class_list":{"0":"post-136","1":"product","2":"type-product","3":"status-publish","4":"has-post-thumbnail","6":"product_cat-040-zadnji-brisalci","8":"first","9":"instock","10":"taxable","11":"shipping-taxable","12":"purchasable","13":"product-type-simple"},"uagb_featured_image_src":{"full":["https:\/\/optimate.si\/wp-content\/uploads\/2026\/03\/ffdf753a-1.png",819,1024,false],"thumbnail":["https:\/\/optimate.si\/wp-content\/uploads\/2026\/03\/ffdf753a-1-150x150.png",150,150,true],"medium":["https:\/\/optimate.si\/wp-content\/uploads\/2026\/03\/ffdf753a-1-240x300.png",240,300,true],"medium_large":["https:\/\/optimate.si\/wp-content\/uploads\/2026\/03\/ffdf753a-1-768x960.png",768,960,true],"large":["https:\/\/optimate.si\/wp-content\/uploads\/2026\/03\/ffdf753a-1.png",819,1024,false],"1536x1536":["https:\/\/optimate.si\/wp-content\/uploads\/2026\/03\/ffdf753a-1.png",819,1024,false],"2048x2048":["https:\/\/optimate.si\/wp-content\/uploads\/2026\/03\/ffdf753a-1.png",819,1024,false],"trp-custom-language-flag":["https:\/\/optimate.si\/wp-content\/uploads\/2026\/03\/ffdf753a-1.png",10,12,false],"woocommerce_thumbnail":["https:\/\/optimate.si\/wp-content\/uploads\/2026\/03\/ffdf753a-1-324x389.png",324,389,true],"woocommerce_single":["https:\/\/optimate.si\/wp-content\/uploads\/2026\/03\/ffdf753a-1-416x520.png",416,520,true],"woocommerce_gallery_thumbnail":["https:\/\/optimate.si\/wp-content\/uploads\/2026\/03\/ffdf753a-1-100x100.png",100,100,true]},"uagb_author_info":{"display_name":"sergey","author_link":"https:\/\/optimate.si\/hr\/author\/"},"uagb_comment_info":0,"uagb_excerpt":"ZOLLEX metlice brisalcev so izredno kakovostne in trpe\u017ene","_links":{"self":[{"href":"https:\/\/optimate.si\/hr\/wp-json\/wp\/v2\/product\/136","targetHints":{"allow":["GET"]}}],"collection":[{"href":"https:\/\/optimate.si\/hr\/wp-json\/wp\/v2\/product"}],"about":[{"href":"https:\/\/optimate.si\/hr\/wp-json\/wp\/v2\/types\/product"}],"replies":[{"embeddable":true,"href":"https:\/\/optimate.si\/hr\/wp-json\/wp\/v2\/comments?post=136"}],"wp:featuredmedia":[{"embeddable":true,"href":"https:\/\/optimate.si\/hr\/wp-json\/wp\/v2\/media\/29042"}],"wp:attachment":[{"href":"https:\/\/optimate.si\/hr\/wp-json\/wp\/v2\/media?parent=136"}],"wp:term":[{"taxonomy":"product_brand","embeddable":true,"href":"https:\/\/optimate.si\/hr\/wp-json\/wp\/v2\/product_brand?post=136"},{"taxonomy":"product_cat","embeddable":true,"href":"https:\/\/optimate.si\/hr\/wp-json\/wp\/v2\/product_cat?post=136"},{"taxonomy":"product_tag","embeddable":true,"href":"https:\/\/optimate.si\/hr\/wp-json\/wp\/v2\/product_tag?post=136"}],"curies":[{"name":"wp","href":"https:\/\/api.w.org\/{rel}","templated":true}]}}