{"id":1361,"date":"2025-12-08T00:03:45","date_gmt":"2025-12-07T23:03:45","guid":{"rendered":"https:\/\/optimate.si\/product\/zollex-metlica-brisalca-zadaj-r-1712\/"},"modified":"2026-05-04T10:42:08","modified_gmt":"2026-05-04T08:42:08","slug":"zollex-metlica-brisalca-zadaj-r-1712","status":"publish","type":"product","link":"https:\/\/optimate.si\/hr\/product\/zollex-metlica-brisalca-zadaj-r-1712\/","title":{"rendered":"zadnji brisalec R-1712"},"content":{"rendered":"<p><a target=\"_blank\" href=\"https:\/\/assets.optimate.si\/products-catalogs\/1fac155a.pdf\">Katalog<\/a><\/p>\n<p>ZOLLEX metlice brisalcev so izredno kakovostne in trpe\u017ene. Vo\u017enjo naredijo varnej\u0161o in predvsem kvalitetnej\u0161o. Brisalci so narejeni iz 100% gume prevle\u010dene z grafitnim slojem. Zagotavljajo stik s steklom v vseh vremenskih razmerah. Po zaslugi kakovostne gume delujejo skorajda nesli\u0161no. Primerne za vse vrste vozil, saj jih ponujamo v ve\u010d dimenzijah.<\/p>\n<p>BMW \u2022 1-SERIES 09\/11\u203a08\/19 (5-door) 09\/12\u203a08\/19 (3-door) \u2022 ACTIVE TOURER 10\/14\u203a01\/22 \u2022 X5 11\/13\u203a10\/18 <\/p>\n<p>CITRO\u00cbN \u2022 C-CROSSER 07\/07\u203a12\/12 \u2022 C-ZERO 01\/11\u203a <\/p>\n<p>HONDA \u2022 ACCORD 04\/03\u203a03\/08 06\/08\u203a12\/15 \u2022 CIVIC 01\/14\u203a06\/18 (Estate) \u2022 CR-V 11\/18\u203a08\/23 \u2022 JAZZ \/ JAZZ CROSSTAR 06\/20\u203a \u2022 ZR-V E:HEV 07\/23\u203a JEEP \u2022 (JL) 10\/18\u203a <\/p>\n<p>MAZDA \u2022 MAZDA 3 10\/14\u203a02\/19 (5-door) <\/p>\n<p>MITSUBISHI \u2022 ECLIPSE 01\/21\u203a \u2022 I-MIEV 01\/11 \u2022 OUTLANDER 02\/07\u203a09\/12 10\/12\u203a \u2022 PAJERO 12\/06\u203a12\/18 <\/p>\n<p>NISSAN \u2022 CUBE 10\/09\u203a12\/12 \u2022 MICRA 11\/10\u203a02\/17 \u2022 MURANO 10\/08\u203a09\/14 \u2022 NOTE 10\/05\u203a09\/13 10\/13\u203a04\/17 \u2022 PATHFINDER 09\/97\u203a12\/04 03\/05\u203a08\/07 09\/07\u203a08\/15 <\/p>\n<p>PEUGEOT \u2022 4007 07\/07\u203a12\/12 \u2022 ION 01\/11\u203a12\/16 SUBARU \u2022 IMPREZA 01\/18\u203a (5-door) \u2022 XV 12\/11\u203a10\/17 (5-door) 11\/17\u203a (5-door)<\/p>\n<p>SUZUKI \u2022 IGNIS 01\/17\u203a (5-door) \u2022 <\/p>\n<p>LIANA 10\/03\u203a12\/06<\/p>\n<p>\u0160ifra izdelka: 04041<\/p>","protected":false},"excerpt":{"rendered":"<p>ZOLLEX metlice brisalcev so izredno kakovostne in trpe\u017ene. <\/p>","protected":false},"featured_media":32015,"comment_status":"open","ping_status":"closed","template":"","meta":{"_uag_custom_page_level_css":""},"product_brand":[],"product_cat":[34],"product_tag":[],"class_list":{"0":"post-1361","1":"product","2":"type-product","3":"status-publish","4":"has-post-thumbnail","6":"product_cat-040-zadnji-brisalci","8":"first","9":"instock","10":"taxable","11":"shipping-taxable","12":"purchasable","13":"product-type-simple"},"uagb_featured_image_src":{"full":["https:\/\/optimate.si\/wp-content\/uploads\/2026\/05\/7ed9a29f.png",819,1024,false],"thumbnail":["https:\/\/optimate.si\/wp-content\/uploads\/2026\/05\/7ed9a29f-150x150.png",150,150,true],"medium":["https:\/\/optimate.si\/wp-content\/uploads\/2026\/05\/7ed9a29f-240x300.png",240,300,true],"medium_large":["https:\/\/optimate.si\/wp-content\/uploads\/2026\/05\/7ed9a29f-768x960.png",768,960,true],"large":["https:\/\/optimate.si\/wp-content\/uploads\/2026\/05\/7ed9a29f.png",819,1024,false],"1536x1536":["https:\/\/optimate.si\/wp-content\/uploads\/2026\/05\/7ed9a29f.png",819,1024,false],"2048x2048":["https:\/\/optimate.si\/wp-content\/uploads\/2026\/05\/7ed9a29f.png",819,1024,false],"trp-custom-language-flag":["https:\/\/optimate.si\/wp-content\/uploads\/2026\/05\/7ed9a29f-10x12.png",10,12,true],"woocommerce_thumbnail":["https:\/\/optimate.si\/wp-content\/uploads\/2026\/05\/7ed9a29f-324x389.png",324,389,true],"woocommerce_single":["https:\/\/optimate.si\/wp-content\/uploads\/2026\/05\/7ed9a29f-416x520.png",416,520,true],"woocommerce_gallery_thumbnail":["https:\/\/optimate.si\/wp-content\/uploads\/2026\/05\/7ed9a29f-100x100.png",100,100,true]},"uagb_author_info":{"display_name":"sergey","author_link":"https:\/\/optimate.si\/hr\/author\/"},"uagb_comment_info":0,"uagb_excerpt":"ZOLLEX metlice brisalcev so izredno kakovostne in trpe\u017ene.","_links":{"self":[{"href":"https:\/\/optimate.si\/hr\/wp-json\/wp\/v2\/product\/1361","targetHints":{"allow":["GET"]}}],"collection":[{"href":"https:\/\/optimate.si\/hr\/wp-json\/wp\/v2\/product"}],"about":[{"href":"https:\/\/optimate.si\/hr\/wp-json\/wp\/v2\/types\/product"}],"replies":[{"embeddable":true,"href":"https:\/\/optimate.si\/hr\/wp-json\/wp\/v2\/comments?post=1361"}],"wp:featuredmedia":[{"embeddable":true,"href":"https:\/\/optimate.si\/hr\/wp-json\/wp\/v2\/media\/32015"}],"wp:attachment":[{"href":"https:\/\/optimate.si\/hr\/wp-json\/wp\/v2\/media?parent=1361"}],"wp:term":[{"taxonomy":"product_brand","embeddable":true,"href":"https:\/\/optimate.si\/hr\/wp-json\/wp\/v2\/product_brand?post=1361"},{"taxonomy":"product_cat","embeddable":true,"href":"https:\/\/optimate.si\/hr\/wp-json\/wp\/v2\/product_cat?post=1361"},{"taxonomy":"product_tag","embeddable":true,"href":"https:\/\/optimate.si\/hr\/wp-json\/wp\/v2\/product_tag?post=1361"}],"curies":[{"name":"wp","href":"https:\/\/api.w.org\/{rel}","templated":true}]}}