{"id":1364,"date":"2025-12-08T00:03:48","date_gmt":"2025-12-07T23:03:48","guid":{"rendered":"https:\/\/optimate.si\/product\/zollex-metlica-brisalca-zadaj-r-1714\/"},"modified":"2026-05-04T10:42:10","modified_gmt":"2026-05-04T08:42:10","slug":"zollex-metlica-brisalca-zadaj-r-1714","status":"publish","type":"product","link":"https:\/\/optimate.si\/hr\/product\/zollex-metlica-brisalca-zadaj-r-1714\/","title":{"rendered":"zadnji brisalec R-1714"},"content":{"rendered":"<p><a target=\"_blank\" href=\"https:\/\/assets.optimate.si\/products-catalogs\/1fac155a.pdf\">Katalog<\/a><\/p>\n<p>ZOLLEX metlice brisalcev so izredno kakovostne in trpe\u017ene. Vo\u017enjo naredijo varnej\u0161o in predvsem kvalitetnej\u0161o. Brisalci so narejeni iz 100% gume prevle\u010dene z grafitnim slojem. Zagotavljajo stik s steklom v vseh vremenskih razmerah. Po zaslugi kakovostne gume delujejo skorajda nesli\u0161no. Primerne za vse vrste vozil, saj jih ponujamo v ve\u010d dimenzijah.<\/p>\n<p><strong>HONDA <\/strong>\u2022 CR-V 01\/07\u203a09\/12 \u2022 E:NY1 09\/23\u203a \u2022 HONDA-E 06\/20\u203a \u2022 HR-V \/ E:HEV 01\/22\u203a \u2022 JAZZ 2 &#8211; (generation) &#8211; 01\/02\u203a10\/08 3 &#8211; (generation) &#8211; 11\/08\u203a09\/15 4 &#8211; (generation) &#8211; 10\/15\u203a05\/20 <\/p>\n<p><strong>MAZDA <\/strong>\u2022 CX-30 09\/19\u203a \u2022 MAZDA 2 1 &#8211; (generation) &#8211; 03\/03\u203a09\/07 2 &#8211; (generation) &#8211; 10\/07\u203a03\/15 3 &#8211; (generation) &#8211; 04\/15\u203a02\/22 \u2022 MAZDA 3 03\/19\u203a (5-door) \u2022 MX-30 09\/20\u203a <\/p>\n<p><strong>MITSUBISHI <\/strong>\u2022 SPORTBACK \/ RALLIART 10\/08\u203a <\/p>\n<p><strong>NISSAN <\/strong>\u2022 ARIYA 09\/22\u203a \u2022 2 \/ LEAF 2 ZERO 02\/18\u203a \u2022 MURANO 11\/04\u203a12\/08 \u2022 NV 200 \/ EVALIA 12\/09\u203a \u2022 X-TRAIL 07\/07\u203a06\/14 <\/p>\n<p><strong>SUBARU <\/strong>\u2022 FORESTER 2 &#8211; (generation) &#8211; 01\/05\u203a03\/08 3 &#8211; (generation) &#8211; 04\/08\u203a01\/13 4 &#8211; (generation) &#8211; 02\/13\u203a11\/19 5 &#8211; (generation) E-BOXER &#8211; 12\/19\u203a \u2022 IMPREZA 01\/05\u203a12\/07 (Estate) WRX \/ STI &#8211; 10\/07\u203a04\/14 (5-door) \u2022 OUTBACK 09\/04\u203a09\/09 (Estate) 04\/10\u203a12\/14 (Estate) \u2022 LEVORG 10\/15\u203a01\/21 (Estate) <\/p>\n<p><strong>TATA <\/strong>\u2022 HEXA 07\/16\u203a<\/p>\n<p>\u0160ifra izdelka: 04042<\/p>","protected":false},"excerpt":{"rendered":"<p>ZOLLEX metlice brisalcev so izredno kakovostne in trpe\u017ene.<\/p>","protected":false},"featured_media":32017,"comment_status":"open","ping_status":"closed","template":"","meta":{"_uag_custom_page_level_css":""},"product_brand":[],"product_cat":[34],"product_tag":[],"class_list":{"0":"post-1364","1":"product","2":"type-product","3":"status-publish","4":"has-post-thumbnail","6":"product_cat-040-zadnji-brisalci","8":"first","9":"instock","10":"taxable","11":"shipping-taxable","12":"purchasable","13":"product-type-simple"},"uagb_featured_image_src":{"full":["https:\/\/optimate.si\/wp-content\/uploads\/2026\/05\/16e8b146.png",819,1024,false],"thumbnail":["https:\/\/optimate.si\/wp-content\/uploads\/2026\/05\/16e8b146-150x150.png",150,150,true],"medium":["https:\/\/optimate.si\/wp-content\/uploads\/2026\/05\/16e8b146-240x300.png",240,300,true],"medium_large":["https:\/\/optimate.si\/wp-content\/uploads\/2026\/05\/16e8b146-768x960.png",768,960,true],"large":["https:\/\/optimate.si\/wp-content\/uploads\/2026\/05\/16e8b146.png",819,1024,false],"1536x1536":["https:\/\/optimate.si\/wp-content\/uploads\/2026\/05\/16e8b146.png",819,1024,false],"2048x2048":["https:\/\/optimate.si\/wp-content\/uploads\/2026\/05\/16e8b146.png",819,1024,false],"trp-custom-language-flag":["https:\/\/optimate.si\/wp-content\/uploads\/2026\/05\/16e8b146-10x12.png",10,12,true],"woocommerce_thumbnail":["https:\/\/optimate.si\/wp-content\/uploads\/2026\/05\/16e8b146-324x389.png",324,389,true],"woocommerce_single":["https:\/\/optimate.si\/wp-content\/uploads\/2026\/05\/16e8b146-416x520.png",416,520,true],"woocommerce_gallery_thumbnail":["https:\/\/optimate.si\/wp-content\/uploads\/2026\/05\/16e8b146-100x100.png",100,100,true]},"uagb_author_info":{"display_name":"sergey","author_link":"https:\/\/optimate.si\/hr\/author\/"},"uagb_comment_info":0,"uagb_excerpt":"ZOLLEX metlice brisalcev so izredno kakovostne in trpe\u017ene.","_links":{"self":[{"href":"https:\/\/optimate.si\/hr\/wp-json\/wp\/v2\/product\/1364","targetHints":{"allow":["GET"]}}],"collection":[{"href":"https:\/\/optimate.si\/hr\/wp-json\/wp\/v2\/product"}],"about":[{"href":"https:\/\/optimate.si\/hr\/wp-json\/wp\/v2\/types\/product"}],"replies":[{"embeddable":true,"href":"https:\/\/optimate.si\/hr\/wp-json\/wp\/v2\/comments?post=1364"}],"wp:featuredmedia":[{"embeddable":true,"href":"https:\/\/optimate.si\/hr\/wp-json\/wp\/v2\/media\/32017"}],"wp:attachment":[{"href":"https:\/\/optimate.si\/hr\/wp-json\/wp\/v2\/media?parent=1364"}],"wp:term":[{"taxonomy":"product_brand","embeddable":true,"href":"https:\/\/optimate.si\/hr\/wp-json\/wp\/v2\/product_brand?post=1364"},{"taxonomy":"product_cat","embeddable":true,"href":"https:\/\/optimate.si\/hr\/wp-json\/wp\/v2\/product_cat?post=1364"},{"taxonomy":"product_tag","embeddable":true,"href":"https:\/\/optimate.si\/hr\/wp-json\/wp\/v2\/product_tag?post=1364"}],"curies":[{"name":"wp","href":"https:\/\/api.w.org\/{rel}","templated":true}]}}