{"id":1369,"date":"2025-12-08T00:03:52","date_gmt":"2025-12-07T23:03:52","guid":{"rendered":"https:\/\/optimate.si\/product\/zollex-nadomestne-gumice-za-brisalce-2pcs-6mm-2b\/"},"modified":"2026-05-09T16:41:55","modified_gmt":"2026-05-09T14:41:55","slug":"zollex-nadomestne-gumice-za-brisalce-2pcs-6mm-2b","status":"publish","type":"product","link":"https:\/\/optimate.si\/hr\/product\/zollex-nadomestne-gumice-za-brisalce-2pcs-6mm-2b\/","title":{"rendered":"Nadomestne gumice za brisalce  28\u201d"},"content":{"rendered":"<p><iframe loading=\"lazy\" title=\"Metal Frame Wiper Blade RUBBER Replacement | QUICK GUIDE\" width=\"980\" height=\"551\" src=\"https:\/\/www.youtube.com\/embed\/3-DtrRR5eOE?feature=oembed\" frameborder=\"0\" allow=\"accelerometer; autoplay; clipboard-write; encrypted-media; gyroscope; picture-in-picture; web-share\" referrerpolicy=\"strict-origin-when-cross-origin\" allowfullscreen><\/iframe> <\/p>\n<h2><strong>100 % naravna guma + nano grafitni premaz<\/strong><\/h2>\n<p>Obnovite delovanje brisalcev, ne da bi zamenjali celoten brisalec. Zollex gumice za brisalce so izdelane iz visokokakovostne naravne gume z nano grafitnim premazom, ki zagotavlja tiho brisanje brez sledi v vseh vremenskih pogojih. Optimiziran gumijast profil u\u010dinkovito odvaja mo\u010dan de\u017e in odstranjuje umazanijo, ne da bi po\u0161kodoval vetrobransko steklo.<\/p>\n<p>Zdru\u017eljivo z ve\u010dino standardnih brisalcev, ki uporabljajo 6 mm vstavni kanal. Idealno za voznike, ki \u017eelijo ohraniti jasno vidljivost in se izogniti vi\u0161jim stro\u0161kom zamenjave celotnega brisalca, \u0161e posebej za vozila z OEM-specifi\u010dnimi sistemi brisalcev.<\/p>\n<p>Zamenjava samo gumijastega vlo\u017eka pomaga podalj\u0161ati \u017eivljenjsko dobo va\u0161ih obstoje\u010dih ro\u010dic brisalcev in zmanj\u0161uje odpadke.<\/p>\n<p>Enostavno za rezanje in namestitev<br \/>Gladko delovanje in pove\u010dana vzdr\u017eljivost<\/p>\n<p><strong>Oglejte si na\u0161e podrobne vadnice za zamenjavo na YouTubu<\/strong> za hitro in enostavno namestitev.<\/p>\n<p>\u0160ifra izdelka: 04043<\/p>","protected":false},"excerpt":{"rendered":"<p>Visokokakovostne univerzalne gumice za brisalce (2 kosa, 700 mm) izdelane iz naravne gume z nano grafitnim premazom za tiho brisanje brez sledi in enostavno zamenjavo.<\/p>","protected":false},"featured_media":32777,"comment_status":"open","ping_status":"closed","template":"","meta":{"_uag_custom_page_level_css":""},"product_brand":[],"product_cat":[35],"product_tag":[],"class_list":{"0":"post-1369","1":"product","2":"type-product","3":"status-publish","4":"has-post-thumbnail","6":"product_cat-01-univerzalni","8":"first","9":"instock","10":"taxable","11":"shipping-taxable","12":"purchasable","13":"product-type-simple"},"uagb_featured_image_src":{"full":["https:\/\/optimate.si\/wp-content\/uploads\/2026\/05\/578232f1-3.png",819,1024,false],"thumbnail":["https:\/\/optimate.si\/wp-content\/uploads\/2026\/05\/578232f1-3-150x150.png",150,150,true],"medium":["https:\/\/optimate.si\/wp-content\/uploads\/2026\/05\/578232f1-3-240x300.png",240,300,true],"medium_large":["https:\/\/optimate.si\/wp-content\/uploads\/2026\/05\/578232f1-3-768x960.png",768,960,true],"large":["https:\/\/optimate.si\/wp-content\/uploads\/2026\/05\/578232f1-3.png",819,1024,false],"1536x1536":["https:\/\/optimate.si\/wp-content\/uploads\/2026\/05\/578232f1-3.png",819,1024,false],"2048x2048":["https:\/\/optimate.si\/wp-content\/uploads\/2026\/05\/578232f1-3.png",819,1024,false],"trp-custom-language-flag":["https:\/\/optimate.si\/wp-content\/uploads\/2026\/05\/578232f1-3-10x12.png",10,12,true],"woocommerce_thumbnail":["https:\/\/optimate.si\/wp-content\/uploads\/2026\/05\/578232f1-3-324x389.png",324,389,true],"woocommerce_single":["https:\/\/optimate.si\/wp-content\/uploads\/2026\/05\/578232f1-3-416x520.png",416,520,true],"woocommerce_gallery_thumbnail":["https:\/\/optimate.si\/wp-content\/uploads\/2026\/05\/578232f1-3-100x100.png",100,100,true]},"uagb_author_info":{"display_name":"sergey","author_link":"https:\/\/optimate.si\/hr\/author\/"},"uagb_comment_info":1,"uagb_excerpt":"Visokokakovostne univerzalne gumice za brisalce (2 kosa, 700 mm) izdelane iz naravne gume z nano grafitnim premazom za tiho brisanje brez sledi in enostavno zamenjavo.","_links":{"self":[{"href":"https:\/\/optimate.si\/hr\/wp-json\/wp\/v2\/product\/1369","targetHints":{"allow":["GET"]}}],"collection":[{"href":"https:\/\/optimate.si\/hr\/wp-json\/wp\/v2\/product"}],"about":[{"href":"https:\/\/optimate.si\/hr\/wp-json\/wp\/v2\/types\/product"}],"replies":[{"embeddable":true,"href":"https:\/\/optimate.si\/hr\/wp-json\/wp\/v2\/comments?post=1369"}],"wp:featuredmedia":[{"embeddable":true,"href":"https:\/\/optimate.si\/hr\/wp-json\/wp\/v2\/media\/32777"}],"wp:attachment":[{"href":"https:\/\/optimate.si\/hr\/wp-json\/wp\/v2\/media?parent=1369"}],"wp:term":[{"taxonomy":"product_brand","embeddable":true,"href":"https:\/\/optimate.si\/hr\/wp-json\/wp\/v2\/product_brand?post=1369"},{"taxonomy":"product_cat","embeddable":true,"href":"https:\/\/optimate.si\/hr\/wp-json\/wp\/v2\/product_cat?post=1369"},{"taxonomy":"product_tag","embeddable":true,"href":"https:\/\/optimate.si\/hr\/wp-json\/wp\/v2\/product_tag?post=1369"}],"curies":[{"name":"wp","href":"https:\/\/api.w.org\/{rel}","templated":true}]}}