{"id":1377,"date":"2025-12-08T00:03:57","date_gmt":"2025-12-07T23:03:57","guid":{"rendered":"https:\/\/optimate.si\/product\/zollex-sprej-odstranjevalec-rje-rust-remover-450ml\/"},"modified":"2026-05-05T14:45:22","modified_gmt":"2026-05-05T12:45:22","slug":"040-zollex-sprej-odstranjevalec-rje-rust-remover-450ml","status":"publish","type":"product","link":"https:\/\/optimate.si\/hr\/product\/040-zollex-sprej-odstranjevalec-rje-rust-remover-450ml\/","title":{"rendered":"Sprej odstranjevalec rje 450 ml SMART STRAW"},"content":{"rendered":"<p>Odstranjevalec rje vsebuje aktivne sestavine, ki imajo izjemno u\u010dinkovitost prodiranja in raztapljanja. Zagotavlja enostavno razrahljanje zarjavelih navojev. Masti torne povr\u0161ine ter odpravlja \u0161kripanje in lepljenje delov. \u0160\u010diti kovinske dele pred korozijo in rjo. Iz povr\u0161ine \u010disti stare masti in oljne made\u017ee. Odstranjuje rjo in prepre\u010duje korozijo. Raztaplja netopljivo tehni\u010dno umazanijo. Nima \u0161kodljivega vpliva na lakirane povr\u0161ine.<br \/>Uporaba: Stekleni\u010dko pretresite pred uporabo. Izdelek razpr\u0161ite z razdalje 15\u201320 cm in po\u010dakajte nekaj minut. V primeru mo\u010dnej\u0161e korozije nepovezanih delov najprej odstranite umazanijo in zmeh\u010dajte rjo z \u017ei\u010dno krta\u010do, zatem pa pr\u0161ite z izdelkom v ve\u010d stopnjah.<br \/>Na voljo v 450ml pakiranju<\/p>\n<p><\/p>\n<p><a target=\"_blank\" rel=\"noopener noreferrer nofollow\" href=\"https:\/\/my.chemius.net\/p\/CvvaVt\/en\/pd\/en\">MSDS<\/a><\/p>\n<p>\u0160ifra izdelka: 04045<\/p>","protected":false},"excerpt":{"rendered":"<p>Odstranjevalec rje vsebuje aktivne sestavine, ki imajo izjemno u\u010dinkovitost prodiranja in raztapljanja<\/p>","protected":false},"featured_media":32349,"comment_status":"open","ping_status":"closed","template":"","meta":{"_uag_custom_page_level_css":""},"product_brand":[],"product_cat":[17],"product_tag":[],"class_list":{"0":"post-1377","1":"product","2":"type-product","3":"status-publish","4":"has-post-thumbnail","6":"product_cat-03-tehnicna-kemija","8":"first","9":"instock","10":"taxable","11":"shipping-taxable","12":"purchasable","13":"product-type-simple"},"uagb_featured_image_src":{"full":["https:\/\/optimate.si\/wp-content\/uploads\/2026\/05\/b2fad8c3-1.jpeg",1024,1024,false],"thumbnail":["https:\/\/optimate.si\/wp-content\/uploads\/2026\/05\/b2fad8c3-1-150x150.jpeg",150,150,true],"medium":["https:\/\/optimate.si\/wp-content\/uploads\/2026\/05\/b2fad8c3-1-300x300.jpeg",300,300,true],"medium_large":["https:\/\/optimate.si\/wp-content\/uploads\/2026\/05\/b2fad8c3-1-768x768.jpeg",768,768,true],"large":["https:\/\/optimate.si\/wp-content\/uploads\/2026\/05\/b2fad8c3-1.jpeg",980,980,false],"1536x1536":["https:\/\/optimate.si\/wp-content\/uploads\/2026\/05\/b2fad8c3-1.jpeg",1024,1024,false],"2048x2048":["https:\/\/optimate.si\/wp-content\/uploads\/2026\/05\/b2fad8c3-1.jpeg",1024,1024,false],"trp-custom-language-flag":["https:\/\/optimate.si\/wp-content\/uploads\/2026\/05\/b2fad8c3-1-12x12.jpeg",12,12,true],"woocommerce_thumbnail":["https:\/\/optimate.si\/wp-content\/uploads\/2026\/05\/b2fad8c3-1-324x389.jpeg",324,389,true],"woocommerce_single":["https:\/\/optimate.si\/wp-content\/uploads\/2026\/05\/b2fad8c3-1-416x416.jpeg",416,416,true],"woocommerce_gallery_thumbnail":["https:\/\/optimate.si\/wp-content\/uploads\/2026\/05\/b2fad8c3-1-100x100.jpeg",100,100,true]},"uagb_author_info":{"display_name":"sergey","author_link":"https:\/\/optimate.si\/hr\/author\/"},"uagb_comment_info":1,"uagb_excerpt":"Odstranjevalec rje vsebuje aktivne sestavine, ki imajo izjemno u\u010dinkovitost prodiranja in raztapljanja","_links":{"self":[{"href":"https:\/\/optimate.si\/hr\/wp-json\/wp\/v2\/product\/1377","targetHints":{"allow":["GET"]}}],"collection":[{"href":"https:\/\/optimate.si\/hr\/wp-json\/wp\/v2\/product"}],"about":[{"href":"https:\/\/optimate.si\/hr\/wp-json\/wp\/v2\/types\/product"}],"replies":[{"embeddable":true,"href":"https:\/\/optimate.si\/hr\/wp-json\/wp\/v2\/comments?post=1377"}],"wp:featuredmedia":[{"embeddable":true,"href":"https:\/\/optimate.si\/hr\/wp-json\/wp\/v2\/media\/32349"}],"wp:attachment":[{"href":"https:\/\/optimate.si\/hr\/wp-json\/wp\/v2\/media?parent=1377"}],"wp:term":[{"taxonomy":"product_brand","embeddable":true,"href":"https:\/\/optimate.si\/hr\/wp-json\/wp\/v2\/product_brand?post=1377"},{"taxonomy":"product_cat","embeddable":true,"href":"https:\/\/optimate.si\/hr\/wp-json\/wp\/v2\/product_cat?post=1377"},{"taxonomy":"product_tag","embeddable":true,"href":"https:\/\/optimate.si\/hr\/wp-json\/wp\/v2\/product_tag?post=1377"}],"curies":[{"name":"wp","href":"https:\/\/api.w.org\/{rel}","templated":true}]}}