{"id":139,"date":"2025-12-07T23:43:30","date_gmt":"2025-12-07T22:43:30","guid":{"rendered":"https:\/\/optimate.si\/product\/zollex-metlica-brisalca-zadaj-r-712\/"},"modified":"2026-03-29T21:10:52","modified_gmt":"2026-03-29T19:10:52","slug":"zollex-metlica-brisalca-zadaj-r-712","status":"publish","type":"product","link":"https:\/\/optimate.si\/hr\/product\/zollex-metlica-brisalca-zadaj-r-712\/","title":{"rendered":"zadnji brisalec R-712"},"content":{"rendered":"<p><a target=\"_blank\" href=\"https:\/\/assets.optimate.si\/products-catalogs\/1fac155a.pdf\">Katalog<\/a><\/p>\n<p>ZOLLEX metlice brisalcev so izredno kakovostne in trpe\u017ene. Vo\u017enjo naredijo varnej\u0161o in predvsem kvalitetnej\u0161o. Brisalci so narejeni iz 100% gume prevle\u010dene z grafitnim slojem. Zagotavljajo stik s steklom v vseh vremenskih razmerah. Po zaslugi kakovostne gume delujejo skorajda nesli\u0161no. Primerne za vse vrste vozil, saj jih ponujamo v ve\u010d dimenzijah.<\/p>\n<p>ALFA ROMEO \u2022 MITO 09\/08\u203a12\/18 <\/p>\n<p>CHEVROLET \u2022 AVEO 04\/11\u203a12\/17 (5-door) <\/p>\n<p>CITRO\u00cbN \u2022 C3 11\/09\u203a10\/16 (5-door) 11\/16\u203a (5-door) \u2022 JUMPY 06\/16\u203a (2 rear doors) \u2022 SPACETOURER 06\/16\u203a (2 rear doors) <\/p>\n<p>DACIA \u2022 DUSTER 04\/10\u203a05\/12 <\/p>\n<p>FIAT \u2022 PUNTO 11\/05\u203a10\/18 10\/09\u203a10\/18 \u2022 SCUDO 02\/22\u203a (2 rear doors) \u2022 ULYSSE 02\/22\u203a (2 rear doors) <\/p>\n<p>FORD \u2022 B-MAX 09\/12\u203a04\/18 \u2022 C-MAX 10\/10\u203a10\/19 \u2022 EVEREST (U375) 01\/16\u203a12\/22 <\/p>\n<p>HONDA \u2022 CIVIC 04\/01\u203a12\/05 (5-door) 09\/01\u203a12\/06 (3-door) <\/p>\n<p>HYUNDAI \u2022 BAYON 06\/21\u203a \u2022 I 20 11\/14\u203a09\/20 (5-door) 10\/20\u203a (5-door) 10\/15\u203a09\/20 (5-door) 04\/15\u203a09\/20 (3-door) \u2022 IX 20 10\/10\u203a03\/19 JAGUAR \u2022 XF 01\/13\u203a09\/15 (Estate) <\/p>\n<p>JEEP \u2022 WRANGLER 04\/07\u203a09\/18 <\/p>\n<p>KIA \u2022 VENGA 01\/10\u203a11\/18 <\/p>\n<p>MERCEDES-BENZ \u2022 A-CLASS 09\/04\u203a08\/12 \u2022 B-CLASS 05\/05\u203a10\/11 \u2022 E-CLASS 11\/09\u203a03\/14 (Estate) 04\/14\u203a09\/16 (Estate) \u2022 GL-CLASS 09\/06\u203a11\/12 12\/12\u203a10\/15 \u2022 GLE-CLASS 08\/15\u203a06\/19 \u2022 GLK-CLASS 09\/08\u203a02\/14 03\/14\u203a09\/15 \u2022 GLS-CLASS 11\/15\u203a10\/19 \u2022 ML-CLASS 07\/05\u203a10\/11 11\/11\u203a07\/15 \u2022 R-CLASS 10\/05\u203a07\/13 <\/p>\n<p>NISSAN \u2022 JUKE 10\/10\u203a05\/17 06\/17\u203a10\/19 08\/19\u203a \u2022 MICRA 01\/03\u203a05\/05 (3-door) (5-door) \u2022 PULSAR 09\/14\u203a10\/19 \u2022 QASHQAI 02\/14\u203a05\/21 06\/21\u203a \u2022 TIIDA 05\/11\u203a \u2022 X-TRAIL 07\/14\u203a09\/22 10\/22\u203a <\/p>\n<p>OPEL \u2022 CORSA 09\/06\u203a12\/14 11\/19\u203a \u2022 INSIGNIA 03\/09\u203a03\/17 (Estate) \u2022 MOKKA 03\/21\u203a \u2022 VIVARO 09\/19\u203a (2 rear doors) \u2022 ZAFIRA 09\/19\u203a (2 rear doors) <\/p>\n<p>PEUGEOT \u2022 207 07\/07\u203a05\/13 \u2022 208 10\/19\u203a \u2022 308 09\/07\u203a08\/13 (3-door) (5-door) 05\/08\u203a04\/14 (Estate) \u2022 508 03\/11\u203a09\/18 (Estate) \u2022 1007 05\/05\u203a12\/11 \u2022 2008 01\/20\u203a \u2022 3008 04\/09\u203a09\/16 \u2022 EXPERT 06\/16\u203a (2 rear doors) \u2022 TRAVELLER \/ E-TRAVELLER 06\/16\u203a (2 rear doors) <\/p>\n<p>RENAULT \u2022 CLIO 03\/98\u203a05\/09 01\/00\u203a06\/06 06\/09\u203a08\/11 09\/11\u203a10\/12 01\/08\u203a02\/13 \u2022 MODUS 06\/05\u203a12\/13 01\/08\u203a12\/13 \u2022 TWINGO 06\/07\u203a08\/14 (3-door) <\/p>\n<p>TOYOTA \u2022 PROACE 09\/16\u203a (2 rear doors<\/p>\n<p>\u0160ifra izdelka: 00636<\/p>","protected":false},"excerpt":{"rendered":"<p>ZOLLEX metlice brisalcev so izredno kakovostne in trpe\u017ene<\/p>","protected":false},"featured_media":29044,"comment_status":"open","ping_status":"closed","template":"","meta":{"_uag_custom_page_level_css":""},"product_brand":[],"product_cat":[34],"product_tag":[],"class_list":{"0":"post-139","1":"product","2":"type-product","3":"status-publish","4":"has-post-thumbnail","6":"product_cat-040-zadnji-brisalci","8":"first","9":"instock","10":"taxable","11":"shipping-taxable","12":"purchasable","13":"product-type-simple"},"uagb_featured_image_src":{"full":["https:\/\/optimate.si\/wp-content\/uploads\/2026\/03\/31913ac8-2.png",819,1024,false],"thumbnail":["https:\/\/optimate.si\/wp-content\/uploads\/2026\/03\/31913ac8-2-150x150.png",150,150,true],"medium":["https:\/\/optimate.si\/wp-content\/uploads\/2026\/03\/31913ac8-2-240x300.png",240,300,true],"medium_large":["https:\/\/optimate.si\/wp-content\/uploads\/2026\/03\/31913ac8-2-768x960.png",768,960,true],"large":["https:\/\/optimate.si\/wp-content\/uploads\/2026\/03\/31913ac8-2.png",819,1024,false],"1536x1536":["https:\/\/optimate.si\/wp-content\/uploads\/2026\/03\/31913ac8-2.png",819,1024,false],"2048x2048":["https:\/\/optimate.si\/wp-content\/uploads\/2026\/03\/31913ac8-2.png",819,1024,false],"trp-custom-language-flag":["https:\/\/optimate.si\/wp-content\/uploads\/2026\/03\/31913ac8-2.png",10,12,false],"woocommerce_thumbnail":["https:\/\/optimate.si\/wp-content\/uploads\/2026\/03\/31913ac8-2-324x389.png",324,389,true],"woocommerce_single":["https:\/\/optimate.si\/wp-content\/uploads\/2026\/03\/31913ac8-2-416x520.png",416,520,true],"woocommerce_gallery_thumbnail":["https:\/\/optimate.si\/wp-content\/uploads\/2026\/03\/31913ac8-2-100x100.png",100,100,true]},"uagb_author_info":{"display_name":"sergey","author_link":"https:\/\/optimate.si\/hr\/author\/"},"uagb_comment_info":0,"uagb_excerpt":"ZOLLEX metlice brisalcev so izredno kakovostne in trpe\u017ene","_links":{"self":[{"href":"https:\/\/optimate.si\/hr\/wp-json\/wp\/v2\/product\/139","targetHints":{"allow":["GET"]}}],"collection":[{"href":"https:\/\/optimate.si\/hr\/wp-json\/wp\/v2\/product"}],"about":[{"href":"https:\/\/optimate.si\/hr\/wp-json\/wp\/v2\/types\/product"}],"replies":[{"embeddable":true,"href":"https:\/\/optimate.si\/hr\/wp-json\/wp\/v2\/comments?post=139"}],"wp:featuredmedia":[{"embeddable":true,"href":"https:\/\/optimate.si\/hr\/wp-json\/wp\/v2\/media\/29044"}],"wp:attachment":[{"href":"https:\/\/optimate.si\/hr\/wp-json\/wp\/v2\/media?parent=139"}],"wp:term":[{"taxonomy":"product_brand","embeddable":true,"href":"https:\/\/optimate.si\/hr\/wp-json\/wp\/v2\/product_brand?post=139"},{"taxonomy":"product_cat","embeddable":true,"href":"https:\/\/optimate.si\/hr\/wp-json\/wp\/v2\/product_cat?post=139"},{"taxonomy":"product_tag","embeddable":true,"href":"https:\/\/optimate.si\/hr\/wp-json\/wp\/v2\/product_tag?post=139"}],"curies":[{"name":"wp","href":"https:\/\/api.w.org\/{rel}","templated":true}]}}