{"id":1402,"date":"2025-12-08T00:04:09","date_gmt":"2025-12-07T23:04:09","guid":{"rendered":"https:\/\/optimate.si\/product\/zollex-lepilo-za-vijake-rdece-50g\/"},"modified":"2026-05-06T21:42:37","modified_gmt":"2026-05-06T19:42:37","slug":"025zollex-lepilo-za-vijake-rdece-50g","status":"publish","type":"product","link":"https:\/\/optimate.si\/hr\/product\/025zollex-lepilo-za-vijake-rdece-50g\/","title":{"rendered":"Lepilo za vijake (RDE\u010cE) 50g"},"content":{"rendered":"<p>ZOLLEX rde\u010de lepilo za vijake prepre\u010duje odvijanje zati\u010dev in vijakov, katere je pri popravilu potrebno razstaviti in pri katerih prihaja do velikih vrtilnih momentov. Prodre v najtanj\u0161e dele navojev in tako prepre\u010duje rjavenje kovin. Odporen je na udarce in vibracije, do katerih prihaja pri vozilih, orodjih in strojih ter njihovih delih. Odporen je tudi na kemikalije, olja itd.<br \/>NAVODILA ZA UPORABO: Odvijte pokrov\u010dek. Na delu, kamor boste nanesli THREADLOCKER BFS-6, o\u010distite vlago, ma\u0161\u010dobo in umazanijo. Nanesite neposredno na navoj, vijak, matico ali le\u017eaj. Primeren je tudi za pritrditev in zatesnitev cevnih spojev in prirobnic. Po uporabi o\u010distite cevni nastavek in ga zama\u0161ite s pokrov\u010dkom.<br \/>Na voljo v 50 g pakiranju<br \/>\u0160tevilo v kartonu 12 kos.<\/p>\n<p><a target=\"_blank\" rel=\"noopener noreferrer nofollow\" href=\"https:\/\/my.chemius.net\/p\/QWolo6\/en\/pd\/cs\">MSDS<\/a><\/p>\n<p>\u0160ifra izdelka: 04057<\/p>","protected":false},"excerpt":{"rendered":"<p>ZOLLEX rde\u010de lepilo za vijake.<\/p>","protected":false},"featured_media":31820,"comment_status":"open","ping_status":"closed","template":"","meta":{"_uag_custom_page_level_css":""},"product_brand":[],"product_cat":[43],"product_tag":[],"class_list":{"0":"post-1402","1":"product","2":"type-product","3":"status-publish","4":"has-post-thumbnail","6":"product_cat-lepila","8":"first","9":"instock","10":"taxable","11":"shipping-taxable","12":"purchasable","13":"product-type-simple"},"uagb_featured_image_src":{"full":["https:\/\/optimate.si\/wp-content\/uploads\/2026\/04\/a96f68c8-2.jpg",1024,1024,false],"thumbnail":["https:\/\/optimate.si\/wp-content\/uploads\/2026\/04\/a96f68c8-2-150x150.jpg",150,150,true],"medium":["https:\/\/optimate.si\/wp-content\/uploads\/2026\/04\/a96f68c8-2-300x300.jpg",300,300,true],"medium_large":["https:\/\/optimate.si\/wp-content\/uploads\/2026\/04\/a96f68c8-2-768x768.jpg",768,768,true],"large":["https:\/\/optimate.si\/wp-content\/uploads\/2026\/04\/a96f68c8-2.jpg",980,980,false],"1536x1536":["https:\/\/optimate.si\/wp-content\/uploads\/2026\/04\/a96f68c8-2.jpg",1024,1024,false],"2048x2048":["https:\/\/optimate.si\/wp-content\/uploads\/2026\/04\/a96f68c8-2.jpg",1024,1024,false],"trp-custom-language-flag":["https:\/\/optimate.si\/wp-content\/uploads\/2026\/04\/a96f68c8-2.jpg",12,12,false],"woocommerce_thumbnail":["https:\/\/optimate.si\/wp-content\/uploads\/2026\/04\/a96f68c8-2-324x389.jpg",324,389,true],"woocommerce_single":["https:\/\/optimate.si\/wp-content\/uploads\/2026\/04\/a96f68c8-2-416x416.jpg",416,416,true],"woocommerce_gallery_thumbnail":["https:\/\/optimate.si\/wp-content\/uploads\/2026\/04\/a96f68c8-2-100x100.jpg",100,100,true]},"uagb_author_info":{"display_name":"sergey","author_link":"https:\/\/optimate.si\/hr\/author\/"},"uagb_comment_info":0,"uagb_excerpt":"ZOLLEX rde\u010de lepilo za vijake.","_links":{"self":[{"href":"https:\/\/optimate.si\/hr\/wp-json\/wp\/v2\/product\/1402","targetHints":{"allow":["GET"]}}],"collection":[{"href":"https:\/\/optimate.si\/hr\/wp-json\/wp\/v2\/product"}],"about":[{"href":"https:\/\/optimate.si\/hr\/wp-json\/wp\/v2\/types\/product"}],"replies":[{"embeddable":true,"href":"https:\/\/optimate.si\/hr\/wp-json\/wp\/v2\/comments?post=1402"}],"wp:featuredmedia":[{"embeddable":true,"href":"https:\/\/optimate.si\/hr\/wp-json\/wp\/v2\/media\/31820"}],"wp:attachment":[{"href":"https:\/\/optimate.si\/hr\/wp-json\/wp\/v2\/media?parent=1402"}],"wp:term":[{"taxonomy":"product_brand","embeddable":true,"href":"https:\/\/optimate.si\/hr\/wp-json\/wp\/v2\/product_brand?post=1402"},{"taxonomy":"product_cat","embeddable":true,"href":"https:\/\/optimate.si\/hr\/wp-json\/wp\/v2\/product_cat?post=1402"},{"taxonomy":"product_tag","embeddable":true,"href":"https:\/\/optimate.si\/hr\/wp-json\/wp\/v2\/product_tag?post=1402"}],"curies":[{"name":"wp","href":"https:\/\/api.w.org\/{rel}","templated":true}]}}