{"id":1410,"date":"2025-12-08T00:04:13","date_gmt":"2025-12-07T23:04:13","guid":{"rendered":"https:\/\/optimate.si\/product\/zollex-lepilo-za-vijake-modro-50g\/"},"modified":"2026-05-06T21:42:37","modified_gmt":"2026-05-06T19:42:37","slug":"015zollex-lepilo-za-vijake-modro-50g","status":"publish","type":"product","link":"https:\/\/optimate.si\/hr\/product\/015zollex-lepilo-za-vijake-modro-50g\/","title":{"rendered":"Lepilo za vijake (MODRO) 50g"},"content":{"rendered":"<p>ZOLLEX lepilo za vijake je primerno za uporabo na maticah, sornikih, le\u017eajih, menjalnikih in cevnih spojih, ki jih je pri servisu ali popravilu treba razstaviti. Prodre v najtanj\u0161e dele navojev in tako prepre\u010duje rjavenje kovin. Odporno je na udarce in vibracije, do katerih prihaja pri vozilih, orodjih in strojih ter njihovih delih. Odporno je tudi na kemikalije, olja itd.<\/p>\n<p>Na voljo v 50 g pakiranju<br \/>\u0160t. v kartonu 12<\/p>\n<p><a target=\"_blank\" rel=\"noopener noreferrer nofollow\" href=\"https:\/\/my.chemius.net\/p\/K92uYq\/en\/pd\/cs\">MSDS<\/a><\/p>\n<p>\u0160ifra izdelka: 04058<\/p>","protected":false},"excerpt":{"rendered":"<p>ZOLLEX lepilo za vijake<\/p>","protected":false},"featured_media":31826,"comment_status":"open","ping_status":"closed","template":"","meta":{"_uag_custom_page_level_css":""},"product_brand":[],"product_cat":[43],"product_tag":[],"class_list":{"0":"post-1410","1":"product","2":"type-product","3":"status-publish","4":"has-post-thumbnail","6":"product_cat-lepila","8":"first","9":"instock","10":"taxable","11":"shipping-taxable","12":"purchasable","13":"product-type-simple"},"uagb_featured_image_src":{"full":["https:\/\/optimate.si\/wp-content\/uploads\/2026\/04\/e65cc3ef-1.jpg",1024,1024,false],"thumbnail":["https:\/\/optimate.si\/wp-content\/uploads\/2026\/04\/e65cc3ef-1-150x150.jpg",150,150,true],"medium":["https:\/\/optimate.si\/wp-content\/uploads\/2026\/04\/e65cc3ef-1-300x300.jpg",300,300,true],"medium_large":["https:\/\/optimate.si\/wp-content\/uploads\/2026\/04\/e65cc3ef-1-768x768.jpg",768,768,true],"large":["https:\/\/optimate.si\/wp-content\/uploads\/2026\/04\/e65cc3ef-1.jpg",980,980,false],"1536x1536":["https:\/\/optimate.si\/wp-content\/uploads\/2026\/04\/e65cc3ef-1.jpg",1024,1024,false],"2048x2048":["https:\/\/optimate.si\/wp-content\/uploads\/2026\/04\/e65cc3ef-1.jpg",1024,1024,false],"trp-custom-language-flag":["https:\/\/optimate.si\/wp-content\/uploads\/2026\/04\/e65cc3ef-1.jpg",12,12,false],"woocommerce_thumbnail":["https:\/\/optimate.si\/wp-content\/uploads\/2026\/04\/e65cc3ef-1-324x389.jpg",324,389,true],"woocommerce_single":["https:\/\/optimate.si\/wp-content\/uploads\/2026\/04\/e65cc3ef-1-416x416.jpg",416,416,true],"woocommerce_gallery_thumbnail":["https:\/\/optimate.si\/wp-content\/uploads\/2026\/04\/e65cc3ef-1-100x100.jpg",100,100,true]},"uagb_author_info":{"display_name":"sergey","author_link":"https:\/\/optimate.si\/hr\/author\/"},"uagb_comment_info":0,"uagb_excerpt":"ZOLLEX lepilo za vijake","_links":{"self":[{"href":"https:\/\/optimate.si\/hr\/wp-json\/wp\/v2\/product\/1410","targetHints":{"allow":["GET"]}}],"collection":[{"href":"https:\/\/optimate.si\/hr\/wp-json\/wp\/v2\/product"}],"about":[{"href":"https:\/\/optimate.si\/hr\/wp-json\/wp\/v2\/types\/product"}],"replies":[{"embeddable":true,"href":"https:\/\/optimate.si\/hr\/wp-json\/wp\/v2\/comments?post=1410"}],"wp:featuredmedia":[{"embeddable":true,"href":"https:\/\/optimate.si\/hr\/wp-json\/wp\/v2\/media\/31826"}],"wp:attachment":[{"href":"https:\/\/optimate.si\/hr\/wp-json\/wp\/v2\/media?parent=1410"}],"wp:term":[{"taxonomy":"product_brand","embeddable":true,"href":"https:\/\/optimate.si\/hr\/wp-json\/wp\/v2\/product_brand?post=1410"},{"taxonomy":"product_cat","embeddable":true,"href":"https:\/\/optimate.si\/hr\/wp-json\/wp\/v2\/product_cat?post=1410"},{"taxonomy":"product_tag","embeddable":true,"href":"https:\/\/optimate.si\/hr\/wp-json\/wp\/v2\/product_tag?post=1410"}],"curies":[{"name":"wp","href":"https:\/\/api.w.org\/{rel}","templated":true}]}}