{"id":1412,"date":"2025-12-08T00:04:14","date_gmt":"2025-12-07T23:04:14","guid":{"rendered":"https:\/\/optimate.si\/product\/zollex-triger-loscilo-za-plastiko-500ml-cherry\/"},"modified":"2026-05-09T16:41:57","modified_gmt":"2026-05-09T14:41:57","slug":"055-zollex-triger-loscilo-za-plastiko-500ml-cherry","status":"publish","type":"product","link":"https:\/\/optimate.si\/hr\/product\/055-zollex-triger-loscilo-za-plastiko-500ml-cherry\/","title":{"rendered":"Plastic Polish \u2013 Cherry"},"content":{"rendered":"<h3>Obnova in za\u0161\u010dita plasti\u010dnih povr\u0161in<\/h3>\n<p><strong>Plastic Polish obnovi in za\u0161\u010diti plasti\u010dne povr\u0161ine<\/strong> v notranjosti in zunanjosti vozila.<\/p>\n<hr>\n<h3>Klju\u010dne lastnosti<\/h3>\n<p>\u2022 Obnavlja barvo<strong><br \/><\/strong>\u2022 Ustvari za\u0161\u010ditni sloj proti prahu<br \/>\u2022 \u0160\u010diti plastiko pred UV-\u017earki in staranjem<\/p>\n<hr>\n<h3>Uporaba<\/h3>\n<p>Razpr\u0161ite izdelek <strong>neposredno na povr\u0161ino.<\/strong><\/p>\n<p>Enakomerno obri\u0161ite po plasti\u010dni povr\u0161ini.<\/p>\n<\/p>\n<h3>Pomembno!<\/h3>\n<ul>\n<li>\n<p>Ne nana\u0161ajte na <strong>volan, pedale ali prestavno ro\u010dico<\/strong>, da prepre\u010dite drsenje.<\/p>\n<\/li>\n<li>\n<p>Za najbolj\u0161e rezultate izdelek nanesite na <strong>\u010disto in suho povr\u0161ino<\/strong>.<\/p>\n<\/li>\n<\/ul>\n<p>\u0160ifra izdelka: 04059<\/p>","protected":false},"excerpt":{"rendered":"<p>Plastic Polish obnavlja barvo, \u0161\u010diti pred UV-\u017earki ter pu\u0161\u010da sijaj na plasti\u010dnih povr\u0161inah. <\/p>","protected":false},"featured_media":32781,"comment_status":"open","ping_status":"closed","template":"","meta":{"_uag_custom_page_level_css":""},"product_brand":[],"product_cat":[22],"product_tag":[],"class_list":{"0":"post-1412","1":"product","2":"type-product","3":"status-publish","4":"has-post-thumbnail","6":"product_cat-01-trigger-spreji","8":"first","9":"instock","10":"taxable","11":"shipping-taxable","12":"purchasable","13":"product-type-simple"},"uagb_featured_image_src":{"full":["https:\/\/optimate.si\/wp-content\/uploads\/2026\/05\/e5672dd8-5.jpg",1024,1024,false],"thumbnail":["https:\/\/optimate.si\/wp-content\/uploads\/2026\/05\/e5672dd8-5-150x150.jpg",150,150,true],"medium":["https:\/\/optimate.si\/wp-content\/uploads\/2026\/05\/e5672dd8-5-300x300.jpg",300,300,true],"medium_large":["https:\/\/optimate.si\/wp-content\/uploads\/2026\/05\/e5672dd8-5-768x768.jpg",768,768,true],"large":["https:\/\/optimate.si\/wp-content\/uploads\/2026\/05\/e5672dd8-5.jpg",980,980,false],"1536x1536":["https:\/\/optimate.si\/wp-content\/uploads\/2026\/05\/e5672dd8-5.jpg",1024,1024,false],"2048x2048":["https:\/\/optimate.si\/wp-content\/uploads\/2026\/05\/e5672dd8-5.jpg",1024,1024,false],"trp-custom-language-flag":["https:\/\/optimate.si\/wp-content\/uploads\/2026\/05\/e5672dd8-5-12x12.jpg",12,12,true],"woocommerce_thumbnail":["https:\/\/optimate.si\/wp-content\/uploads\/2026\/05\/e5672dd8-5-324x389.jpg",324,389,true],"woocommerce_single":["https:\/\/optimate.si\/wp-content\/uploads\/2026\/05\/e5672dd8-5-416x416.jpg",416,416,true],"woocommerce_gallery_thumbnail":["https:\/\/optimate.si\/wp-content\/uploads\/2026\/05\/e5672dd8-5-100x100.jpg",100,100,true]},"uagb_author_info":{"display_name":"sergey","author_link":"https:\/\/optimate.si\/hr\/author\/"},"uagb_comment_info":1,"uagb_excerpt":"Plastic Polish obnavlja barvo, \u0161\u010diti pred UV-\u017earki ter pu\u0161\u010da sijaj na plasti\u010dnih povr\u0161inah.","_links":{"self":[{"href":"https:\/\/optimate.si\/hr\/wp-json\/wp\/v2\/product\/1412","targetHints":{"allow":["GET"]}}],"collection":[{"href":"https:\/\/optimate.si\/hr\/wp-json\/wp\/v2\/product"}],"about":[{"href":"https:\/\/optimate.si\/hr\/wp-json\/wp\/v2\/types\/product"}],"replies":[{"embeddable":true,"href":"https:\/\/optimate.si\/hr\/wp-json\/wp\/v2\/comments?post=1412"}],"wp:featuredmedia":[{"embeddable":true,"href":"https:\/\/optimate.si\/hr\/wp-json\/wp\/v2\/media\/32781"}],"wp:attachment":[{"href":"https:\/\/optimate.si\/hr\/wp-json\/wp\/v2\/media?parent=1412"}],"wp:term":[{"taxonomy":"product_brand","embeddable":true,"href":"https:\/\/optimate.si\/hr\/wp-json\/wp\/v2\/product_brand?post=1412"},{"taxonomy":"product_cat","embeddable":true,"href":"https:\/\/optimate.si\/hr\/wp-json\/wp\/v2\/product_cat?post=1412"},{"taxonomy":"product_tag","embeddable":true,"href":"https:\/\/optimate.si\/hr\/wp-json\/wp\/v2\/product_tag?post=1412"}],"curies":[{"name":"wp","href":"https:\/\/api.w.org\/{rel}","templated":true}]}}