{"id":1422,"date":"2025-12-08T00:04:19","date_gmt":"2025-12-07T23:04:19","guid":{"rendered":"https:\/\/optimate.si\/product\/deco-blik-barva-za-platisca-400ml\/"},"modified":"2026-04-20T14:43:30","modified_gmt":"2026-04-20T12:43:30","slug":"030deco-blik-barva-za-platisca-400ml","status":"publish","type":"product","link":"https:\/\/optimate.si\/hr\/product\/030deco-blik-barva-za-platisca-400ml\/","title":{"rendered":"DECO BLIK  Barva za plati\u0161\u010da 400ml"},"content":{"rendered":"<p>Sprej barva za jeklo in druge lahke kovine. Hitro su\u0161e\u010da akrilna barva z dolgotrajnim sijajem, ki nudi dobro pokritost, odli\u010dno adhezijo in dobro trdoto povr\u0161ine. Je odporna na bencin, kemikalije, vremenske vplive ter je UV-odporna in ne zbledi. Ima vi\u0161jo odpornost proti obrabi in praskam.<br \/>Na voljo v 400ml pakiranju.<br \/>\u0160t. v kartonu 12<\/p>\n<p><a target=\"_blank\" rel=\"noopener noreferrer nofollow\" href=\"https:\/\/my.chemius.net\/p\/y0seMX\/en\/pd\/en\">MSDS<\/a><\/p>\n<p>\u0160ifra izdelka: 04067<\/p>","protected":false},"excerpt":{"rendered":"<p>Sprej barva za jeklo in druge lahke kovine.<\/p>","protected":false},"featured_media":31322,"comment_status":"open","ping_status":"closed","template":"","meta":{"_uag_custom_page_level_css":""},"product_brand":[],"product_cat":[39],"product_tag":[],"class_list":{"0":"post-1422","1":"product","2":"type-product","3":"status-publish","4":"has-post-thumbnail","6":"product_cat-posebne-barve","8":"first","9":"instock","10":"taxable","11":"shipping-taxable","12":"purchasable","13":"product-type-simple"},"uagb_featured_image_src":{"full":["https:\/\/optimate.si\/wp-content\/uploads\/2026\/04\/74c4c8df-4.jpg",1024,1024,false],"thumbnail":["https:\/\/optimate.si\/wp-content\/uploads\/2026\/04\/74c4c8df-4-150x150.jpg",150,150,true],"medium":["https:\/\/optimate.si\/wp-content\/uploads\/2026\/04\/74c4c8df-4-300x300.jpg",300,300,true],"medium_large":["https:\/\/optimate.si\/wp-content\/uploads\/2026\/04\/74c4c8df-4-768x768.jpg",768,768,true],"large":["https:\/\/optimate.si\/wp-content\/uploads\/2026\/04\/74c4c8df-4.jpg",980,980,false],"1536x1536":["https:\/\/optimate.si\/wp-content\/uploads\/2026\/04\/74c4c8df-4.jpg",1024,1024,false],"2048x2048":["https:\/\/optimate.si\/wp-content\/uploads\/2026\/04\/74c4c8df-4.jpg",1024,1024,false],"trp-custom-language-flag":["https:\/\/optimate.si\/wp-content\/uploads\/2026\/04\/74c4c8df-4.jpg",12,12,false],"woocommerce_thumbnail":["https:\/\/optimate.si\/wp-content\/uploads\/2026\/04\/74c4c8df-4-324x389.jpg",324,389,true],"woocommerce_single":["https:\/\/optimate.si\/wp-content\/uploads\/2026\/04\/74c4c8df-4-416x416.jpg",416,416,true],"woocommerce_gallery_thumbnail":["https:\/\/optimate.si\/wp-content\/uploads\/2026\/04\/74c4c8df-4-100x100.jpg",100,100,true]},"uagb_author_info":{"display_name":"sergey","author_link":"https:\/\/optimate.si\/hr\/author\/"},"uagb_comment_info":0,"uagb_excerpt":"Sprej barva za jeklo in druge lahke kovine.","_links":{"self":[{"href":"https:\/\/optimate.si\/hr\/wp-json\/wp\/v2\/product\/1422","targetHints":{"allow":["GET"]}}],"collection":[{"href":"https:\/\/optimate.si\/hr\/wp-json\/wp\/v2\/product"}],"about":[{"href":"https:\/\/optimate.si\/hr\/wp-json\/wp\/v2\/types\/product"}],"replies":[{"embeddable":true,"href":"https:\/\/optimate.si\/hr\/wp-json\/wp\/v2\/comments?post=1422"}],"wp:featuredmedia":[{"embeddable":true,"href":"https:\/\/optimate.si\/hr\/wp-json\/wp\/v2\/media\/31322"}],"wp:attachment":[{"href":"https:\/\/optimate.si\/hr\/wp-json\/wp\/v2\/media?parent=1422"}],"wp:term":[{"taxonomy":"product_brand","embeddable":true,"href":"https:\/\/optimate.si\/hr\/wp-json\/wp\/v2\/product_brand?post=1422"},{"taxonomy":"product_cat","embeddable":true,"href":"https:\/\/optimate.si\/hr\/wp-json\/wp\/v2\/product_cat?post=1422"},{"taxonomy":"product_tag","embeddable":true,"href":"https:\/\/optimate.si\/hr\/wp-json\/wp\/v2\/product_tag?post=1422"}],"curies":[{"name":"wp","href":"https:\/\/api.w.org\/{rel}","templated":true}]}}