{"id":1430,"date":"2025-12-08T00:04:25","date_gmt":"2025-12-07T23:04:25","guid":{"rendered":"https:\/\/optimate.si\/product\/zollex-d1-pena-za-predpranje-active-foam-21-kg\/"},"modified":"2026-04-16T08:01:54","modified_gmt":"2026-04-16T06:01:54","slug":"zollex-d1-pena-za-predpranje-active-foam-21-kg","status":"publish","type":"product","link":"https:\/\/optimate.si\/hr\/product\/zollex-d1-pena-za-predpranje-active-foam-21-kg\/","title":{"rendered":"HeavyFoam Aktivna pena za predpranje 2,1 kg"},"content":{"rendered":"<h3>Profesionalna koncentrirana pena<\/h3>\n<p>Ustvarja gosto peno, ki se oprime povr\u0161ine in u\u010dinkovito raztaplja ter odstranjuje umazanijo.<\/p>\n<hr>\n<h3>Glavne zna\u010dilnosti:<\/h3>\n<ul>\n<li>\n<p>Ustvarja bogato, dolgotrajno peno za maksimalno \u010distilno u\u010dinkovitost<\/p>\n<\/li>\n<li>\n<p>Idealno za brezsti\u010dno pranje \u2013 zmanj\u0161a tveganje za mikropraske<\/p>\n<\/li>\n<\/ul>\n<hr>\n<h3>Priporo\u010dena razmerja red\u010denja:<\/h3>\n<ul>\n<li>\n<p>Penilna pi\u0161tola: 1:3 do 1:8<\/p>\n<\/li>\n<li>\n<p>Penilnik (foam lance): 1:50 do 1:80<\/p>\n<\/li>\n<li>\n<p>Dosatron: 1\u20132 % raztopina<\/p>\n<\/li>\n<\/ul>\n<hr>\n<h3>Navodila za uporabo:<\/h3>\n<ol>\n<li>\n<p>Koncentrat <strong>razred\u010dite glede na na\u010din uporabe<\/strong>.<\/p>\n<\/li>\n<li>\n<p>Nanesite peno na vozilo<\/p>\n<\/li>\n<li>\n<p>Temeljito sperite s <strong>\u010disto vodo<\/strong>.<\/p>\n<\/li>\n<li>\n<p>Za najbolj\u0161i rezultat vozilo <strong>osu\u0161ite z Zollex PRO krpo.<\/strong><\/p>\n<\/li>\n<\/ol>\n<\/p>\n<p><\/p>\n<p>\u0160ifra izdelka: 04074<\/p>","protected":false},"excerpt":{"rendered":"<p>Ustvari gosto plast pene, ki zmeh\u010da in raztopi cestno umazanijo, insekte in ma\u0161\u010dobo \u0161e preden se dotaknete laka.<\/p>","protected":false},"featured_media":30761,"comment_status":"open","ping_status":"closed","template":"","meta":{"_uag_custom_page_level_css":""},"product_brand":[],"product_cat":[66],"product_tag":[],"class_list":{"0":"post-1430","1":"product","2":"type-product","3":"status-publish","4":"has-post-thumbnail","6":"product_cat-030-pranje","8":"first","9":"instock","10":"taxable","11":"shipping-taxable","12":"purchasable","13":"product-type-simple"},"uagb_featured_image_src":{"full":["https:\/\/optimate.si\/wp-content\/uploads\/2026\/04\/3c4b36ba-2.jpg",1024,1024,false],"thumbnail":["https:\/\/optimate.si\/wp-content\/uploads\/2026\/04\/3c4b36ba-2-150x150.jpg",150,150,true],"medium":["https:\/\/optimate.si\/wp-content\/uploads\/2026\/04\/3c4b36ba-2-300x300.jpg",300,300,true],"medium_large":["https:\/\/optimate.si\/wp-content\/uploads\/2026\/04\/3c4b36ba-2-768x768.jpg",768,768,true],"large":["https:\/\/optimate.si\/wp-content\/uploads\/2026\/04\/3c4b36ba-2.jpg",980,980,false],"1536x1536":["https:\/\/optimate.si\/wp-content\/uploads\/2026\/04\/3c4b36ba-2.jpg",1024,1024,false],"2048x2048":["https:\/\/optimate.si\/wp-content\/uploads\/2026\/04\/3c4b36ba-2.jpg",1024,1024,false],"trp-custom-language-flag":["https:\/\/optimate.si\/wp-content\/uploads\/2026\/04\/3c4b36ba-2.jpg",12,12,false],"woocommerce_thumbnail":["https:\/\/optimate.si\/wp-content\/uploads\/2026\/04\/3c4b36ba-2-324x389.jpg",324,389,true],"woocommerce_single":["https:\/\/optimate.si\/wp-content\/uploads\/2026\/04\/3c4b36ba-2-416x416.jpg",416,416,true],"woocommerce_gallery_thumbnail":["https:\/\/optimate.si\/wp-content\/uploads\/2026\/04\/3c4b36ba-2-100x100.jpg",100,100,true]},"uagb_author_info":{"display_name":"sergey","author_link":"https:\/\/optimate.si\/hr\/author\/"},"uagb_comment_info":1,"uagb_excerpt":"Ustvari gosto plast pene, ki zmeh\u010da in raztopi cestno umazanijo, insekte in ma\u0161\u010dobo \u0161e preden se dotaknete laka.","_links":{"self":[{"href":"https:\/\/optimate.si\/hr\/wp-json\/wp\/v2\/product\/1430","targetHints":{"allow":["GET"]}}],"collection":[{"href":"https:\/\/optimate.si\/hr\/wp-json\/wp\/v2\/product"}],"about":[{"href":"https:\/\/optimate.si\/hr\/wp-json\/wp\/v2\/types\/product"}],"replies":[{"embeddable":true,"href":"https:\/\/optimate.si\/hr\/wp-json\/wp\/v2\/comments?post=1430"}],"wp:featuredmedia":[{"embeddable":true,"href":"https:\/\/optimate.si\/hr\/wp-json\/wp\/v2\/media\/30761"}],"wp:attachment":[{"href":"https:\/\/optimate.si\/hr\/wp-json\/wp\/v2\/media?parent=1430"}],"wp:term":[{"taxonomy":"product_brand","embeddable":true,"href":"https:\/\/optimate.si\/hr\/wp-json\/wp\/v2\/product_brand?post=1430"},{"taxonomy":"product_cat","embeddable":true,"href":"https:\/\/optimate.si\/hr\/wp-json\/wp\/v2\/product_cat?post=1430"},{"taxonomy":"product_tag","embeddable":true,"href":"https:\/\/optimate.si\/hr\/wp-json\/wp\/v2\/product_tag?post=1430"}],"curies":[{"name":"wp","href":"https:\/\/api.w.org\/{rel}","templated":true}]}}