{"id":1439,"date":"2025-12-08T00:04:30","date_gmt":"2025-12-07T23:04:30","guid":{"rendered":"https:\/\/optimate.si\/product\/zollex-letna-tekocina-vetrobran-steklo-koncentrat-1100-250ml-sea-breeze\/"},"modified":"2026-05-09T16:42:02","modified_gmt":"2026-05-09T14:42:02","slug":"zollex-letna-tekocina-vetrobran-steklo-koncentrat-1100-250ml-sea-breeze","status":"publish","type":"product","link":"https:\/\/optimate.si\/hr\/product\/zollex-letna-tekocina-vetrobran-steklo-koncentrat-1100-250ml-sea-breeze\/","title":{"rendered":"FreshGlass Koncentrat za vetrobransko steklo 250ml"},"content":{"rendered":"<p><iframe loading=\"lazy\" title=\"Windshield Concentrate or Plain Water?\" width=\"980\" height=\"551\" src=\"https:\/\/www.youtube.com\/embed\/skBik1JZ8Nk?feature=oembed\" frameborder=\"0\" allow=\"accelerometer; autoplay; clipboard-write; encrypted-media; gyroscope; picture-in-picture; web-share\" referrerpolicy=\"strict-origin-when-cross-origin\" allowfullscreen><\/iframe> <\/p>\n<p>Letni koncentrat za \u010di\u0161\u010denje stekel u\u010dinkovito odstranjuje insekte in umazanijo z vetrobranskih stekel. <br \/>Pozabite na ugibanje: vgrajen dozator omogo\u010da natan\u010dno me\u0161anje 1:100, kar iz 250 ml embala\u017ee ustvari neverjetnih 25 litrov mo\u010dne teko\u010dine za stekla.<\/p>\n<\/p>\n<h3>Glavne prednosti:<\/h3>\n<ul>\n<li>\n<p>Zagotavlja prijeten vonj in jasno vidljivost<\/p>\n<\/li>\n<li>\n<p>Zmanj\u0161uje hrup in drsenje brisalcev<\/p>\n<\/li>\n<li>\n<p>Hitro odstrani insekte<\/p>\n<\/li>\n<\/ul>\n<p>\u0160ifra izdelka: 04077<\/p>","protected":false},"excerpt":{"rendered":"<p>Hitro odstrani insekte, zmanj\u0161a hrup brisalcev ter zagotovi jasno vidljivost.<\/p>","protected":false},"featured_media":32784,"comment_status":"open","ping_status":"closed","template":"","meta":{"_uag_custom_page_level_css":""},"product_brand":[],"product_cat":[66],"product_tag":[],"class_list":{"0":"post-1439","1":"product","2":"type-product","3":"status-publish","4":"has-post-thumbnail","6":"product_cat-030-pranje","8":"first","9":"instock","10":"taxable","11":"shipping-taxable","12":"purchasable","13":"product-type-simple"},"uagb_featured_image_src":{"full":["https:\/\/optimate.si\/wp-content\/uploads\/2026\/05\/e5fc6214-1.jpg",416,416,false],"thumbnail":["https:\/\/optimate.si\/wp-content\/uploads\/2026\/05\/e5fc6214-1-150x150.jpg",150,150,true],"medium":["https:\/\/optimate.si\/wp-content\/uploads\/2026\/05\/e5fc6214-1-300x300.jpg",300,300,true],"medium_large":["https:\/\/optimate.si\/wp-content\/uploads\/2026\/05\/e5fc6214-1.jpg",416,416,false],"large":["https:\/\/optimate.si\/wp-content\/uploads\/2026\/05\/e5fc6214-1.jpg",416,416,false],"1536x1536":["https:\/\/optimate.si\/wp-content\/uploads\/2026\/05\/e5fc6214-1.jpg",416,416,false],"2048x2048":["https:\/\/optimate.si\/wp-content\/uploads\/2026\/05\/e5fc6214-1.jpg",416,416,false],"trp-custom-language-flag":["https:\/\/optimate.si\/wp-content\/uploads\/2026\/05\/e5fc6214-1-12x12.jpg",12,12,true],"woocommerce_thumbnail":["https:\/\/optimate.si\/wp-content\/uploads\/2026\/05\/e5fc6214-1-324x389.jpg",324,389,true],"woocommerce_single":["https:\/\/optimate.si\/wp-content\/uploads\/2026\/05\/e5fc6214-1.jpg",416,416,false],"woocommerce_gallery_thumbnail":["https:\/\/optimate.si\/wp-content\/uploads\/2026\/05\/e5fc6214-1-100x100.jpg",100,100,true]},"uagb_author_info":{"display_name":"sergey","author_link":"https:\/\/optimate.si\/hr\/author\/"},"uagb_comment_info":1,"uagb_excerpt":"Hitro odstrani insekte, zmanj\u0161a hrup brisalcev ter zagotovi jasno vidljivost.","_links":{"self":[{"href":"https:\/\/optimate.si\/hr\/wp-json\/wp\/v2\/product\/1439","targetHints":{"allow":["GET"]}}],"collection":[{"href":"https:\/\/optimate.si\/hr\/wp-json\/wp\/v2\/product"}],"about":[{"href":"https:\/\/optimate.si\/hr\/wp-json\/wp\/v2\/types\/product"}],"replies":[{"embeddable":true,"href":"https:\/\/optimate.si\/hr\/wp-json\/wp\/v2\/comments?post=1439"}],"wp:featuredmedia":[{"embeddable":true,"href":"https:\/\/optimate.si\/hr\/wp-json\/wp\/v2\/media\/32784"}],"wp:attachment":[{"href":"https:\/\/optimate.si\/hr\/wp-json\/wp\/v2\/media?parent=1439"}],"wp:term":[{"taxonomy":"product_brand","embeddable":true,"href":"https:\/\/optimate.si\/hr\/wp-json\/wp\/v2\/product_brand?post=1439"},{"taxonomy":"product_cat","embeddable":true,"href":"https:\/\/optimate.si\/hr\/wp-json\/wp\/v2\/product_cat?post=1439"},{"taxonomy":"product_tag","embeddable":true,"href":"https:\/\/optimate.si\/hr\/wp-json\/wp\/v2\/product_tag?post=1439"}],"curies":[{"name":"wp","href":"https:\/\/api.w.org\/{rel}","templated":true}]}}