{"id":145,"date":"2025-12-07T23:43:35","date_gmt":"2025-12-07T22:43:35","guid":{"rendered":"https:\/\/optimate.si\/product\/zollex-metlica-brisalca-zadaj-r-916\/"},"modified":"2026-03-29T21:10:57","modified_gmt":"2026-03-29T19:10:57","slug":"zollex-metlica-brisalca-zadaj-r-916","status":"publish","type":"product","link":"https:\/\/optimate.si\/hr\/product\/zollex-metlica-brisalca-zadaj-r-916\/","title":{"rendered":"zadnji brisalec R-916"},"content":{"rendered":"<p><a target=\"_blank\" href=\"https:\/\/assets.optimate.si\/products-catalogs\/1fac155a.pdf\">Katalog<\/a><\/p>\n<p>ZOLLEX metlice brisalcev so izredno kakovostne in trpe\u017ene. Vo\u017enjo naredijo varnej\u0161o in predvsem kvalitetnej\u0161o. Brisalci so narejeni iz 100% gume prevle\u010dene z grafitnim slojem. Zagotavljajo stik s steklom v vseh vremenskih razmerah. Po zaslugi kakovostne gume delujejo skorajda nesli\u0161no. Primerne za vse vrste vozil, saj jih ponujamo v ve\u010d dimenzijah.<\/p>\n<p>CHRYSLER \u2022 VOYAGER \/ GRAND VOYAGER 04\/08\u203a12\/15 <\/p>\n<p>CITRO\u00cbN \u2022 C5 03\/03\u203a11\/03 (Tailgate) 12\/03\u203a08\/04 (Tailgate) \u2022 XSARA 03\/98\u203a12\/05 (Estate) \u2022 XSARA PICASSO 12\/99\u203a09\/05 09\/05\u203a09\/10 <\/p>\n<p>DACIA \u2022 SANDERO 06\/08\u203a11\/12 (5-door) <\/p>\n<p>FIAT \u2022 TALENTO 06\/16\u203a01\/22 (2 rear doors) <\/p>\n<p>HONDA \u2022 ACCORD 11\/99\u203a03\/06 (5-door) <\/p>\n<p>MITSUBISHI \u2022 EXPRESS 01\/21\u203a (2 rear doors) <\/p>\n<p>NISSAN \u2022 KUBISTAR 07\/01\u203a03\/10 (Tailgate) \u2022 MICRA 09\/00\u203a12\/02 06\/05\u203a10\/10 (3-door) (5-door) \u2022 NV 300 11\/16\u203a12\/21 (2 rear doors) \u2022 PRIMASTAR 03\/02\u203a10\/16 (2 rear doors) \u2022 PRIMERA 03\/02\u203a10\/06 (Estate) <\/p>\n<p>OPEL \u2022 ASTRA 07\/98\u203a04\/04 (3-door) 04\/98\u203a04\/04 (5-door) \u2022 COMBO 09\/05\u203a10\/11 (Tailgate) \u2022 CORSA 10\/00\u203a08\/06 \u2022 MERIVA 04\/03\u203a05\/10 06\/10\u203a05\/17 \u2022 VECTRA 04\/02\u203a09\/05 (5-door) \u2022 VIVARO 06\/01\u203a06\/14 (2 rear doors) 06\/01\u203a02\/02 (Tailgate) 07\/14\u203a08\/19 (2 rear doors) \u2022 ZAFIRA 03\/99\u203a06\/05 <\/p>\n<p>PEUGEOT \u2022 306 01\/99\u203a06\/02 (3-door) (5-door) <\/p>\n<p>RENAULT \u2022 CLIO 03\/94\u203a02\/98 \u2022 ESPACE 11\/96\u203a09\/02 \u2022 EXPRESS 09\/94\u203a09\/02 \u2022 KANGOO 09\/97\u203a06\/01 (Tailgate) 07\/01\u203a10\/10 (Tailgate) 09\/97\u203a06\/01 (Tailgate) 07\/01\u203a10\/10 (Tailgate) \u2022 MEGANE 10\/95\u203a09\/02 \u2022 SCENIC 10\/96\u203a05\/03 \u2022 TRAFIC 06\/01\u203a06\/14 (2 rear doors) 06\/01\u203a02\/02 (Tailgate) 07\/14\u203a (2 rear doors) <\/p>\n<p>ROVER \u2022 ROVER 25 09\/04\u203a10\/05 ROVER \/ MG \u2022 ZR 09\/04\u203a10\/05<\/p>\n<p>\u0160ifra izdelka: 00638<\/p>","protected":false},"excerpt":{"rendered":"<p>ZOLLEX metlice brisalcev so izredno kakovostne in trpe\u017ene<\/p>","protected":false},"featured_media":29048,"comment_status":"open","ping_status":"closed","template":"","meta":{"_uag_custom_page_level_css":""},"product_brand":[],"product_cat":[34],"product_tag":[],"class_list":{"0":"post-145","1":"product","2":"type-product","3":"status-publish","4":"has-post-thumbnail","6":"product_cat-040-zadnji-brisalci","8":"first","9":"instock","10":"taxable","11":"shipping-taxable","12":"purchasable","13":"product-type-simple"},"uagb_featured_image_src":{"full":["https:\/\/optimate.si\/wp-content\/uploads\/2026\/03\/483e3ed1-1.png",819,1024,false],"thumbnail":["https:\/\/optimate.si\/wp-content\/uploads\/2026\/03\/483e3ed1-1-150x150.png",150,150,true],"medium":["https:\/\/optimate.si\/wp-content\/uploads\/2026\/03\/483e3ed1-1-240x300.png",240,300,true],"medium_large":["https:\/\/optimate.si\/wp-content\/uploads\/2026\/03\/483e3ed1-1-768x960.png",768,960,true],"large":["https:\/\/optimate.si\/wp-content\/uploads\/2026\/03\/483e3ed1-1.png",819,1024,false],"1536x1536":["https:\/\/optimate.si\/wp-content\/uploads\/2026\/03\/483e3ed1-1.png",819,1024,false],"2048x2048":["https:\/\/optimate.si\/wp-content\/uploads\/2026\/03\/483e3ed1-1.png",819,1024,false],"trp-custom-language-flag":["https:\/\/optimate.si\/wp-content\/uploads\/2026\/03\/483e3ed1-1.png",10,12,false],"woocommerce_thumbnail":["https:\/\/optimate.si\/wp-content\/uploads\/2026\/03\/483e3ed1-1-324x389.png",324,389,true],"woocommerce_single":["https:\/\/optimate.si\/wp-content\/uploads\/2026\/03\/483e3ed1-1-416x520.png",416,520,true],"woocommerce_gallery_thumbnail":["https:\/\/optimate.si\/wp-content\/uploads\/2026\/03\/483e3ed1-1-100x100.png",100,100,true]},"uagb_author_info":{"display_name":"sergey","author_link":"https:\/\/optimate.si\/hr\/author\/"},"uagb_comment_info":0,"uagb_excerpt":"ZOLLEX metlice brisalcev so izredno kakovostne in trpe\u017ene","_links":{"self":[{"href":"https:\/\/optimate.si\/hr\/wp-json\/wp\/v2\/product\/145","targetHints":{"allow":["GET"]}}],"collection":[{"href":"https:\/\/optimate.si\/hr\/wp-json\/wp\/v2\/product"}],"about":[{"href":"https:\/\/optimate.si\/hr\/wp-json\/wp\/v2\/types\/product"}],"replies":[{"embeddable":true,"href":"https:\/\/optimate.si\/hr\/wp-json\/wp\/v2\/comments?post=145"}],"wp:featuredmedia":[{"embeddable":true,"href":"https:\/\/optimate.si\/hr\/wp-json\/wp\/v2\/media\/29048"}],"wp:attachment":[{"href":"https:\/\/optimate.si\/hr\/wp-json\/wp\/v2\/media?parent=145"}],"wp:term":[{"taxonomy":"product_brand","embeddable":true,"href":"https:\/\/optimate.si\/hr\/wp-json\/wp\/v2\/product_brand?post=145"},{"taxonomy":"product_cat","embeddable":true,"href":"https:\/\/optimate.si\/hr\/wp-json\/wp\/v2\/product_cat?post=145"},{"taxonomy":"product_tag","embeddable":true,"href":"https:\/\/optimate.si\/hr\/wp-json\/wp\/v2\/product_tag?post=145"}],"curies":[{"name":"wp","href":"https:\/\/api.w.org\/{rel}","templated":true}]}}