{"id":157,"date":"2025-12-07T23:43:49","date_gmt":"2025-12-07T22:43:49","guid":{"rendered":"https:\/\/optimate.si\/product\/zollex-metlica-brisalca-zadaj-r-614\/"},"modified":"2026-03-29T21:11:10","modified_gmt":"2026-03-29T19:11:10","slug":"zollex-metlica-brisalca-zadaj-r-614","status":"publish","type":"product","link":"https:\/\/optimate.si\/hr\/product\/zollex-metlica-brisalca-zadaj-r-614\/","title":{"rendered":"zadnji brisalec R-614"},"content":{"rendered":"<p><a target=\"_blank\" href=\"https:\/\/assets.optimate.si\/products-catalogs\/1fac155a.pdf\">Katalog<\/a><\/p>\n<p>ZOLLEX metlice brisalcev so izredno kakovostne in trpe\u017ene. Vo\u017enjo naredijo varnej\u0161o in predvsem kvalitetnej\u0161o. Brisalci so narejeni iz 100% gume prevle\u010dene z grafitnim slojem. Zagotavljajo stik s steklom v vseh vremenskih razmerah. Po zaslugi kakovostne gume delujejo skorajda nesli\u0161no. Primerne za vse vrste vozil, saj jih ponujamo v ve\u010d dimenzijah.<\/p>\n<p>ALFA ROMEO \u2022 GIULIETTA 05\/10\u203a12\/20 <\/p>\n<p>CITRO\u00cbN \u2022 BERLINGO 05\/08\u203a08\/18 07\/18\u203a \u2022 C3 04\/02\u203a10\/09 (5-door) 11\/09\u203a01\/11 (5-door) \u2022 C8 06\/02\u203a08\/05 09\/05\u203a09\/14 \u2022 JUMPY 01\/07\u203a05\/16 (2 rear doors) 06\/16\u203a (Tailgate) \u2022 SAXO 09\/99\u203a04\/04 \u2022 SPACETOURER 06\/16\u203a (Tailgate) \u2022 XANTIA 12\/99\u203a12\/10 (Estate)<\/p>\n<p>DACIA \u2022 DUSTER 06\/12\u203a10\/14 11\/14\u203a10\/16 11\/16\u203a05\/18 \u2022 LOGAN 01\/07\u203a11\/12 (Estate) <\/p>\n<p>FIAT \u2022 DOBLO 10\/22\u203a \u2022 SCUDO 01\/07\u203a06\/16 (2 rear doors) 02\/22\u203a (Tailgate) \u2022 STILO 01\/03\u203a05\/06 (Estate) 06\/06\u203a06\/07 (Estate) \u2022 ULYSSE 09\/05\u203a12\/10 02\/22\u203a (Tailgate) <\/p>\n<p>FORD \u2022 TOURNEO 12\/13\u203a05\/22 (Tailgate) 06\/14\u203a (Tailgate) \u2022 TRANSIT 12\/13\u203a (Tailgate) 06\/14\u203a (Tailgate) <\/p>\n<p>LADA \u2022 LARGUS (R90) 02\/11\u203a (Estate) <\/p>\n<p>LANCIA \u2022 PHEDRA 06\/02\u203a08\/05 09\/05\u203a12\/10 <\/p>\n<p>NISSAN \u2022 ALMERA 10\/02\u203a12\/06 (3-door) (5-door) \u2022 TERRANO 12\/16\u203a \u2022 TIIDA 01\/08\u203a04\/11 <\/p>\n<p>OPEL \u2022 COMBO 09\/18\u203a \u2022 VIVARO 09\/19\u203a \u2022 ZAFIRA 07\/05\u203a10\/14 09\/19\u203a (Tailgate) <\/p>\n<p>PEUGEOT \u2022 106 09\/99\u203a02\/04 \u2022 206 09\/98\u203a09\/12 (3-door) (5-door) \u2022 208 04\/12\u203a09\/19 (3-door) (5-door) \u2022 307 05\/01\u203a09\/04 (3-door) (5-door) 10\/04\u203a09\/07 (3-door) (5-door) 04\/02\u203a09\/04 (Estate) 10\/04\u203a04\/08 (Estate) \u2022 807 06\/02\u203a08\/05 09\/05\u203a09\/14 \u2022 EXPERT 01\/07\u203a05\/16 (2 rear doors) 06\/16\u203a (Tailgate) \u2022 PARTNER 05\/08\u203a08\/18 09\/18\u203a \u2022 RIFTER \/ E-RIFTER 09\/18\u203a \u2022 TRAVELLER \/ E-TRAVELLER 06\/16\u203a (Tailgate <\/p>\n<p>RENAULT \u2022 CLIO 09\/05\u203a10\/14 (3-door) (5-door) \u2022 ESPACE 10\/02\u203a03\/15 \u2022 LAGUNA 01\/01\u203a12\/07 \u2022 MEGANE 11\/01\u203a08\/03 (Estate) 06\/09\u203a08\/16 (Estate) \u2022 SCENIC 03\/00\u203a12\/03 <\/p>\n<p>TOYOTA \u2022 PROACE 01\/14\u203a08\/16 (2 rear doors) 09\/16\u203a (Tailgate) 05\/20\u203a <\/p>\n<p>VOLVO \u2022 XC90 01\/11\u203a02\/15<\/p>\n<p>\u0160ifra izdelka: 00646<\/p>","protected":false},"excerpt":{"rendered":"<p>ZOLLEX metlice brisalcev so izredno kakovostne in trpe\u017ene<\/p>","protected":false},"featured_media":29056,"comment_status":"open","ping_status":"closed","template":"","meta":{"_uag_custom_page_level_css":""},"product_brand":[],"product_cat":[34],"product_tag":[],"class_list":{"0":"post-157","1":"product","2":"type-product","3":"status-publish","4":"has-post-thumbnail","6":"product_cat-040-zadnji-brisalci","8":"first","9":"instock","10":"taxable","11":"shipping-taxable","12":"purchasable","13":"product-type-simple"},"uagb_featured_image_src":{"full":["https:\/\/optimate.si\/wp-content\/uploads\/2026\/03\/263e281a-2.png",819,1024,false],"thumbnail":["https:\/\/optimate.si\/wp-content\/uploads\/2026\/03\/263e281a-2-150x150.png",150,150,true],"medium":["https:\/\/optimate.si\/wp-content\/uploads\/2026\/03\/263e281a-2-240x300.png",240,300,true],"medium_large":["https:\/\/optimate.si\/wp-content\/uploads\/2026\/03\/263e281a-2-768x960.png",768,960,true],"large":["https:\/\/optimate.si\/wp-content\/uploads\/2026\/03\/263e281a-2.png",819,1024,false],"1536x1536":["https:\/\/optimate.si\/wp-content\/uploads\/2026\/03\/263e281a-2.png",819,1024,false],"2048x2048":["https:\/\/optimate.si\/wp-content\/uploads\/2026\/03\/263e281a-2.png",819,1024,false],"trp-custom-language-flag":["https:\/\/optimate.si\/wp-content\/uploads\/2026\/03\/263e281a-2.png",10,12,false],"woocommerce_thumbnail":["https:\/\/optimate.si\/wp-content\/uploads\/2026\/03\/263e281a-2-324x389.png",324,389,true],"woocommerce_single":["https:\/\/optimate.si\/wp-content\/uploads\/2026\/03\/263e281a-2-416x520.png",416,520,true],"woocommerce_gallery_thumbnail":["https:\/\/optimate.si\/wp-content\/uploads\/2026\/03\/263e281a-2-100x100.png",100,100,true]},"uagb_author_info":{"display_name":"sergey","author_link":"https:\/\/optimate.si\/hr\/author\/"},"uagb_comment_info":0,"uagb_excerpt":"ZOLLEX metlice brisalcev so izredno kakovostne in trpe\u017ene","_links":{"self":[{"href":"https:\/\/optimate.si\/hr\/wp-json\/wp\/v2\/product\/157","targetHints":{"allow":["GET"]}}],"collection":[{"href":"https:\/\/optimate.si\/hr\/wp-json\/wp\/v2\/product"}],"about":[{"href":"https:\/\/optimate.si\/hr\/wp-json\/wp\/v2\/types\/product"}],"replies":[{"embeddable":true,"href":"https:\/\/optimate.si\/hr\/wp-json\/wp\/v2\/comments?post=157"}],"wp:featuredmedia":[{"embeddable":true,"href":"https:\/\/optimate.si\/hr\/wp-json\/wp\/v2\/media\/29056"}],"wp:attachment":[{"href":"https:\/\/optimate.si\/hr\/wp-json\/wp\/v2\/media?parent=157"}],"wp:term":[{"taxonomy":"product_brand","embeddable":true,"href":"https:\/\/optimate.si\/hr\/wp-json\/wp\/v2\/product_brand?post=157"},{"taxonomy":"product_cat","embeddable":true,"href":"https:\/\/optimate.si\/hr\/wp-json\/wp\/v2\/product_cat?post=157"},{"taxonomy":"product_tag","embeddable":true,"href":"https:\/\/optimate.si\/hr\/wp-json\/wp\/v2\/product_tag?post=157"}],"curies":[{"name":"wp","href":"https:\/\/api.w.org\/{rel}","templated":true}]}}