{"id":163,"date":"2025-12-07T23:43:55","date_gmt":"2025-12-07T22:43:55","guid":{"rendered":"https:\/\/optimate.si\/product\/zollex-metlica-brisalca-zadaj-r-1612\/"},"modified":"2026-03-29T21:20:48","modified_gmt":"2026-03-29T19:20:48","slug":"zollex-metlica-brisalca-zadaj-r-1612","status":"publish","type":"product","link":"https:\/\/optimate.si\/hr\/product\/zollex-metlica-brisalca-zadaj-r-1612\/","title":{"rendered":"zadnji brisalec R-1612"},"content":{"rendered":"<p><a target=\"_blank\" href=\"https:\/\/assets.optimate.si\/products-catalogs\/1fac155a.pdf\">Katalog<\/a><\/p>\n<p>ZOLLEX metlice brisalcev so izredno kakovostne in trpe\u017ene. Vo\u017enjo naredijo varnej\u0161o in predvsem kvalitetnej\u0161o. Brisalci so narejeni iz 100% gume prevle\u010dene z grafitnim slojem. Zagotavljajo stik s steklom v vseh vremenskih razmerah. Po zaslugi kakovostne gume delujejo skorajda nesli\u0161no. Primerne za vse vrste vozil, saj jih ponujamo v ve\u010d dimenzijah.<\/p>\n<p>CITRO\u00cbN \u2022 C1 06\/14\u203a06\/22 10\/15\u203a06\/22 DAIHATSU \u2022 CUORE 11\/03\u203a06\/07 07\/07\u203a \u2022 TERIOS 05\/06\u203a12\/13 DODGE \u2022 DURANGO \/ CITADEL 03\/14\u203a \u2022 JOURNEY 06\/08\u203a01\/12 <\/p>\n<p>FIAT \u2022 FREEMONT 06\/11\u203a01\/16 <\/p>\n<p>HYUNDAI \u2022 I 20 01\/09\u203a10\/14 <\/p>\n<p>JAGUAR \u2022 XF 10\/17\u203a (Estate) <\/p>\n<p>JEEP \u2022 CHEROKEE 09\/11\u203a08\/13 <\/p>\n<p>LAND ROVER \u2022 DISCOVERY 03\/15\u203a <\/p>\n<p>LEXUS \u2022 LX 01\/12\u203a \u2022 NX 09\/14\u203a12\/21 01\/22\u203a \u2022 RX 06\/18\u203a12\/22 \u2022 UX 02\/19\u203a <\/p>\n<p>MAZDA \u2022 CX-60 \/ CX-60 PHEV 09\/22\u203a \u2022 MAZDA 3 11\/13\u203a02\/19 (5-door) \u2022 MAZDA 5 07\/05\u203a01\/16 \u2022 MAZDA 6 07\/02\u203a02\/08 (Estate) 01\/13\u203a06\/18 (Estate) 07\/18\u203a (Estate) <\/p>\n<p>MITSUBISHI \u2022 SPACE STAR 04\/13\u203a <\/p>\n<p>PEUGEOT \u2022 108 06\/14\u203a06\/22 <\/p>\n<p>SUBARU \u2022 TREZIA 04\/11\u203a12\/14 <\/p>\n<p>SUZUKI \u2022 ACROSS 12\/20\u203a \u2022 BALENO 04\/16\u203a (5-door) \u2022 CELERIO 01\/15\u203a \u2022 SWACE 12\/20\u203a (Estate) \u2022 VITARA 09\/05\u203a03\/15 (3-door) (5-door)<\/p>\n<p>TOYOTA \u2022 AURIS 03\/07\u203a12\/12 (3-door) (5-door) \u2022 AVENSIS 04\/03\u203a11\/08 (Estate) 12\/08\u203a05\/18 (Estate) \u2022 AYGO 06\/14\u203a05\/22 \u2022 COROLLA 03\/19\u203a (5-door) 05\/19\u203a (Estate) \u2022 LAND-CRUISER 12\/09\u203a 09\/07\u203a \u2022 RAV 4 08\/00\u203a02\/06 03\/06\u203a03\/13 01\/19\u203a \u2022 VERSO 06\/09\u203a10\/18 03\/11\u203a12\/15 \u2022 YARIS 01\/06\u203a08\/11 (3-door) (5-door) 09\/11\u203a08\/20 (3-door) (5-door) 09\/21\u203a<\/p>\n<p>\u0160ifra izdelka: 00648<\/p>","protected":false},"excerpt":{"rendered":"<p>ZOLLEX metlice brisalcev so izredno kakovostne in trpe\u017ene<\/p>","protected":false},"featured_media":29064,"comment_status":"open","ping_status":"closed","template":"","meta":{"_uag_custom_page_level_css":""},"product_brand":[],"product_cat":[34],"product_tag":[],"class_list":{"0":"post-163","1":"product","2":"type-product","3":"status-publish","4":"has-post-thumbnail","6":"product_cat-040-zadnji-brisalci","8":"first","9":"instock","10":"taxable","11":"shipping-taxable","12":"purchasable","13":"product-type-simple"},"uagb_featured_image_src":{"full":["https:\/\/optimate.si\/wp-content\/uploads\/2026\/03\/1fc6a4ea-2.png",819,1024,false],"thumbnail":["https:\/\/optimate.si\/wp-content\/uploads\/2026\/03\/1fc6a4ea-2-150x150.png",150,150,true],"medium":["https:\/\/optimate.si\/wp-content\/uploads\/2026\/03\/1fc6a4ea-2-240x300.png",240,300,true],"medium_large":["https:\/\/optimate.si\/wp-content\/uploads\/2026\/03\/1fc6a4ea-2-768x960.png",768,960,true],"large":["https:\/\/optimate.si\/wp-content\/uploads\/2026\/03\/1fc6a4ea-2.png",819,1024,false],"1536x1536":["https:\/\/optimate.si\/wp-content\/uploads\/2026\/03\/1fc6a4ea-2.png",819,1024,false],"2048x2048":["https:\/\/optimate.si\/wp-content\/uploads\/2026\/03\/1fc6a4ea-2.png",819,1024,false],"trp-custom-language-flag":["https:\/\/optimate.si\/wp-content\/uploads\/2026\/03\/1fc6a4ea-2.png",10,12,false],"woocommerce_thumbnail":["https:\/\/optimate.si\/wp-content\/uploads\/2026\/03\/1fc6a4ea-2-324x389.png",324,389,true],"woocommerce_single":["https:\/\/optimate.si\/wp-content\/uploads\/2026\/03\/1fc6a4ea-2-416x520.png",416,520,true],"woocommerce_gallery_thumbnail":["https:\/\/optimate.si\/wp-content\/uploads\/2026\/03\/1fc6a4ea-2-100x100.png",100,100,true]},"uagb_author_info":{"display_name":"sergey","author_link":"https:\/\/optimate.si\/hr\/author\/"},"uagb_comment_info":0,"uagb_excerpt":"ZOLLEX metlice brisalcev so izredno kakovostne in trpe\u017ene","_links":{"self":[{"href":"https:\/\/optimate.si\/hr\/wp-json\/wp\/v2\/product\/163","targetHints":{"allow":["GET"]}}],"collection":[{"href":"https:\/\/optimate.si\/hr\/wp-json\/wp\/v2\/product"}],"about":[{"href":"https:\/\/optimate.si\/hr\/wp-json\/wp\/v2\/types\/product"}],"replies":[{"embeddable":true,"href":"https:\/\/optimate.si\/hr\/wp-json\/wp\/v2\/comments?post=163"}],"wp:featuredmedia":[{"embeddable":true,"href":"https:\/\/optimate.si\/hr\/wp-json\/wp\/v2\/media\/29064"}],"wp:attachment":[{"href":"https:\/\/optimate.si\/hr\/wp-json\/wp\/v2\/media?parent=163"}],"wp:term":[{"taxonomy":"product_brand","embeddable":true,"href":"https:\/\/optimate.si\/hr\/wp-json\/wp\/v2\/product_brand?post=163"},{"taxonomy":"product_cat","embeddable":true,"href":"https:\/\/optimate.si\/hr\/wp-json\/wp\/v2\/product_cat?post=163"},{"taxonomy":"product_tag","embeddable":true,"href":"https:\/\/optimate.si\/hr\/wp-json\/wp\/v2\/product_tag?post=163"}],"curies":[{"name":"wp","href":"https:\/\/api.w.org\/{rel}","templated":true}]}}