{"id":166,"date":"2025-12-07T23:43:58","date_gmt":"2025-12-07T22:43:58","guid":{"rendered":"https:\/\/optimate.si\/product\/zollex-metlica-brisalca-zadaj-r-1614\/"},"modified":"2026-03-29T21:20:51","modified_gmt":"2026-03-29T19:20:51","slug":"zollex-metlica-brisalca-zadaj-r-1614","status":"publish","type":"product","link":"https:\/\/optimate.si\/hr\/product\/zollex-metlica-brisalca-zadaj-r-1614\/","title":{"rendered":"zadnji brisalec R-1614"},"content":{"rendered":"<p><a target=\"_blank\" href=\"https:\/\/assets.optimate.si\/products-catalogs\/1fac155a.pdf\">Katalog<\/a><\/p>\n<p>ZOLLEX metlice brisalcev so izredno kakovostne in trpe\u017ene. Vo\u017enjo naredijo varnej\u0161o in predvsem kvalitetnej\u0161o. Brisalci so narejeni iz 100% gume prevle\u010dene z grafitnim slojem. Zagotavljajo stik s steklom v vseh vremenskih razmerah. Po zaslugi kakovostne gume delujejo skorajda nesli\u0161no. Primerne za vse vrste vozil, saj jih ponujamo v ve\u010d dimenzijah.<\/p>\n<p>HYUNDAI \u2022 I 40 06\/11\u203a01\/18 (Estate) \u2022 NEXO 09\/18\u203a \u2022 SANTA FE 04\/06\u203a08\/12 \u2022 SATELLITE 12\/07\u203a12\/11 (Tailgate) \u2022 TUCSON 09\/15\u203a10\/20<\/p>\n<p>JEEP \u2022 CHEROKEE 04\/13\u203a12\/23 <\/p>\n<p>KIA \u2022 CARENS 09\/06\u203a01\/11 \u2022 RIO 04\/05\u203a06\/11 (5-door) <\/p>\n<p>LEXUS \u2022 RX 03\/98\u203a05\/09 <\/p>\n<p>MAZDA \u2022 CX-5 03\/12\u203a04\/17 05\/17\u203a \u2022 CX-7 10\/07\u203a12\/12 \u2022 MAZDA 3 04\/09\u203a10\/13 (5-door) \u2022 MAZDA 6 03\/08\u203a12\/12 (Estate) <\/p>\n<p>MITSUBISHI \u2022 OUTLANDER 05\/03\u203a01\/07 SUBARU \u2022 OUTBACK 02\/15\u203a04\/21 (Estate) <\/p>\n<p>TOYOTA \u2022 AVENSIS 04\/03\u203a11\/08 (5-door) \u2022 AVENSIS VERSO 08\/01\u203a12\/10 \u2022 C-HR 11\/16\u203a08\/23 \u2022 COROLLA 01\/02\u203a02\/07 (3-door) (5-door) 10\/01\u203a12\/08 (Estate) \u2022 LAND-CRUISER 01\/03\u203a12\/09 (3-door) (5-door) \u2022 PRIUS 03\/16\u203a05\/23 \u2022 YARIS 01\/05\u203a02\/11<\/p>\n<p>\u0160ifra izdelka: 00649<\/p>","protected":false},"excerpt":{"rendered":"<p>ZOLLEX metlice brisalcev so izredno kakovostne in trpe\u017ene<\/p>","protected":false},"featured_media":29066,"comment_status":"open","ping_status":"closed","template":"","meta":{"_uag_custom_page_level_css":""},"product_brand":[],"product_cat":[34],"product_tag":[],"class_list":{"0":"post-166","1":"product","2":"type-product","3":"status-publish","4":"has-post-thumbnail","6":"product_cat-040-zadnji-brisalci","8":"first","9":"instock","10":"taxable","11":"shipping-taxable","12":"purchasable","13":"product-type-simple"},"uagb_featured_image_src":{"full":["https:\/\/optimate.si\/wp-content\/uploads\/2026\/03\/f0d1be75-2.png",819,1024,false],"thumbnail":["https:\/\/optimate.si\/wp-content\/uploads\/2026\/03\/f0d1be75-2-150x150.png",150,150,true],"medium":["https:\/\/optimate.si\/wp-content\/uploads\/2026\/03\/f0d1be75-2-240x300.png",240,300,true],"medium_large":["https:\/\/optimate.si\/wp-content\/uploads\/2026\/03\/f0d1be75-2-768x960.png",768,960,true],"large":["https:\/\/optimate.si\/wp-content\/uploads\/2026\/03\/f0d1be75-2.png",819,1024,false],"1536x1536":["https:\/\/optimate.si\/wp-content\/uploads\/2026\/03\/f0d1be75-2.png",819,1024,false],"2048x2048":["https:\/\/optimate.si\/wp-content\/uploads\/2026\/03\/f0d1be75-2.png",819,1024,false],"trp-custom-language-flag":["https:\/\/optimate.si\/wp-content\/uploads\/2026\/03\/f0d1be75-2.png",10,12,false],"woocommerce_thumbnail":["https:\/\/optimate.si\/wp-content\/uploads\/2026\/03\/f0d1be75-2-324x389.png",324,389,true],"woocommerce_single":["https:\/\/optimate.si\/wp-content\/uploads\/2026\/03\/f0d1be75-2-416x520.png",416,520,true],"woocommerce_gallery_thumbnail":["https:\/\/optimate.si\/wp-content\/uploads\/2026\/03\/f0d1be75-2-100x100.png",100,100,true]},"uagb_author_info":{"display_name":"sergey","author_link":"https:\/\/optimate.si\/hr\/author\/"},"uagb_comment_info":0,"uagb_excerpt":"ZOLLEX metlice brisalcev so izredno kakovostne in trpe\u017ene","_links":{"self":[{"href":"https:\/\/optimate.si\/hr\/wp-json\/wp\/v2\/product\/166","targetHints":{"allow":["GET"]}}],"collection":[{"href":"https:\/\/optimate.si\/hr\/wp-json\/wp\/v2\/product"}],"about":[{"href":"https:\/\/optimate.si\/hr\/wp-json\/wp\/v2\/types\/product"}],"replies":[{"embeddable":true,"href":"https:\/\/optimate.si\/hr\/wp-json\/wp\/v2\/comments?post=166"}],"wp:featuredmedia":[{"embeddable":true,"href":"https:\/\/optimate.si\/hr\/wp-json\/wp\/v2\/media\/29066"}],"wp:attachment":[{"href":"https:\/\/optimate.si\/hr\/wp-json\/wp\/v2\/media?parent=166"}],"wp:term":[{"taxonomy":"product_brand","embeddable":true,"href":"https:\/\/optimate.si\/hr\/wp-json\/wp\/v2\/product_brand?post=166"},{"taxonomy":"product_cat","embeddable":true,"href":"https:\/\/optimate.si\/hr\/wp-json\/wp\/v2\/product_cat?post=166"},{"taxonomy":"product_tag","embeddable":true,"href":"https:\/\/optimate.si\/hr\/wp-json\/wp\/v2\/product_tag?post=166"}],"curies":[{"name":"wp","href":"https:\/\/api.w.org\/{rel}","templated":true}]}}