{"id":181,"date":"2025-12-07T23:44:06","date_gmt":"2025-12-07T22:44:06","guid":{"rendered":"https:\/\/optimate.si\/product\/zollex-cistilna-aktivna-pena-vecnamenska-650ml\/"},"modified":"2026-05-06T13:20:57","modified_gmt":"2026-05-06T11:20:57","slug":"025zollex-cistilna-aktivna-pena-vecnamenska-650ml","status":"publish","type":"product","link":"https:\/\/optimate.si\/hr\/product\/025zollex-cistilna-aktivna-pena-vecnamenska-650ml\/","title":{"rendered":"Universal Foam"},"content":{"rendered":"<h3>Globinsko \u010di\u0161\u010denje notranjih povr\u0161in<\/h3>\n<p><strong>Universal Foam<\/strong> je <strong>penasto \u010distilo za notranjost avtomobila<\/strong>. Aktivna pena prodre v vlakna materiala, raztopi umazanijo ter omogo\u010da enostavno odstranjevanje brez mo\u010dnega drgnjenja. Vsebuje 650 ml.<\/p>\n<p>Po uporabi povr\u0161ina ostane \u010dista, brez lepljivih ostankov in z <strong>nevtralnim sve\u017eim vonjem<\/strong>.<\/p>\n<hr>\n<h3>Uporaba<\/h3>\n<ol>\n<li>\n<p>Pred uporabo <strong>dobro pretresite plo\u010devinko<\/strong>.<\/p>\n<\/li>\n<li>\n<p><strong>Enakomerno razpr\u0161ite<\/strong> po povr\u0161ini z razdalje <strong>15\u201320 cm<\/strong>.<\/p>\n<\/li>\n<li>\n<p>Pustite, da <strong>pena deluje 20\u201330 sekund<\/strong>.<\/p>\n<\/li>\n<li>\n<p>Povr\u0161ino <strong>temeljito obri\u0161ite s \u010disto krpo<\/strong>.<\/p>\n<\/li>\n<li>\n<p>Postopek po potrebi ponovite na mo\u010dno umazanih mestih.<\/p>\n<p><\/p>\n<\/li>\n<\/ol>\n<p><a target=\"_blank\" rel=\"noopener noreferrer nofollow\" href=\"https:\/\/my.chemius.net\/p\/BNiyWR\/en\/pd\/cs\">MSDS<\/a><\/p>\n<p>\u0160ifra izdelka: 00704<\/p>","protected":false},"excerpt":{"rendered":"<p>Univerzalno penasto \u010distilo za notranjost vozila, ki u\u010dinkovito odstranjuje made\u017ee, ma\u0161\u010dobo in umazanijo. <\/p>","protected":false},"featured_media":32404,"comment_status":"open","ping_status":"closed","template":"","meta":{"_uag_custom_page_level_css":""},"product_brand":[],"product_cat":[65],"product_tag":[],"class_list":{"0":"post-181","1":"product","2":"type-product","3":"status-publish","4":"has-post-thumbnail","6":"product_cat-02-vzdrzevalni-spreji","8":"first","9":"instock","10":"taxable","11":"shipping-taxable","12":"purchasable","13":"product-type-simple"},"uagb_featured_image_src":{"full":["https:\/\/optimate.si\/wp-content\/uploads\/2026\/05\/a4b5e2ed-1.png",819,1024,false],"thumbnail":["https:\/\/optimate.si\/wp-content\/uploads\/2026\/05\/a4b5e2ed-1-150x150.png",150,150,true],"medium":["https:\/\/optimate.si\/wp-content\/uploads\/2026\/05\/a4b5e2ed-1-240x300.png",240,300,true],"medium_large":["https:\/\/optimate.si\/wp-content\/uploads\/2026\/05\/a4b5e2ed-1-768x960.png",768,960,true],"large":["https:\/\/optimate.si\/wp-content\/uploads\/2026\/05\/a4b5e2ed-1.png",819,1024,false],"1536x1536":["https:\/\/optimate.si\/wp-content\/uploads\/2026\/05\/a4b5e2ed-1.png",819,1024,false],"2048x2048":["https:\/\/optimate.si\/wp-content\/uploads\/2026\/05\/a4b5e2ed-1.png",819,1024,false],"trp-custom-language-flag":["https:\/\/optimate.si\/wp-content\/uploads\/2026\/05\/a4b5e2ed-1-10x12.png",10,12,true],"woocommerce_thumbnail":["https:\/\/optimate.si\/wp-content\/uploads\/2026\/05\/a4b5e2ed-1-324x389.png",324,389,true],"woocommerce_single":["https:\/\/optimate.si\/wp-content\/uploads\/2026\/05\/a4b5e2ed-1-416x520.png",416,520,true],"woocommerce_gallery_thumbnail":["https:\/\/optimate.si\/wp-content\/uploads\/2026\/05\/a4b5e2ed-1-100x100.png",100,100,true]},"uagb_author_info":{"display_name":"sergey","author_link":"https:\/\/optimate.si\/hr\/author\/"},"uagb_comment_info":1,"uagb_excerpt":"Univerzalno penasto \u010distilo za notranjost vozila, ki u\u010dinkovito odstranjuje made\u017ee, ma\u0161\u010dobo in umazanijo.","_links":{"self":[{"href":"https:\/\/optimate.si\/hr\/wp-json\/wp\/v2\/product\/181","targetHints":{"allow":["GET"]}}],"collection":[{"href":"https:\/\/optimate.si\/hr\/wp-json\/wp\/v2\/product"}],"about":[{"href":"https:\/\/optimate.si\/hr\/wp-json\/wp\/v2\/types\/product"}],"replies":[{"embeddable":true,"href":"https:\/\/optimate.si\/hr\/wp-json\/wp\/v2\/comments?post=181"}],"wp:featuredmedia":[{"embeddable":true,"href":"https:\/\/optimate.si\/hr\/wp-json\/wp\/v2\/media\/32404"}],"wp:attachment":[{"href":"https:\/\/optimate.si\/hr\/wp-json\/wp\/v2\/media?parent=181"}],"wp:term":[{"taxonomy":"product_brand","embeddable":true,"href":"https:\/\/optimate.si\/hr\/wp-json\/wp\/v2\/product_brand?post=181"},{"taxonomy":"product_cat","embeddable":true,"href":"https:\/\/optimate.si\/hr\/wp-json\/wp\/v2\/product_cat?post=181"},{"taxonomy":"product_tag","embeddable":true,"href":"https:\/\/optimate.si\/hr\/wp-json\/wp\/v2\/product_tag?post=181"}],"curies":[{"name":"wp","href":"https:\/\/api.w.org\/{rel}","templated":true}]}}