{"id":184,"date":"2025-12-07T23:44:08","date_gmt":"2025-12-07T22:44:08","guid":{"rendered":"https:\/\/optimate.si\/product\/zollex-cistilna-aktivna-pena-650ml-pnevmatike\/"},"modified":"2026-05-06T15:10:53","modified_gmt":"2026-05-06T13:10:53","slug":"010zollex-cistilna-aktivna-pena-650ml-pnevmatike","status":"publish","type":"product","link":"https:\/\/optimate.si\/hr\/product\/010zollex-cistilna-aktivna-pena-650ml-pnevmatike\/","title":{"rendered":"TireClean pena za \u010diste pnevmatike"},"content":{"rendered":"<p><iframe loading=\"lazy\" title=\"How to clean the tires WITHOUT getting your hands dirty?\" width=\"980\" height=\"551\" src=\"https:\/\/www.youtube.com\/embed\/8lEIglN72Gc?feature=oembed\" frameborder=\"0\" allow=\"accelerometer; autoplay; clipboard-write; encrypted-media; gyroscope; picture-in-picture; web-share\" referrerpolicy=\"strict-origin-when-cross-origin\" allowfullscreen><\/iframe> <\/p>\n<h3>Hitro \u010di\u0161\u010denje pnevmatik<\/h3>\n<p>Aktivna pena prodre globoko v gumo, raztopi umazanijo in po nekaj minutah izgine ter pusti pnevmatike \u010diste in z izrazito<strong> \u010drno barvo<\/strong>, hkrati pomaga za\u0161\u010dititi pnevmatike pred UV \u017earki, ki povzro\u010dajo bledenje in razpoke.<\/p>\n<hr>\n<h3>Klju\u010dne lastnosti<\/h3>\n<p>\u2022 <strong>Enostavna uporaba<\/strong> \u2013 samo razpr\u0161ite peno, brez drgnjenja ali brisanja<br \/>\u2022 <strong>Globinsko \u010di\u0161\u010denje pnevmatik<\/strong> \u2013 odstranjuje cestno umazanijo in zavorni prah<br \/>\u2022 <strong>UV za\u0161\u010dita<\/strong> \u2013 pomaga prepre\u010devati bledenje in razpoke na gumi<br \/>\u2022 <strong>Dolgotrajni rezultati<\/strong> \u2013 za\u0161\u010ditni sloj ohranja pnevmatike \u010diste dlje \u010dasa<br \/>\u2022 <strong>Suha povr\u0161ina po nanosu<\/strong> \u2013 ne pu\u0161\u010da mastnih sledi na vozilu<\/p>\n<hr>\n<h3>Uporaba<\/h3>\n<ol>\n<li>\n<p>Pred uporabo <strong>dobro pretresite plo\u010devinko<\/strong>.<\/p>\n<\/li>\n<li>\n<p><strong>Razpr\u0161ite peno na pnevmatiko<\/strong> z razdalje pribli\u017eno <strong>10\u201315 cm<\/strong>.<\/p>\n<\/li>\n<li>\n<p>Pustite, da se <strong>pena raztopi in vpije v povr\u0161ino pnevmatike<\/strong>.<\/p>\n<\/li>\n<li>\n<p><strong>Brisanje ni potrebno<\/strong> \u2013 pnevmatika se posu\u0161i v nekaj minutah.<\/p>\n<\/li>\n<\/ol>\n<p><a target=\"_blank\" rel=\"noopener noreferrer nofollow\" href=\"https:\/\/my.chemius.net\/p\/35FlxR\/en\/pd\/en\">MSDS<\/a><\/p>\n<p><\/p>\n<p>\u0160ifra izdelka: 00705<\/p>","protected":false},"excerpt":{"rendered":"<p>Umazane pnevmatike razpokajo hitreje. TireClean v 2 minutah odstrani umazanijo.<\/p>","protected":false},"featured_media":32476,"comment_status":"open","ping_status":"closed","template":"","meta":{"_uag_custom_page_level_css":""},"product_brand":[],"product_cat":[65],"product_tag":[],"class_list":{"0":"post-184","1":"product","2":"type-product","3":"status-publish","4":"has-post-thumbnail","6":"product_cat-02-vzdrzevalni-spreji","8":"first","9":"instock","10":"taxable","11":"shipping-taxable","12":"purchasable","13":"product-type-simple"},"uagb_featured_image_src":{"full":["https:\/\/optimate.si\/wp-content\/uploads\/2026\/05\/894f2b3d-2.png",700,840,false],"thumbnail":["https:\/\/optimate.si\/wp-content\/uploads\/2026\/05\/894f2b3d-2-150x150.png",150,150,true],"medium":["https:\/\/optimate.si\/wp-content\/uploads\/2026\/05\/894f2b3d-2-250x300.png",250,300,true],"medium_large":["https:\/\/optimate.si\/wp-content\/uploads\/2026\/05\/894f2b3d-2.png",700,840,false],"large":["https:\/\/optimate.si\/wp-content\/uploads\/2026\/05\/894f2b3d-2.png",700,840,false],"1536x1536":["https:\/\/optimate.si\/wp-content\/uploads\/2026\/05\/894f2b3d-2.png",700,840,false],"2048x2048":["https:\/\/optimate.si\/wp-content\/uploads\/2026\/05\/894f2b3d-2.png",700,840,false],"trp-custom-language-flag":["https:\/\/optimate.si\/wp-content\/uploads\/2026\/05\/894f2b3d-2-10x12.png",10,12,true],"woocommerce_thumbnail":["https:\/\/optimate.si\/wp-content\/uploads\/2026\/05\/894f2b3d-2-324x389.png",324,389,true],"woocommerce_single":["https:\/\/optimate.si\/wp-content\/uploads\/2026\/05\/894f2b3d-2-416x499.png",416,499,true],"woocommerce_gallery_thumbnail":["https:\/\/optimate.si\/wp-content\/uploads\/2026\/05\/894f2b3d-2-100x100.png",100,100,true]},"uagb_author_info":{"display_name":"sergey","author_link":"https:\/\/optimate.si\/hr\/author\/"},"uagb_comment_info":1,"uagb_excerpt":"Umazane pnevmatike razpokajo hitreje. TireClean v 2 minutah odstrani umazanijo.","_links":{"self":[{"href":"https:\/\/optimate.si\/hr\/wp-json\/wp\/v2\/product\/184","targetHints":{"allow":["GET"]}}],"collection":[{"href":"https:\/\/optimate.si\/hr\/wp-json\/wp\/v2\/product"}],"about":[{"href":"https:\/\/optimate.si\/hr\/wp-json\/wp\/v2\/types\/product"}],"replies":[{"embeddable":true,"href":"https:\/\/optimate.si\/hr\/wp-json\/wp\/v2\/comments?post=184"}],"wp:featuredmedia":[{"embeddable":true,"href":"https:\/\/optimate.si\/hr\/wp-json\/wp\/v2\/media\/32476"}],"wp:attachment":[{"href":"https:\/\/optimate.si\/hr\/wp-json\/wp\/v2\/media?parent=184"}],"wp:term":[{"taxonomy":"product_brand","embeddable":true,"href":"https:\/\/optimate.si\/hr\/wp-json\/wp\/v2\/product_brand?post=184"},{"taxonomy":"product_cat","embeddable":true,"href":"https:\/\/optimate.si\/hr\/wp-json\/wp\/v2\/product_cat?post=184"},{"taxonomy":"product_tag","embeddable":true,"href":"https:\/\/optimate.si\/hr\/wp-json\/wp\/v2\/product_tag?post=184"}],"curies":[{"name":"wp","href":"https:\/\/api.w.org\/{rel}","templated":true}]}}