{"id":186,"date":"2025-12-07T23:44:09","date_gmt":"2025-12-07T22:44:09","guid":{"rendered":"https:\/\/optimate.si\/product\/zollex-lepilo-super-epoxy-vecnamensko-tudi-steklo-35g\/"},"modified":"2026-05-05T14:41:14","modified_gmt":"2026-05-05T12:41:14","slug":"035zollex-lepilo-super-epoxy-vecnamensko-tudi-steklo-35g","status":"publish","type":"product","link":"https:\/\/optimate.si\/hr\/product\/035zollex-lepilo-super-epoxy-vecnamensko-tudi-steklo-35g\/","title":{"rendered":"Lepilo SUPER EPOXY  ve\u010dnamensko (tudi steklo) 35g"},"content":{"rendered":"<p>ZOLLEX EPOXY lepilo je visoko-polimerni izdelek. Ko se posu\u0161i, postane trden kot \u017eelezo. Odporen je na visoke temperature in je zato ognjevaren. Zelo je odporen tudi na kemi\u010dna topila, antisepti\u010dna sredstva in ultravijoli\u010dne \u017earke (UV). Se ne kr\u010di in ne izgubi oblike. Ko se popolnoma posu\u0161i, lahko zaradi svoje trdnosti zdr\u017ei zelo velike natezne sile. Lahko ga uporabite za spajanje, krpanje ali popravilo ve\u010dine materialov, razen najlona, silikona, fluorovih smol, mehkega PVC, gume, polietilena in polipropilena. Najbolj je primeren za popravilo kerami\u010dnih plo\u0161\u010d in lesnih, kovinskih, betonskih ter steklenih izdelkov.<br \/>Na voljo v 35g injekciji.<\/p>\n<p>\u0160t. v kartonu 12<\/p>\n<p><\/p>\n<p><a target=\"_blank\" rel=\"noopener noreferrer nofollow\" href=\"https:\/\/my.chemius.net\/p\/pdJzVf\/en\/pd\/en\">MSDS-part A<\/a><\/p>\n<p><a target=\"_blank\" rel=\"noopener noreferrer nofollow\" href=\"https:\/\/my.chemius.net\/p\/GLQAvO\/en\/pd\/en\">MSDS-part B<\/a><\/p>\n<p>\u0160ifra izdelka: 00706<\/p>","protected":false},"excerpt":{"rendered":"<p>ZOLLEX EPOXY lepilo je visoko-polimerni izdelek<\/p>","protected":false},"featured_media":32156,"comment_status":"open","ping_status":"closed","template":"","meta":{"_uag_custom_page_level_css":""},"product_brand":[],"product_cat":[43],"product_tag":[],"class_list":{"0":"post-186","1":"product","2":"type-product","3":"status-publish","4":"has-post-thumbnail","6":"product_cat-lepila","8":"first","9":"instock","10":"taxable","11":"shipping-taxable","12":"purchasable","13":"product-type-simple"},"uagb_featured_image_src":{"full":["https:\/\/optimate.si\/wp-content\/uploads\/2026\/05\/db2857cc.jpg",1024,1024,false],"thumbnail":["https:\/\/optimate.si\/wp-content\/uploads\/2026\/05\/db2857cc-150x150.jpg",150,150,true],"medium":["https:\/\/optimate.si\/wp-content\/uploads\/2026\/05\/db2857cc-300x300.jpg",300,300,true],"medium_large":["https:\/\/optimate.si\/wp-content\/uploads\/2026\/05\/db2857cc-768x768.jpg",768,768,true],"large":["https:\/\/optimate.si\/wp-content\/uploads\/2026\/05\/db2857cc.jpg",980,980,false],"1536x1536":["https:\/\/optimate.si\/wp-content\/uploads\/2026\/05\/db2857cc.jpg",1024,1024,false],"2048x2048":["https:\/\/optimate.si\/wp-content\/uploads\/2026\/05\/db2857cc.jpg",1024,1024,false],"trp-custom-language-flag":["https:\/\/optimate.si\/wp-content\/uploads\/2026\/05\/db2857cc-12x12.jpg",12,12,true],"woocommerce_thumbnail":["https:\/\/optimate.si\/wp-content\/uploads\/2026\/05\/db2857cc-324x389.jpg",324,389,true],"woocommerce_single":["https:\/\/optimate.si\/wp-content\/uploads\/2026\/05\/db2857cc-416x416.jpg",416,416,true],"woocommerce_gallery_thumbnail":["https:\/\/optimate.si\/wp-content\/uploads\/2026\/05\/db2857cc-100x100.jpg",100,100,true]},"uagb_author_info":{"display_name":"sergey","author_link":"https:\/\/optimate.si\/hr\/author\/"},"uagb_comment_info":0,"uagb_excerpt":"ZOLLEX EPOXY lepilo je visoko-polimerni izdelek","_links":{"self":[{"href":"https:\/\/optimate.si\/hr\/wp-json\/wp\/v2\/product\/186","targetHints":{"allow":["GET"]}}],"collection":[{"href":"https:\/\/optimate.si\/hr\/wp-json\/wp\/v2\/product"}],"about":[{"href":"https:\/\/optimate.si\/hr\/wp-json\/wp\/v2\/types\/product"}],"replies":[{"embeddable":true,"href":"https:\/\/optimate.si\/hr\/wp-json\/wp\/v2\/comments?post=186"}],"wp:featuredmedia":[{"embeddable":true,"href":"https:\/\/optimate.si\/hr\/wp-json\/wp\/v2\/media\/32156"}],"wp:attachment":[{"href":"https:\/\/optimate.si\/hr\/wp-json\/wp\/v2\/media?parent=186"}],"wp:term":[{"taxonomy":"product_brand","embeddable":true,"href":"https:\/\/optimate.si\/hr\/wp-json\/wp\/v2\/product_brand?post=186"},{"taxonomy":"product_cat","embeddable":true,"href":"https:\/\/optimate.si\/hr\/wp-json\/wp\/v2\/product_cat?post=186"},{"taxonomy":"product_tag","embeddable":true,"href":"https:\/\/optimate.si\/hr\/wp-json\/wp\/v2\/product_tag?post=186"}],"curies":[{"name":"wp","href":"https:\/\/api.w.org\/{rel}","templated":true}]}}