{"id":191,"date":"2025-12-07T23:44:12","date_gmt":"2025-12-07T22:44:12","guid":{"rendered":"https:\/\/optimate.si\/product\/zollex-lepilo-super-3g\/"},"modified":"2026-03-14T22:00:58","modified_gmt":"2026-03-14T21:00:58","slug":"040zollex-lepilo-super-3g","status":"publish","type":"product","link":"https:\/\/optimate.si\/hr\/product\/040zollex-lepilo-super-3g\/","title":{"rendered":"Lepilo SEKUNDA 3g"},"content":{"rendered":"<p>ZOLLEX SUPER je hitro su\u0161e\u010de lepilo za plastiko, les, razli\u010dne vrste gum, usnje in keramiko.<br \/>Navodila za uporabo: s povr\u0161in, ki jih nameravate zlepiti skupaj, morate o\u010distiti ma\u0161\u010dobo, jih osu\u0161iti in o\u010distiti. Na eno od dveh povr\u0161in nanesite kapljo lepila ter povr\u0161ini mo\u010dno stisnite. Zlepljenih delov ne smete premikati od 5 do 15 sekund.<br \/>Na voljo v pakiranju 12 x 3g.<\/p>\n<p><\/p>\n<p><a target=\"_blank\" rel=\"noopener noreferrer nofollow\" href=\"https:\/\/my.chemius.net\/p\/CBoGYK\/en\/pd\/cs\">MSDS<\/a><\/p>\n<p>\u0160ifra izdelka: 00708<\/p>","protected":false},"excerpt":{"rendered":"<p>ZOLLEX SUPER je hitro su\u0161e\u010de lepilo za plastiko, les, razli\u010dne vrste gum, usnje in keramiko<\/p>","protected":false},"featured_media":26252,"comment_status":"open","ping_status":"closed","template":"","meta":{"_uag_custom_page_level_css":""},"product_brand":[],"product_cat":[43],"product_tag":[],"class_list":{"0":"post-191","1":"product","2":"type-product","3":"status-publish","4":"has-post-thumbnail","6":"product_cat-lepila","8":"first","9":"instock","10":"taxable","11":"shipping-taxable","12":"purchasable","13":"product-type-simple"},"uagb_featured_image_src":{"full":["https:\/\/optimate.si\/wp-content\/uploads\/2026\/03\/cbe80763-1.png",510,637,false],"thumbnail":["https:\/\/optimate.si\/wp-content\/uploads\/2026\/03\/cbe80763-1-150x150.png",150,150,true],"medium":["https:\/\/optimate.si\/wp-content\/uploads\/2026\/03\/cbe80763-1-240x300.png",240,300,true],"medium_large":["https:\/\/optimate.si\/wp-content\/uploads\/2026\/03\/cbe80763-1.png",510,637,false],"large":["https:\/\/optimate.si\/wp-content\/uploads\/2026\/03\/cbe80763-1.png",510,637,false],"1536x1536":["https:\/\/optimate.si\/wp-content\/uploads\/2026\/03\/cbe80763-1.png",510,637,false],"2048x2048":["https:\/\/optimate.si\/wp-content\/uploads\/2026\/03\/cbe80763-1.png",510,637,false],"trp-custom-language-flag":["https:\/\/optimate.si\/wp-content\/uploads\/2026\/03\/cbe80763-1.png",10,12,false],"woocommerce_thumbnail":["https:\/\/optimate.si\/wp-content\/uploads\/2026\/03\/cbe80763-1-324x389.png",324,389,true],"woocommerce_single":["https:\/\/optimate.si\/wp-content\/uploads\/2026\/03\/cbe80763-1-416x520.png",416,520,true],"woocommerce_gallery_thumbnail":["https:\/\/optimate.si\/wp-content\/uploads\/2026\/03\/cbe80763-1-100x100.png",100,100,true]},"uagb_author_info":{"display_name":"sergey","author_link":"https:\/\/optimate.si\/hr\/author\/"},"uagb_comment_info":0,"uagb_excerpt":"ZOLLEX SUPER je hitro su\u0161e\u010de lepilo za plastiko, les, razli\u010dne vrste gum, usnje in keramiko","_links":{"self":[{"href":"https:\/\/optimate.si\/hr\/wp-json\/wp\/v2\/product\/191","targetHints":{"allow":["GET"]}}],"collection":[{"href":"https:\/\/optimate.si\/hr\/wp-json\/wp\/v2\/product"}],"about":[{"href":"https:\/\/optimate.si\/hr\/wp-json\/wp\/v2\/types\/product"}],"replies":[{"embeddable":true,"href":"https:\/\/optimate.si\/hr\/wp-json\/wp\/v2\/comments?post=191"}],"wp:featuredmedia":[{"embeddable":true,"href":"https:\/\/optimate.si\/hr\/wp-json\/wp\/v2\/media\/26252"}],"wp:attachment":[{"href":"https:\/\/optimate.si\/hr\/wp-json\/wp\/v2\/media?parent=191"}],"wp:term":[{"taxonomy":"product_brand","embeddable":true,"href":"https:\/\/optimate.si\/hr\/wp-json\/wp\/v2\/product_brand?post=191"},{"taxonomy":"product_cat","embeddable":true,"href":"https:\/\/optimate.si\/hr\/wp-json\/wp\/v2\/product_cat?post=191"},{"taxonomy":"product_tag","embeddable":true,"href":"https:\/\/optimate.si\/hr\/wp-json\/wp\/v2\/product_tag?post=191"}],"curies":[{"name":"wp","href":"https:\/\/api.w.org\/{rel}","templated":true}]}}