{"id":201,"date":"2025-12-07T23:44:17","date_gmt":"2025-12-07T22:44:17","guid":{"rendered":"https:\/\/optimate.si\/product\/zollex-plastelin-umetna-kovina-28g-bela\/"},"modified":"2026-03-14T22:01:08","modified_gmt":"2026-03-14T21:01:08","slug":"zollex-plastelin-umetna-kovina-28g-bela","status":"publish","type":"product","link":"https:\/\/optimate.si\/hr\/product\/zollex-plastelin-umetna-kovina-28g-bela\/","title":{"rendered":"Plastelin umetna kovina 28g (BELA)"},"content":{"rendered":"<p>ZOLLEX Plastelin umetna kovina je primeren za uporabo na kovinah, lesu, porcelanu, povr\u0161inah iz steklenih vlaken, ceveh, elektri\u010dnih priklju\u010dkih, tesnilih, keramiki, masa\u017enih kadeh, ve\u010dini vrst plastike itd. Masa ni primerna za uporabo z najlonom, silikonom, fluorovimi smolami, mehkim PVC, polipropilenom, polietilenom ali gumo.<br \/>Na voljo v 57g in 28g pakiranju ter v \u010drni razli\u010dici, ki je primernej\u0161a za kovino in beli razli\u010dici, ki je primerna za razli\u010dne povr\u0161ine.<\/p>\n<p>\u0160t, v kartonu 36<\/p>\n<p><\/p>\n<p><a target=\"_blank\" rel=\"noopener noreferrer nofollow\" href=\"https:\/\/zolleks.si\/uploads\/zollex\/public\/document\/9-vl_zolleks_welding_bel_sl.pdf\">MSDS<\/a><\/p>\n<p>\u0160ifra izdelka: 00715<\/p>","protected":false},"excerpt":{"rendered":"<p>ZOLLEX Plastelin umetna kovina je primeren za uporabo na kovinah, lesu, porcelanu, povr\u0161inah iz steklenih vlaken, ceveh, elektri\u010dnih priklju\u010dkih, tesnilih, keramiki, masa\u017enih kadeh, ve\u010dini vrst plastike itd<\/p>","protected":false},"featured_media":26255,"comment_status":"open","ping_status":"closed","template":"","meta":{"_uag_custom_page_level_css":""},"product_brand":[],"product_cat":[43],"product_tag":[],"class_list":{"0":"post-201","1":"product","2":"type-product","3":"status-publish","4":"has-post-thumbnail","6":"product_cat-lepila","8":"first","9":"instock","10":"taxable","11":"shipping-taxable","12":"purchasable","13":"product-type-simple"},"uagb_featured_image_src":{"full":["https:\/\/optimate.si\/wp-content\/uploads\/2026\/03\/2c9bcbf5-1.png",819,1024,false],"thumbnail":["https:\/\/optimate.si\/wp-content\/uploads\/2026\/03\/2c9bcbf5-1-150x150.png",150,150,true],"medium":["https:\/\/optimate.si\/wp-content\/uploads\/2026\/03\/2c9bcbf5-1-240x300.png",240,300,true],"medium_large":["https:\/\/optimate.si\/wp-content\/uploads\/2026\/03\/2c9bcbf5-1-768x960.png",768,960,true],"large":["https:\/\/optimate.si\/wp-content\/uploads\/2026\/03\/2c9bcbf5-1.png",819,1024,false],"1536x1536":["https:\/\/optimate.si\/wp-content\/uploads\/2026\/03\/2c9bcbf5-1.png",819,1024,false],"2048x2048":["https:\/\/optimate.si\/wp-content\/uploads\/2026\/03\/2c9bcbf5-1.png",819,1024,false],"trp-custom-language-flag":["https:\/\/optimate.si\/wp-content\/uploads\/2026\/03\/2c9bcbf5-1.png",10,12,false],"woocommerce_thumbnail":["https:\/\/optimate.si\/wp-content\/uploads\/2026\/03\/2c9bcbf5-1-324x389.png",324,389,true],"woocommerce_single":["https:\/\/optimate.si\/wp-content\/uploads\/2026\/03\/2c9bcbf5-1-416x520.png",416,520,true],"woocommerce_gallery_thumbnail":["https:\/\/optimate.si\/wp-content\/uploads\/2026\/03\/2c9bcbf5-1-100x100.png",100,100,true]},"uagb_author_info":{"display_name":"sergey","author_link":"https:\/\/optimate.si\/hr\/author\/"},"uagb_comment_info":0,"uagb_excerpt":"ZOLLEX Plastelin umetna kovina je primeren za uporabo na kovinah, lesu, porcelanu, povr\u0161inah iz steklenih vlaken, ceveh, elektri\u010dnih priklju\u010dkih, tesnilih, keramiki, masa\u017enih kadeh, ve\u010dini vrst plastike itd","_links":{"self":[{"href":"https:\/\/optimate.si\/hr\/wp-json\/wp\/v2\/product\/201","targetHints":{"allow":["GET"]}}],"collection":[{"href":"https:\/\/optimate.si\/hr\/wp-json\/wp\/v2\/product"}],"about":[{"href":"https:\/\/optimate.si\/hr\/wp-json\/wp\/v2\/types\/product"}],"replies":[{"embeddable":true,"href":"https:\/\/optimate.si\/hr\/wp-json\/wp\/v2\/comments?post=201"}],"wp:featuredmedia":[{"embeddable":true,"href":"https:\/\/optimate.si\/hr\/wp-json\/wp\/v2\/media\/26255"}],"wp:attachment":[{"href":"https:\/\/optimate.si\/hr\/wp-json\/wp\/v2\/media?parent=201"}],"wp:term":[{"taxonomy":"product_brand","embeddable":true,"href":"https:\/\/optimate.si\/hr\/wp-json\/wp\/v2\/product_brand?post=201"},{"taxonomy":"product_cat","embeddable":true,"href":"https:\/\/optimate.si\/hr\/wp-json\/wp\/v2\/product_cat?post=201"},{"taxonomy":"product_tag","embeddable":true,"href":"https:\/\/optimate.si\/hr\/wp-json\/wp\/v2\/product_tag?post=201"}],"curies":[{"name":"wp","href":"https:\/\/api.w.org\/{rel}","templated":true}]}}