{"id":221,"date":"2025-12-07T23:44:28","date_gmt":"2025-12-07T22:44:28","guid":{"rendered":"https:\/\/optimate.si\/product\/zollex-hitri-cistilni-spraj-za-klimo-lemon-200ml\/"},"modified":"2026-05-06T13:21:02","modified_gmt":"2026-05-06T11:21:02","slug":"035zollex-hitri-cistilni-spraj-za-klimo-lemon-200ml","status":"publish","type":"product","link":"https:\/\/optimate.si\/hr\/product\/035zollex-hitri-cistilni-spraj-za-klimo-lemon-200ml\/","title":{"rendered":"Conditioner Fast Cleaner"},"content":{"rendered":"<p><iframe loading=\"lazy\" title=\"Car AC Cleaner \u2013 Instructions | Zollex\" width=\"980\" height=\"551\" src=\"https:\/\/www.youtube.com\/embed\/Ho6HszPbJ3Q?feature=oembed\" frameborder=\"0\" allow=\"accelerometer; autoplay; clipboard-write; encrypted-media; gyroscope; picture-in-picture; web-share\" referrerpolicy=\"strict-origin-when-cross-origin\" allowfullscreen><\/iframe> <\/p>\n<h3>Hitro \u010di\u0161\u010denje klime<\/h3>\n<p><strong>Neprijeten vonj iz klime je pogost znak bakterij in vlage v zra\u010dnih kanalih vozila.<\/strong><br \/>Med uporabo klimatskega sistema se v notranjosti nabirajo kondenz, prah in mikroorganizmi.<\/p>\n<p>Redno \u010di\u0161\u010denje klime je priporo\u010dljivo <strong>vsaj enkrat letno<\/strong>, predvsem <strong>pred za\u010detkom poletne sezone<\/strong>, ko klimatsko napravo ponovno za\u010dnemo intenzivneje uporabljati. Tako prepre\u010dimo \u0161irjenje bakterij ter poskrbimo za bolj sve\u017e in prijeten zrak v vozilu.<\/p>\n<hr>\n<h3>Klju\u010dne lastnosti<\/h3>\n<p>\u2022 Hitro \u010di\u0161\u010denje klimatskega sistema<br \/>\u2022 Odstranjuje <strong>bakterij<\/strong><br \/>\u2022 Varno za plastiko, gumo, tekstil<br \/>\u2022 Izbolj\u0161uje kakovost zraka v notranjosti vozila<\/p>\n<hr>\n<h3>Uporaba<\/h3>\n<ol>\n<li>\n<p>Nastavite hitrost ventilatorja na <strong>MAX z nizko temperaturo in recirkulacijo<\/strong><\/p>\n<\/li>\n<li>\n<p>Zaprite vsa okna in vrata.<\/p>\n<\/li>\n<li>\n<p>Plo\u010devinko postavite na <strong>sprednji pod pri nogah sopotnika<\/strong>.<\/p>\n<\/li>\n<li>\n<p>Pritisnite razpr\u0161ilni ventil, dokler se <strong>ne zaklene<\/strong>.<\/p>\n<\/li>\n<li>\n<p>Zapustite vozilo in pustite zaprto <strong>10 minut<\/strong>.<\/p>\n<\/li>\n<li>\n<p>Po 10 minutah <strong>odprite vrata in prezra\u010dite vozilo<\/strong>.<\/p>\n<\/li>\n<\/ol>\n<hr>\n<h3>Pomembno!<\/h3>\n<ul>\n<li>\n<p>Izdelek uporabljajte v dobro prezra\u010devanem prostoru in med delovanjem ne ostajajte v vozilu.<\/p>\n<\/li>\n<li>\n<p>Za najbolj\u0161e rezultate je priporo\u010dljivo <strong>\u010di\u0161\u010denje klimatskega sistema ponoviti vsakih 6 mesecev<\/strong>, \u0161e posebej pred poletno sezono ali po dalj\u0161em obdobju neuporabe klimatske naprave.<\/p>\n<\/li>\n<\/ul>\n<p><a target=\"_blank\" rel=\"noopener noreferrer nofollow\" href=\"https:\/\/my.chemius.net\/p\/EOiC2n\/en\/pd\/en\">MSDS<\/a><\/p>\n<p>\u0160ifra izdelka: 02236<\/p>","protected":false},"excerpt":{"rendered":"<p>Neprijeten vonj iz klime? Conditioner Fast Cleaner v 10 minutah odstrani bakterije in vonjave ter vrne sve\u017eino v va\u0161 avto.<\/p>","protected":false},"featured_media":32409,"comment_status":"open","ping_status":"closed","template":"","meta":{"_uag_custom_page_level_css":""},"product_brand":[],"product_cat":[65],"product_tag":[],"class_list":{"0":"post-221","1":"product","2":"type-product","3":"status-publish","4":"has-post-thumbnail","6":"product_cat-02-vzdrzevalni-spreji","8":"first","9":"outofstock","10":"taxable","11":"shipping-taxable","12":"purchasable","13":"product-type-simple"},"uagb_featured_image_src":{"full":["https:\/\/optimate.si\/wp-content\/uploads\/2026\/05\/42a6f4ee-2.jpg",416,416,false],"thumbnail":["https:\/\/optimate.si\/wp-content\/uploads\/2026\/05\/42a6f4ee-2-150x150.jpg",150,150,true],"medium":["https:\/\/optimate.si\/wp-content\/uploads\/2026\/05\/42a6f4ee-2-300x300.jpg",300,300,true],"medium_large":["https:\/\/optimate.si\/wp-content\/uploads\/2026\/05\/42a6f4ee-2.jpg",416,416,false],"large":["https:\/\/optimate.si\/wp-content\/uploads\/2026\/05\/42a6f4ee-2.jpg",416,416,false],"1536x1536":["https:\/\/optimate.si\/wp-content\/uploads\/2026\/05\/42a6f4ee-2.jpg",416,416,false],"2048x2048":["https:\/\/optimate.si\/wp-content\/uploads\/2026\/05\/42a6f4ee-2.jpg",416,416,false],"trp-custom-language-flag":["https:\/\/optimate.si\/wp-content\/uploads\/2026\/05\/42a6f4ee-2-12x12.jpg",12,12,true],"woocommerce_thumbnail":["https:\/\/optimate.si\/wp-content\/uploads\/2026\/05\/42a6f4ee-2-324x389.jpg",324,389,true],"woocommerce_single":["https:\/\/optimate.si\/wp-content\/uploads\/2026\/05\/42a6f4ee-2.jpg",416,416,false],"woocommerce_gallery_thumbnail":["https:\/\/optimate.si\/wp-content\/uploads\/2026\/05\/42a6f4ee-2-100x100.jpg",100,100,true]},"uagb_author_info":{"display_name":"sergey","author_link":"https:\/\/optimate.si\/hr\/author\/"},"uagb_comment_info":1,"uagb_excerpt":"Neprijeten vonj iz klime? Conditioner Fast Cleaner v 10 minutah odstrani bakterije in vonjave ter vrne sve\u017eino v va\u0161 avto.","_links":{"self":[{"href":"https:\/\/optimate.si\/hr\/wp-json\/wp\/v2\/product\/221","targetHints":{"allow":["GET"]}}],"collection":[{"href":"https:\/\/optimate.si\/hr\/wp-json\/wp\/v2\/product"}],"about":[{"href":"https:\/\/optimate.si\/hr\/wp-json\/wp\/v2\/types\/product"}],"replies":[{"embeddable":true,"href":"https:\/\/optimate.si\/hr\/wp-json\/wp\/v2\/comments?post=221"}],"wp:featuredmedia":[{"embeddable":true,"href":"https:\/\/optimate.si\/hr\/wp-json\/wp\/v2\/media\/32409"}],"wp:attachment":[{"href":"https:\/\/optimate.si\/hr\/wp-json\/wp\/v2\/media?parent=221"}],"wp:term":[{"taxonomy":"product_brand","embeddable":true,"href":"https:\/\/optimate.si\/hr\/wp-json\/wp\/v2\/product_brand?post=221"},{"taxonomy":"product_cat","embeddable":true,"href":"https:\/\/optimate.si\/hr\/wp-json\/wp\/v2\/product_cat?post=221"},{"taxonomy":"product_tag","embeddable":true,"href":"https:\/\/optimate.si\/hr\/wp-json\/wp\/v2\/product_tag?post=221"}],"curies":[{"name":"wp","href":"https:\/\/api.w.org\/{rel}","templated":true}]}}