{"id":225,"date":"2025-12-07T23:44:30","date_gmt":"2025-12-07T22:44:30","guid":{"rendered":"https:\/\/optimate.si\/product\/zollex-hladen-vzig-start-spraj-super-start-400ml\/"},"modified":"2026-05-05T10:20:58","modified_gmt":"2026-05-05T08:20:58","slug":"070zollex-hladen-vzig-start-spraj-super-start-400ml","status":"publish","type":"product","link":"https:\/\/optimate.si\/hr\/product\/070zollex-hladen-vzig-start-spraj-super-start-400ml\/","title":{"rendered":"Hladen v\u017eig start spraj 400 ml"},"content":{"rendered":"<p><iframe loading=\"lazy\" title=\"Super Start any engine at winter\" width=\"980\" height=\"551\" src=\"https:\/\/www.youtube.com\/embed\/2jpN3B_7plU?feature=oembed\" frameborder=\"0\" allow=\"accelerometer; autoplay; clipboard-write; encrypted-media; gyroscope; picture-in-picture; web-share\" referrerpolicy=\"strict-origin-when-cross-origin\" allowfullscreen><\/iframe> <\/p>\n<h3>Pomo\u010d pri zagonu motorja v hladnem vremenu<\/h3>\n<p>Zollex <strong>Super Start<\/strong> je visoko u\u010dinkovit <strong>starting fluid sprej<\/strong>, zasnovan za hiter in zanesljiv zagon motorjev z notranjim izgorevanjem pri zelo nizkih temperaturah.<\/p>\n<p>Primeren je za <strong>dizelske in bencinske motorje<\/strong> ter se uporablja pri osebnih vozilih, tovornjakih, kmetijski mehanizaciji, generatorjih in drugih motorjih, ki imajo te\u017eave z zagonom v hladnem vremenu.<\/p>\n<p>Formula vsebuje hitro hlapne spojine, kot so <strong>dietil eter in uteko\u010dinjeni naftni plini<\/strong>, ki omogo\u010dajo hitro izhlapevanje in takoj\u0161en v\u017eig tudi pri temperaturah pod ni\u010dlo. To zmanj\u0161uje \u0161tevilo obratov zaganja\u010da in omogo\u010da hitrej\u0161i zagon motorja.<\/p>\n<hr>\n<h3>Klju\u010dne lastnosti<\/h3>\n<p>\u2022 <strong>Zanesljiv zagon motorja do \u201350 \u00b0C<\/strong><br \/>\u2022 <strong>Primerno za dizelske in bencinske motorje<\/strong><br \/>\u2022 <strong>Hitro v\u017eiganje goriva<\/strong> za la\u017eji zagon v hladnem vremenu<br \/>\u2022 <strong>Manj\u0161a obremenitev akumulatorja in zaganja\u010da<\/strong><br \/>\u2022 <strong>Pomaga zmanj\u0161ati suho vrtenje motorja<\/strong> pri prvem zagonu<br \/>\u2022 <strong>U\u010dinkovito tudi v vla\u017enih ali zmrznjenih pogojih<\/strong><\/p>\n<p>Formula omogo\u010da zelo hitro atomizacijo in enakomerno razpr\u0161evanje, kar zagotavlja takoj\u0161en odziv motorja ob zagonu.<\/p>\n<hr>\n<h3>Podro\u010dja uporabe<\/h3>\n<p>\u2022 osebni avtomobili<br \/>\u2022 tovornjaki in transportna vozila<br \/>\u2022 kmetijska mehanizacija<br \/>\u2022 generatorji<br \/>\u2022 industrijski motorji<br \/>\u2022 stroji, ki delujejo v hladnih ali vla\u017enih pogojih<\/p>\n<hr>\n<h3>Uporaba<\/h3>\n<ol>\n<li>\n<p>Pred uporabo <strong>dobro pretresite plo\u010devinko<\/strong>.<\/p>\n<\/li>\n<li>\n<p><strong>Razpr\u0161ite sprej za zagon motorja<\/strong> v sesalni kolektor ali v ohi\u0161je zra\u010dnega filtra pribli\u017eno <strong>1\u20132 sekundi<\/strong>.<\/p>\n<\/li>\n<li>\n<p><strong>Takoj za\u017eenite motor<\/strong>.<\/p>\n<\/li>\n<\/ol>\n<h3>Pomembno!<\/h3>\n<ul>\n<li>\n<p><strong>Ne uporabljajte, ko so aktivne grelne sve\u010dke pri dizelskih motorjih<\/strong> (po\u010dakajte, da se izklopijo).<\/p>\n<\/li>\n<li>\n<p><strong>Ne pr\u0161ite predolgo<\/strong> in izdelka ne uporabite ve\u010d kot dvakrat zapored v kratkem \u010dasu.<\/p>\n<\/li>\n<\/ul>\n<p><a target=\"_blank\" rel=\"noopener noreferrer nofollow\" href=\"https:\/\/my.chemius.net\/p\/Hn5Syx\/en\/pd\/en\">MSDS<\/a><\/p>\n<p>\u0160ifra izdelka: 02258<\/p>","protected":false},"excerpt":{"rendered":"<p>Sprej za la\u017eji zagon motorja v hladnem vremenu, primeren za dizelske in bencinske motorje. Starting fluid omogo\u010da hiter v\u017eig motorja pri nizkih temperaturah, zmanj\u0161uje obremenitev akumulatorja in zagotavlja zanesljiv zagon tudi v ekstremnih pogojih.<\/p>","protected":false},"featured_media":32039,"comment_status":"open","ping_status":"closed","template":"","meta":{"_uag_custom_page_level_css":""},"product_brand":[],"product_cat":[17],"product_tag":[],"class_list":{"0":"post-225","1":"product","2":"type-product","3":"status-publish","4":"has-post-thumbnail","6":"product_cat-03-tehnicna-kemija","8":"first","9":"instock","10":"taxable","11":"shipping-taxable","12":"purchasable","13":"product-type-simple"},"uagb_featured_image_src":{"full":["https:\/\/optimate.si\/wp-content\/uploads\/2026\/05\/d26acbc5-1.jpg",1024,1024,false],"thumbnail":["https:\/\/optimate.si\/wp-content\/uploads\/2026\/05\/d26acbc5-1-150x150.jpg",150,150,true],"medium":["https:\/\/optimate.si\/wp-content\/uploads\/2026\/05\/d26acbc5-1-300x300.jpg",300,300,true],"medium_large":["https:\/\/optimate.si\/wp-content\/uploads\/2026\/05\/d26acbc5-1-768x768.jpg",768,768,true],"large":["https:\/\/optimate.si\/wp-content\/uploads\/2026\/05\/d26acbc5-1.jpg",980,980,false],"1536x1536":["https:\/\/optimate.si\/wp-content\/uploads\/2026\/05\/d26acbc5-1.jpg",1024,1024,false],"2048x2048":["https:\/\/optimate.si\/wp-content\/uploads\/2026\/05\/d26acbc5-1.jpg",1024,1024,false],"trp-custom-language-flag":["https:\/\/optimate.si\/wp-content\/uploads\/2026\/05\/d26acbc5-1-12x12.jpg",12,12,true],"woocommerce_thumbnail":["https:\/\/optimate.si\/wp-content\/uploads\/2026\/05\/d26acbc5-1-324x389.jpg",324,389,true],"woocommerce_single":["https:\/\/optimate.si\/wp-content\/uploads\/2026\/05\/d26acbc5-1-416x416.jpg",416,416,true],"woocommerce_gallery_thumbnail":["https:\/\/optimate.si\/wp-content\/uploads\/2026\/05\/d26acbc5-1-100x100.jpg",100,100,true]},"uagb_author_info":{"display_name":"sergey","author_link":"https:\/\/optimate.si\/hr\/author\/"},"uagb_comment_info":1,"uagb_excerpt":"Sprej za la\u017eji zagon motorja v hladnem vremenu, primeren za dizelske in bencinske motorje. Starting fluid omogo\u010da hiter v\u017eig motorja pri nizkih temperaturah, zmanj\u0161uje obremenitev akumulatorja in zagotavlja zanesljiv zagon tudi v ekstremnih pogojih.","_links":{"self":[{"href":"https:\/\/optimate.si\/hr\/wp-json\/wp\/v2\/product\/225","targetHints":{"allow":["GET"]}}],"collection":[{"href":"https:\/\/optimate.si\/hr\/wp-json\/wp\/v2\/product"}],"about":[{"href":"https:\/\/optimate.si\/hr\/wp-json\/wp\/v2\/types\/product"}],"replies":[{"embeddable":true,"href":"https:\/\/optimate.si\/hr\/wp-json\/wp\/v2\/comments?post=225"}],"wp:featuredmedia":[{"embeddable":true,"href":"https:\/\/optimate.si\/hr\/wp-json\/wp\/v2\/media\/32039"}],"wp:attachment":[{"href":"https:\/\/optimate.si\/hr\/wp-json\/wp\/v2\/media?parent=225"}],"wp:term":[{"taxonomy":"product_brand","embeddable":true,"href":"https:\/\/optimate.si\/hr\/wp-json\/wp\/v2\/product_brand?post=225"},{"taxonomy":"product_cat","embeddable":true,"href":"https:\/\/optimate.si\/hr\/wp-json\/wp\/v2\/product_cat?post=225"},{"taxonomy":"product_tag","embeddable":true,"href":"https:\/\/optimate.si\/hr\/wp-json\/wp\/v2\/product_tag?post=225"}],"curies":[{"name":"wp","href":"https:\/\/api.w.org\/{rel}","templated":true}]}}