{"id":228,"date":"2025-12-07T23:44:33","date_gmt":"2025-12-07T22:44:33","guid":{"rendered":"https:\/\/optimate.si\/product\/zollex-manseta-homokineticnega-zgloba-s-mast-65g\/"},"modified":"2026-04-28T12:00:54","modified_gmt":"2026-04-28T10:00:54","slug":"zollex-manseta-homokineticnega-zgloba-s-mast-65g","status":"publish","type":"product","link":"https:\/\/optimate.si\/hr\/product\/zollex-manseta-homokineticnega-zgloba-s-mast-65g\/","title":{"rendered":"Man\u0161eta homokineti\u010dnega zgloba S + mast 65g"},"content":{"rendered":"<p>ZOLLEX Man\u0161ete homokineti\u010dnega zgloba so narejene iz 100% japonskega neoprena. Zdru\u017eujejo fleksibilnost, odpornost pred predrtjem in raztrganjem. Odporne so proti oljem, gorivom in ostalimi mazivi. Ne izgubijo funkcionalnosti pod velikimi temperatunimi obremenitvami. Paket vklju\u010duje grafitno mast.<br \/>Na voljo so v treh velikostih &#8211; S &#8211; small, M &#8211; medium in L &#8211; large.<\/p>\n<p>\u0160ifra izdelka: 02302<\/p>","protected":false},"excerpt":{"rendered":"<p>ZOLLEX Man\u0161ete homokineti\u010dnega zgloba so narejene iz 100% japonskega neoprena<\/p>","protected":false},"featured_media":31757,"comment_status":"open","ping_status":"closed","template":"","meta":{"_uag_custom_page_level_css":""},"product_brand":[],"product_cat":[19],"product_tag":[],"class_list":{"0":"post-228","1":"product","2":"type-product","3":"status-publish","4":"has-post-thumbnail","6":"product_cat-01-mansete","8":"first","9":"instock","10":"taxable","11":"shipping-taxable","12":"purchasable","13":"product-type-simple"},"uagb_featured_image_src":{"full":["https:\/\/optimate.si\/wp-content\/uploads\/2026\/04\/943e63db-19.jpg",1024,1024,false],"thumbnail":["https:\/\/optimate.si\/wp-content\/uploads\/2026\/04\/943e63db-19-150x150.jpg",150,150,true],"medium":["https:\/\/optimate.si\/wp-content\/uploads\/2026\/04\/943e63db-19-300x300.jpg",300,300,true],"medium_large":["https:\/\/optimate.si\/wp-content\/uploads\/2026\/04\/943e63db-19-768x768.jpg",768,768,true],"large":["https:\/\/optimate.si\/wp-content\/uploads\/2026\/04\/943e63db-19.jpg",980,980,false],"1536x1536":["https:\/\/optimate.si\/wp-content\/uploads\/2026\/04\/943e63db-19.jpg",1024,1024,false],"2048x2048":["https:\/\/optimate.si\/wp-content\/uploads\/2026\/04\/943e63db-19.jpg",1024,1024,false],"trp-custom-language-flag":["https:\/\/optimate.si\/wp-content\/uploads\/2026\/04\/943e63db-19.jpg",12,12,false],"woocommerce_thumbnail":["https:\/\/optimate.si\/wp-content\/uploads\/2026\/04\/943e63db-19-324x389.jpg",324,389,true],"woocommerce_single":["https:\/\/optimate.si\/wp-content\/uploads\/2026\/04\/943e63db-19-416x416.jpg",416,416,true],"woocommerce_gallery_thumbnail":["https:\/\/optimate.si\/wp-content\/uploads\/2026\/04\/943e63db-19-100x100.jpg",100,100,true]},"uagb_author_info":{"display_name":"sergey","author_link":"https:\/\/optimate.si\/hr\/author\/"},"uagb_comment_info":0,"uagb_excerpt":"ZOLLEX Man\u0161ete homokineti\u010dnega zgloba so narejene iz 100% japonskega neoprena","_links":{"self":[{"href":"https:\/\/optimate.si\/hr\/wp-json\/wp\/v2\/product\/228","targetHints":{"allow":["GET"]}}],"collection":[{"href":"https:\/\/optimate.si\/hr\/wp-json\/wp\/v2\/product"}],"about":[{"href":"https:\/\/optimate.si\/hr\/wp-json\/wp\/v2\/types\/product"}],"replies":[{"embeddable":true,"href":"https:\/\/optimate.si\/hr\/wp-json\/wp\/v2\/comments?post=228"}],"wp:featuredmedia":[{"embeddable":true,"href":"https:\/\/optimate.si\/hr\/wp-json\/wp\/v2\/media\/31757"}],"wp:attachment":[{"href":"https:\/\/optimate.si\/hr\/wp-json\/wp\/v2\/media?parent=228"}],"wp:term":[{"taxonomy":"product_brand","embeddable":true,"href":"https:\/\/optimate.si\/hr\/wp-json\/wp\/v2\/product_brand?post=228"},{"taxonomy":"product_cat","embeddable":true,"href":"https:\/\/optimate.si\/hr\/wp-json\/wp\/v2\/product_cat?post=228"},{"taxonomy":"product_tag","embeddable":true,"href":"https:\/\/optimate.si\/hr\/wp-json\/wp\/v2\/product_tag?post=228"}],"curies":[{"name":"wp","href":"https:\/\/api.w.org\/{rel}","templated":true}]}}