{"id":25843,"date":"2026-03-10T23:19:54","date_gmt":"2026-03-10T22:19:54","guid":{"rendered":"https:\/\/optimate.si\/?post_type=product&#038;p=25843"},"modified":"2026-05-10T18:00:13","modified_gmt":"2026-05-10T16:00:13","slug":"030-platisca","status":"publish","type":"product","link":"https:\/\/optimate.si\/hr\/product\/030-platisca\/","title":{"rendered":"Wheels kit"},"content":{"rendered":"<p><iframe loading=\"lazy\" title=\"YouTube video player\" src=\"https:\/\/www.youtube.com\/embed\/lxbMxXoqYT4?start=24\" width=\"100%\" height=\"400\" frameborder=\"0\" allowfullscreen=\"allowfullscreen\"><\/iframe><\/p>\n<p><strong data-start=\"216\" data-end=\"282\">RED \u010distilo plati\u0161\u010d <\/strong>hitro odstrani <strong data-start=\"235\" data-end=\"291\">zavorni prah, kovinske delce in umazanijo<\/strong>. Idealno za <strong data-start=\"402\" data-end=\"458\">temeljito \u010di\u0161\u010denje aluminijastih in jeklenih plati\u0161\u010d<\/strong> ter profesionalni <strong data-start=\"477\" data-end=\"494\">car detailing<\/strong>.<br \/>\n<iframe loading=\"lazy\" title=\"YouTube video player\" src=\"https:\/\/www.youtube.com\/embed\/d9jqTu4MIvA\" width=\"100%\" height=\"400\" frameborder=\"0\" allowfullscreen=\"allowfullscreen\"><\/iframe><\/p>\n<p data-start=\"85\" data-end=\"125\"><strong data-start=\"85\" data-end=\"125\">Extream black tire <\/strong>obnovi videz pnevmatik ter jim povrne <strong data-start=\"177\" data-end=\"219\">globoko \u010drno barvo z mat efektom<\/strong>. Sprej hkrati <strong data-start=\"236\" data-end=\"279\">\u0161\u010diti gumo pred izsu\u0161itvijo in pokanjem<\/strong>, zato pnevmatike ostanejo dlje \u010dasa kot nove.<\/p>","protected":false},"excerpt":{"rendered":"<p>Komplet vsebuje \u010distilo plati\u0161\u010d, ki u\u010dinkovito odstrani zavorni prah ter premaz za pnevmatike, ki povrne \u010drno barvo in poskrbi, da<strong>\u00a0gume znova izgledajo kot nove.<\/strong><\/p>","protected":false},"featured_media":31716,"comment_status":"open","ping_status":"closed","template":"","meta":{"_uag_custom_page_level_css":""},"product_brand":[],"product_cat":[68],"product_tag":[],"class_list":{"0":"post-25843","1":"product","2":"type-product","3":"status-publish","4":"has-post-thumbnail","6":"product_cat-0-kompleti-b2c","8":"first","9":"instock","10":"sale","11":"taxable","12":"shipping-taxable","13":"purchasable","14":"product-type-easy_product_bundle"},"uagb_featured_image_src":{"full":["https:\/\/optimate.si\/wp-content\/uploads\/2026\/03\/Gemini_Generated_Image_ujj47nujj47nujj4.png",1842,2304,false],"thumbnail":["https:\/\/optimate.si\/wp-content\/uploads\/2026\/03\/Gemini_Generated_Image_ujj47nujj47nujj4-150x150.png",150,150,true],"medium":["https:\/\/optimate.si\/wp-content\/uploads\/2026\/03\/Gemini_Generated_Image_ujj47nujj47nujj4-240x300.png",240,300,true],"medium_large":["https:\/\/optimate.si\/wp-content\/uploads\/2026\/03\/Gemini_Generated_Image_ujj47nujj47nujj4-768x961.png",768,961,true],"large":["https:\/\/optimate.si\/wp-content\/uploads\/2026\/03\/Gemini_Generated_Image_ujj47nujj47nujj4-819x1024.png",819,1024,true],"1536x1536":["https:\/\/optimate.si\/wp-content\/uploads\/2026\/03\/Gemini_Generated_Image_ujj47nujj47nujj4-1228x1536.png",1228,1536,true],"2048x2048":["https:\/\/optimate.si\/wp-content\/uploads\/2026\/03\/Gemini_Generated_Image_ujj47nujj47nujj4-1637x2048.png",1637,2048,true],"trp-custom-language-flag":["https:\/\/optimate.si\/wp-content\/uploads\/2026\/03\/Gemini_Generated_Image_ujj47nujj47nujj4.png",10,12,false],"woocommerce_thumbnail":["https:\/\/optimate.si\/wp-content\/uploads\/2026\/03\/Gemini_Generated_Image_ujj47nujj47nujj4-324x389.png",324,389,true],"woocommerce_single":["https:\/\/optimate.si\/wp-content\/uploads\/2026\/03\/Gemini_Generated_Image_ujj47nujj47nujj4-416x520.png",416,520,true],"woocommerce_gallery_thumbnail":["https:\/\/optimate.si\/wp-content\/uploads\/2026\/03\/Gemini_Generated_Image_ujj47nujj47nujj4-100x100.png",100,100,true]},"uagb_author_info":{"display_name":"sergey","author_link":"https:\/\/optimate.si\/hr\/author\/"},"uagb_comment_info":1,"uagb_excerpt":"Komplet vsebuje \u010distilo plati\u0161\u010d, ki u\u010dinkovito odstrani zavorni prah ter premaz za pnevmatike, ki povrne \u010drno barvo in poskrbi, da\u00a0gume znova izgledajo kot nove.","_links":{"self":[{"href":"https:\/\/optimate.si\/hr\/wp-json\/wp\/v2\/product\/25843","targetHints":{"allow":["GET"]}}],"collection":[{"href":"https:\/\/optimate.si\/hr\/wp-json\/wp\/v2\/product"}],"about":[{"href":"https:\/\/optimate.si\/hr\/wp-json\/wp\/v2\/types\/product"}],"replies":[{"embeddable":true,"href":"https:\/\/optimate.si\/hr\/wp-json\/wp\/v2\/comments?post=25843"}],"wp:featuredmedia":[{"embeddable":true,"href":"https:\/\/optimate.si\/hr\/wp-json\/wp\/v2\/media\/31716"}],"wp:attachment":[{"href":"https:\/\/optimate.si\/hr\/wp-json\/wp\/v2\/media?parent=25843"}],"wp:term":[{"taxonomy":"product_brand","embeddable":true,"href":"https:\/\/optimate.si\/hr\/wp-json\/wp\/v2\/product_brand?post=25843"},{"taxonomy":"product_cat","embeddable":true,"href":"https:\/\/optimate.si\/hr\/wp-json\/wp\/v2\/product_cat?post=25843"},{"taxonomy":"product_tag","embeddable":true,"href":"https:\/\/optimate.si\/hr\/wp-json\/wp\/v2\/product_tag?post=25843"}],"curies":[{"name":"wp","href":"https:\/\/api.w.org\/{rel}","templated":true}]}}