{"id":26527,"date":"2026-03-15T22:17:11","date_gmt":"2026-03-15T21:17:11","guid":{"rendered":"https:\/\/optimate.si\/?post_type=product&#038;p=26527"},"modified":"2026-05-08T14:31:11","modified_gmt":"2026-05-08T12:31:11","slug":"050-komplet-za-nego-notranjosti-usnje","status":"publish","type":"product","link":"https:\/\/optimate.si\/hr\/product\/050-komplet-za-nego-notranjosti-usnje\/","title":{"rendered":"Interior kit Leather"},"content":{"rendered":"<p data-start=\"76\" data-end=\"99\"><img loading=\"lazy\" decoding=\"async\" class=\"aligncenter wp-image-26655\" src=\"https:\/\/optimate.si\/wp-content\/uploads\/2026\/03\/P1020189-683x1024-2.jpg\" alt=\"\" width=\"413\" height=\"489\" srcset=\"https:\/\/optimate.si\/wp-content\/uploads\/2026\/03\/P1020189-683x1024-2.jpg 683w, https:\/\/optimate.si\/wp-content\/uploads\/2026\/03\/P1020189-683x1024-2-254x300.jpg 254w, https:\/\/optimate.si\/wp-content\/uploads\/2026\/03\/P1020189-683x1024-2-416x492.jpg 416w\" sizes=\"auto, (max-width: 413px) 100vw, 413px\" \/><\/p>\n<p data-start=\"166\" data-end=\"389\">Leather cleaner u\u010dinkovito odstrani umazanijo in made\u017ee ter pusti usnje \u010disto brez mastnih sledi.\u00a0Idealno za <strong data-start=\"402\" data-end=\"445\">avtosede\u017ee in druge usnjene dele<\/strong>.<\/p>\n<p data-start=\"166\" data-end=\"389\"><img loading=\"lazy\" decoding=\"async\" class=\"aligncenter wp-image-26657\" src=\"https:\/\/optimate.si\/wp-content\/uploads\/2026\/03\/unnamed-2-5.jpg\" alt=\"\" width=\"407\" height=\"407\" srcset=\"https:\/\/optimate.si\/wp-content\/uploads\/2026\/03\/unnamed-2-5.jpg 1024w, https:\/\/optimate.si\/wp-content\/uploads\/2026\/03\/unnamed-2-5-300x300.jpg 300w, https:\/\/optimate.si\/wp-content\/uploads\/2026\/03\/unnamed-2-5-150x150.jpg 150w, https:\/\/optimate.si\/wp-content\/uploads\/2026\/03\/unnamed-2-5-768x768.jpg 768w, https:\/\/optimate.si\/wp-content\/uploads\/2026\/03\/unnamed-2-5-416x416.jpg 416w, https:\/\/optimate.si\/wp-content\/uploads\/2026\/03\/unnamed-2-5-100x100.jpg 100w\" sizes=\"auto, (max-width: 407px) 100vw, 407px\" \/><\/p>\n<p data-start=\"126\" data-end=\"362\">Leather conditioner ponovno naredi usnje mehko ter prepre\u010di <strong data-start=\"234\" data-end=\"270\">pokanje, izsu\u0161evanje in bledenje<\/strong>. Pusti eleganten <strong data-start=\"288\" data-end=\"322\">mat videz <\/strong>in dolgoro\u010dno za\u0161\u010diti usnjene povr\u0161ine. Primeren za <strong data-start=\"376\" data-end=\"453\">avtosede\u017ee, volan in druge usnjene dele.<\/strong><\/p>\n<p><iframe loading=\"lazy\" title=\"YouTube video player\" src=\"https:\/\/www.youtube.com\/embed\/Ho6HszPbJ3Q\" width=\"100%\" height=\"400\" frameborder=\"0\" allowfullscreen=\"allowfullscreen\" data-mce-fragment=\"1\"><br \/>\n<\/iframe><\/p>\n<p><strong data-start=\"89\" data-end=\"135\">\u010cistilo za klimo\u00a0<\/strong>v\u00a0<strong data-start=\"193\" data-end=\"256\">10 minutah odstrani neprijetne vonjave, bakterije in plesen<\/strong>\u00a0iz prezra\u010devalnega sistema. Aerosol samodejno o\u010disti\u00a0<strong data-start=\"310\" data-end=\"341\">zra\u010dne kanale,<\/strong>\u00a0pusti\u00a0<strong data-start=\"370\" data-end=\"395\">dolgotrajen sve\u017e vonj<\/strong>\u00a0ter izbolj\u0161a kakovost zraka v vozilu.<\/p>\n<p data-start=\"126\" data-end=\"362\"><img loading=\"lazy\" decoding=\"async\" class=\"aligncenter wp-image-26650\" src=\"https:\/\/optimate.si\/wp-content\/uploads\/2026\/03\/unnamed-2-4.jpg\" alt=\"\" width=\"625\" height=\"416\" srcset=\"https:\/\/optimate.si\/wp-content\/uploads\/2026\/03\/unnamed-2-4.jpg 1024w, https:\/\/optimate.si\/wp-content\/uploads\/2026\/03\/unnamed-2-4-300x200.jpg 300w, https:\/\/optimate.si\/wp-content\/uploads\/2026\/03\/unnamed-2-4-768x512.jpg 768w, https:\/\/optimate.si\/wp-content\/uploads\/2026\/03\/unnamed-2-4-416x277.jpg 416w\" sizes=\"auto, (max-width: 625px) 100vw, 625px\" \/><strong data-start=\"108\" data-end=\"136\">Glass cleaner <\/strong>poskrbi za <strong data-start=\"149\" data-end=\"184\">kristalno \u010dista stekla brez lis<\/strong> in popolno vidljivost. Primerno tudi za<strong data-start=\"220\" data-end=\"295\">\u00a0ogledala, zaslone in sijajne povr\u0161ine v notranjosti vozila. <\/strong>U\u010dinkovito odstrani prstne odtise ter made\u017ee.<\/p>\n<p data-start=\"126\" data-end=\"362\"><img loading=\"lazy\" decoding=\"async\" class=\"aligncenter\" src=\"https:\/\/zollex.si\/wp-content\/uploads\/2025\/06\/17513-700x840.png\" alt=\"Microfiber 40x40 cm - Grey 300 GSM, 1 pcs\" width=\"380\" height=\"456\" \/><\/p>\n<p data-start=\"69\" data-end=\"90\"><strong data-start=\"69\" data-end=\"90\">Mikrovlakenska krpa<\/strong> je narejena iz <strong data-start=\"121\" data-end=\"159\">finih vlaken<\/strong>, ki u\u010dinkovito pobirajo umazanijo, prah in vlago s povr\u0161ine. Za razliko od navadnih krp <strong data-start=\"248\" data-end=\"274\">ne razma\u017ee umazanije<\/strong>, ampak jo vpije in povr\u0161ino pusti <strong data-start=\"313\" data-end=\"340\">\u010disto, suho in brez lis<\/strong>.<\/p>","protected":false},"excerpt":{"rendered":"<p>Notranjost ki izgleda kot da si avto pravkar kupil. U\u010dinkovito odstrani neprijetne vonjave, umazanijo z <strong data-start=\"257\" data-end=\"299\">armature, plastike, usnja in stekel.<\/strong><\/p>","protected":false},"featured_media":26547,"comment_status":"open","ping_status":"closed","template":"","meta":{"_uag_custom_page_level_css":""},"product_brand":[],"product_cat":[68],"product_tag":[],"class_list":{"0":"post-26527","1":"product","2":"type-product","3":"status-publish","4":"has-post-thumbnail","6":"product_cat-0-kompleti-b2c","8":"first","9":"instock","10":"sale","11":"taxable","12":"shipping-taxable","13":"purchasable","14":"product-type-easy_product_bundle"},"uagb_featured_image_src":{"full":["https:\/\/optimate.si\/wp-content\/uploads\/2026\/03\/Gemini_Generated_Image_sr3i3nsr3i3nsr3i.png",1888,2272,false],"thumbnail":["https:\/\/optimate.si\/wp-content\/uploads\/2026\/03\/Gemini_Generated_Image_sr3i3nsr3i3nsr3i-150x150.png",150,150,true],"medium":["https:\/\/optimate.si\/wp-content\/uploads\/2026\/03\/Gemini_Generated_Image_sr3i3nsr3i3nsr3i-249x300.png",249,300,true],"medium_large":["https:\/\/optimate.si\/wp-content\/uploads\/2026\/03\/Gemini_Generated_Image_sr3i3nsr3i3nsr3i-768x924.png",768,924,true],"large":["https:\/\/optimate.si\/wp-content\/uploads\/2026\/03\/Gemini_Generated_Image_sr3i3nsr3i3nsr3i-851x1024.png",851,1024,true],"1536x1536":["https:\/\/optimate.si\/wp-content\/uploads\/2026\/03\/Gemini_Generated_Image_sr3i3nsr3i3nsr3i-1276x1536.png",1276,1536,true],"2048x2048":["https:\/\/optimate.si\/wp-content\/uploads\/2026\/03\/Gemini_Generated_Image_sr3i3nsr3i3nsr3i-1702x2048.png",1702,2048,true],"trp-custom-language-flag":["https:\/\/optimate.si\/wp-content\/uploads\/2026\/03\/Gemini_Generated_Image_sr3i3nsr3i3nsr3i.png",10,12,false],"woocommerce_thumbnail":["https:\/\/optimate.si\/wp-content\/uploads\/2026\/03\/Gemini_Generated_Image_sr3i3nsr3i3nsr3i-324x389.png",324,389,true],"woocommerce_single":["https:\/\/optimate.si\/wp-content\/uploads\/2026\/03\/Gemini_Generated_Image_sr3i3nsr3i3nsr3i-416x501.png",416,501,true],"woocommerce_gallery_thumbnail":["https:\/\/optimate.si\/wp-content\/uploads\/2026\/03\/Gemini_Generated_Image_sr3i3nsr3i3nsr3i-100x100.png",100,100,true]},"uagb_author_info":{"display_name":"sergey","author_link":"https:\/\/optimate.si\/hr\/author\/"},"uagb_comment_info":1,"uagb_excerpt":"Notranjost ki izgleda kot da si avto pravkar kupil. U\u010dinkovito odstrani neprijetne vonjave, umazanijo z armature, plastike, usnja in stekel.","_links":{"self":[{"href":"https:\/\/optimate.si\/hr\/wp-json\/wp\/v2\/product\/26527","targetHints":{"allow":["GET"]}}],"collection":[{"href":"https:\/\/optimate.si\/hr\/wp-json\/wp\/v2\/product"}],"about":[{"href":"https:\/\/optimate.si\/hr\/wp-json\/wp\/v2\/types\/product"}],"replies":[{"embeddable":true,"href":"https:\/\/optimate.si\/hr\/wp-json\/wp\/v2\/comments?post=26527"}],"wp:featuredmedia":[{"embeddable":true,"href":"https:\/\/optimate.si\/hr\/wp-json\/wp\/v2\/media\/26547"}],"wp:attachment":[{"href":"https:\/\/optimate.si\/hr\/wp-json\/wp\/v2\/media?parent=26527"}],"wp:term":[{"taxonomy":"product_brand","embeddable":true,"href":"https:\/\/optimate.si\/hr\/wp-json\/wp\/v2\/product_brand?post=26527"},{"taxonomy":"product_cat","embeddable":true,"href":"https:\/\/optimate.si\/hr\/wp-json\/wp\/v2\/product_cat?post=26527"},{"taxonomy":"product_tag","embeddable":true,"href":"https:\/\/optimate.si\/hr\/wp-json\/wp\/v2\/product_tag?post=26527"}],"curies":[{"name":"wp","href":"https:\/\/api.w.org\/{rel}","templated":true}]}}