{"id":266,"date":"2025-12-07T23:44:58","date_gmt":"2025-12-07T22:44:58","guid":{"rendered":"https:\/\/optimate.si\/product\/zollex-najlonska-vezica-48-x-300-crna-100-kos\/"},"modified":"2026-05-05T14:42:24","modified_gmt":"2026-05-05T12:42:24","slug":"zollex-najlonska-vezica-48-x-300-crna-100-kos","status":"publish","type":"product","link":"https:\/\/optimate.si\/hr\/product\/zollex-najlonska-vezica-48-x-300-crna-100-kos\/","title":{"rendered":"Najlonska vezica 4,8 X 300 (\u010cRNA) 100 kos"},"content":{"rendered":"<p>ZOLLEX vezice so izredno kvalitetne najlonske vezice razli\u010dnih dimenzij v beli in \u010drni barvi.<br \/>Pakiranje: 100 vezic<\/p>\n<p>\u0160ifra izdelka: 02331<\/p>","protected":false},"excerpt":{"rendered":"<p>ZOLLEX vezice so izredno kvalitetne najlonske vezice razli\u010dnih dimenzij v beli in \u010drni barvi<\/p>","protected":false},"featured_media":32176,"comment_status":"open","ping_status":"closed","template":"","meta":{"_uag_custom_page_level_css":""},"product_brand":[],"product_cat":[24],"product_tag":[],"class_list":{"0":"post-266","1":"product","2":"type-product","3":"status-publish","4":"has-post-thumbnail","6":"product_cat-plasticne-vezice","8":"first","9":"instock","10":"taxable","11":"shipping-taxable","12":"purchasable","13":"product-type-simple"},"uagb_featured_image_src":{"full":["https:\/\/optimate.si\/wp-content\/uploads\/2026\/05\/d2bb4974.png",819,1024,false],"thumbnail":["https:\/\/optimate.si\/wp-content\/uploads\/2026\/05\/d2bb4974-150x150.png",150,150,true],"medium":["https:\/\/optimate.si\/wp-content\/uploads\/2026\/05\/d2bb4974-240x300.png",240,300,true],"medium_large":["https:\/\/optimate.si\/wp-content\/uploads\/2026\/05\/d2bb4974-768x960.png",768,960,true],"large":["https:\/\/optimate.si\/wp-content\/uploads\/2026\/05\/d2bb4974.png",819,1024,false],"1536x1536":["https:\/\/optimate.si\/wp-content\/uploads\/2026\/05\/d2bb4974.png",819,1024,false],"2048x2048":["https:\/\/optimate.si\/wp-content\/uploads\/2026\/05\/d2bb4974.png",819,1024,false],"trp-custom-language-flag":["https:\/\/optimate.si\/wp-content\/uploads\/2026\/05\/d2bb4974-10x12.png",10,12,true],"woocommerce_thumbnail":["https:\/\/optimate.si\/wp-content\/uploads\/2026\/05\/d2bb4974-324x389.png",324,389,true],"woocommerce_single":["https:\/\/optimate.si\/wp-content\/uploads\/2026\/05\/d2bb4974-416x520.png",416,520,true],"woocommerce_gallery_thumbnail":["https:\/\/optimate.si\/wp-content\/uploads\/2026\/05\/d2bb4974-100x100.png",100,100,true]},"uagb_author_info":{"display_name":"sergey","author_link":"https:\/\/optimate.si\/hr\/author\/"},"uagb_comment_info":0,"uagb_excerpt":"ZOLLEX vezice so izredno kvalitetne najlonske vezice razli\u010dnih dimenzij v beli in \u010drni barvi","_links":{"self":[{"href":"https:\/\/optimate.si\/hr\/wp-json\/wp\/v2\/product\/266","targetHints":{"allow":["GET"]}}],"collection":[{"href":"https:\/\/optimate.si\/hr\/wp-json\/wp\/v2\/product"}],"about":[{"href":"https:\/\/optimate.si\/hr\/wp-json\/wp\/v2\/types\/product"}],"replies":[{"embeddable":true,"href":"https:\/\/optimate.si\/hr\/wp-json\/wp\/v2\/comments?post=266"}],"wp:featuredmedia":[{"embeddable":true,"href":"https:\/\/optimate.si\/hr\/wp-json\/wp\/v2\/media\/32176"}],"wp:attachment":[{"href":"https:\/\/optimate.si\/hr\/wp-json\/wp\/v2\/media?parent=266"}],"wp:term":[{"taxonomy":"product_brand","embeddable":true,"href":"https:\/\/optimate.si\/hr\/wp-json\/wp\/v2\/product_brand?post=266"},{"taxonomy":"product_cat","embeddable":true,"href":"https:\/\/optimate.si\/hr\/wp-json\/wp\/v2\/product_cat?post=266"},{"taxonomy":"product_tag","embeddable":true,"href":"https:\/\/optimate.si\/hr\/wp-json\/wp\/v2\/product_tag?post=266"}],"curies":[{"name":"wp","href":"https:\/\/api.w.org\/{rel}","templated":true}]}}