{"id":26604,"date":"2026-03-16T12:05:35","date_gmt":"2026-03-16T11:05:35","guid":{"rendered":"https:\/\/optimate.si\/?post_type=product&#038;p=26604"},"modified":"2026-05-10T19:48:54","modified_gmt":"2026-05-10T17:48:54","slug":"010-pro","status":"publish","type":"product","link":"https:\/\/optimate.si\/hr\/product\/010-pro\/","title":{"rendered":"Ultimate kit"},"content":{"rendered":"<p><strong>Komplet vsebuje:<\/strong><\/p>\n<p>\u2705 Vpojna krpa TwistedDry<\/p>\n<p>\u2705 RED \u010distilo plati\u0161\u010d<\/p>\n<p>\u2705 Extreme Black Tire \u2013 sijaj za pnevmatike<\/p>\n<p>\u2705\u010cistilo za klimo<\/p>\n<p>\u2705 Univerzalno penasto \u010distilo (sede\u017ei\/tepihi)<\/p>\n<p>\u2705 \u010cistilo za armaturo in plastiko<\/p>\n<p>\u2705 Avto\u0161ampon z voskom<\/p>\n<p>\u2705 Plastic Milk \u2013 obnova plastike in gume<\/p>\n<p>\u2705 Mikrovlaknene krpe<\/p>\n<p><iframe loading=\"lazy\" title=\"YouTube video player\" src=\"https:\/\/www.youtube.com\/embed\/XFJVMn0qpms\" width=\"100%\" height=\"400\" frameborder=\"0\" allowfullscreen=\"allowfullscreen\"><span data-mce-type=\"bookmark\" style=\"display: inline-block; width: 0px; overflow: hidden; line-height: 0;\" class=\"mce_SELRES_start\"><\/span><span data-mce-type=\"bookmark\" style=\"display: inline-block; width: 0px; overflow: hidden; line-height: 0;\" class=\"mce_SELRES_start\"><\/span><br \/>\n<\/iframe><\/p>\n<p><strong>TwistedDry vpojna krpa <\/strong>hitro vpije vodo in pusti povr\u0161ino brez lis. Mehka vlakna omogo\u010dajo <strong>varno su\u0161enje laka brez prask<\/strong>, zato je idealna za <strong>uporabo po pranju.<\/strong><\/p>\n<p><iframe loading=\"lazy\" title=\"YouTube video player\" src=\"https:\/\/www.youtube.com\/embed\/lxbMxXoqYT4?start=24\" width=\"100%\" height=\"400\" frameborder=\"0\" allowfullscreen=\"allowfullscreen\" data-mce-fragment=\"1\"><br \/>\n<\/iframe><\/p>\n<p data-start=\"216\" data-end=\"282\"><strong data-start=\"216\" data-end=\"282\">RED \u010distilo plati\u0161\u010d <\/strong>hitro odstrani <strong data-start=\"235\" data-end=\"291\">zavorni prah, kovinske delce in umazanijo<\/strong>.\u00a0Idealno za <strong data-start=\"402\" data-end=\"458\">temeljito \u010di\u0161\u010denje aluminijastih in jeklenih plati\u0161\u010d<\/strong> ter profesionalni <strong data-start=\"477\" data-end=\"494\">car detailing<\/strong>.<\/p>\n<p data-start=\"108\" data-end=\"136\"><img loading=\"lazy\" decoding=\"async\" class=\"aligncenter wp-image-26651\" src=\"https:\/\/optimate.si\/wp-content\/uploads\/2026\/03\/Extreme-black-tire-768x1024-2.jpg\" alt=\"\" width=\"412\" height=\"469\" srcset=\"https:\/\/optimate.si\/wp-content\/uploads\/2026\/03\/Extreme-black-tire-768x1024-2.jpg 710w, https:\/\/optimate.si\/wp-content\/uploads\/2026\/03\/Extreme-black-tire-768x1024-2-263x300.jpg 263w, https:\/\/optimate.si\/wp-content\/uploads\/2026\/03\/Extreme-black-tire-768x1024-2-416x474.jpg 416w\" sizes=\"auto, (max-width: 412px) 100vw, 412px\" \/><\/p>\n<p data-start=\"85\" data-end=\"125\"><strong data-start=\"85\" data-end=\"125\">Extream black tire <\/strong>obnovi videz pnevmatik ter jim povrne <strong data-start=\"177\" data-end=\"219\">globoko \u010drno barvo z mat efektom<\/strong>. Sprej hkrati <strong data-start=\"236\" data-end=\"279\">\u0161\u010diti gumo pred izsu\u0161itvijo in pokanjem<\/strong>, zato pnevmatike ostanejo dlje \u010dasa kot nove.<\/p>\n<p><iframe loading=\"lazy\" title=\"YouTube video player\" src=\"https:\/\/www.youtube.com\/embed\/Ho6HszPbJ3Q\" width=\"100%\" height=\"400\" frameborder=\"0\" allowfullscreen=\"allowfullscreen\"><br \/>\n<\/iframe><\/p>\n<p data-start=\"89\" data-end=\"135\"><strong data-start=\"89\" data-end=\"135\">\u010cistilo za klimo <\/strong>v <strong data-start=\"193\" data-end=\"256\">10 minutah odstrani neprijetne vonjave, bakterije in plesen<\/strong> iz prezra\u010devalnega sistema. Aerosol samodejno o\u010disti <strong data-start=\"310\" data-end=\"341\">zra\u010dne kanale,<\/strong>\u00a0pusti <strong data-start=\"370\" data-end=\"395\">dolgotrajen sve\u017e vonj<\/strong> ter izbolj\u0161a kakovost zraka v vozilu.<\/p>\n<p data-start=\"89\" data-end=\"135\"><img loading=\"lazy\" decoding=\"async\" class=\"aligncenter wp-image-26652\" src=\"https:\/\/optimate.si\/wp-content\/uploads\/2026\/03\/P1007281-2-944x1024.jpg\" alt=\"\" width=\"421\" height=\"457\" srcset=\"https:\/\/optimate.si\/wp-content\/uploads\/2026\/03\/P1007281-2-944x1024.jpg 944w, https:\/\/optimate.si\/wp-content\/uploads\/2026\/03\/P1007281-2-276x300.jpg 276w, https:\/\/optimate.si\/wp-content\/uploads\/2026\/03\/P1007281-2-768x833.jpg 768w, https:\/\/optimate.si\/wp-content\/uploads\/2026\/03\/P1007281-2-1416x1536.jpg 1416w, https:\/\/optimate.si\/wp-content\/uploads\/2026\/03\/P1007281-2-1888x2048.jpg 1888w, https:\/\/optimate.si\/wp-content\/uploads\/2026\/03\/P1007281-2-416x451.jpg 416w\" sizes=\"auto, (max-width: 421px) 100vw, 421px\" \/><\/p>\n<p data-start=\"69\" data-end=\"107\"><strong data-start=\"69\" data-end=\"107\">Univerzalno penasto \u010distilo<\/strong>\u00a0u\u010dinkovito odstranjuje <strong data-start=\"181\" data-end=\"213\">made\u017ee in ostalo umazanijo<\/strong> iz<strong data-start=\"217\" data-end=\"267\"> sede\u017eev in tepihov<\/strong>. Aktivna pena prodre v vlakna, raztopi umazanijo in se enostavno obri\u0161e.<\/p>\n<p data-start=\"69\" data-end=\"107\"><img loading=\"lazy\" decoding=\"async\" class=\"aligncenter\" src=\"https:\/\/zollex.si\/wp-content\/uploads\/2025\/08\/Plastic_cleaner_ph_3-750x750.jpg\" width=\"425\" height=\"425\" \/><\/p>\n<p data-start=\"163\" data-end=\"217\"><strong data-start=\"163\" data-end=\"217\">\u010cistilo za armaturo in plasti\u010dne dele vozila <\/strong>odstrani <strong data-start=\"313\" data-end=\"343\">prah in ma\u0161\u010dobo <\/strong>ter povrne \u010dist videz brez lis.<\/p>\n<p data-start=\"163\" data-end=\"217\"><img loading=\"lazy\" decoding=\"async\" class=\"aligncenter wp-image-31905\" src=\"https:\/\/optimate.si\/wp-content\/uploads\/2026\/03\/shampoo.jpg\" alt=\"\" width=\"623\" height=\"314\" srcset=\"https:\/\/optimate.si\/wp-content\/uploads\/2026\/03\/shampoo.jpg 1024w, https:\/\/optimate.si\/wp-content\/uploads\/2026\/03\/shampoo-300x151.jpg 300w, https:\/\/optimate.si\/wp-content\/uploads\/2026\/03\/shampoo-768x387.jpg 768w, https:\/\/optimate.si\/wp-content\/uploads\/2026\/03\/shampoo-416x210.jpg 416w\" sizes=\"auto, (max-width: 623px) 100vw, 623px\" \/><\/p>\n<p data-start=\"163\" data-end=\"217\">Car Shampoo A<strong>vto\u0161ampon z voskom<\/strong>\u00a0u\u010dinkovito odstranjuje umazanijo. Vosek ustvari\u00a0<strong>tanek za\u0161\u010ditni sloj<\/strong>, ki izbolj\u0161a sijaj in pomaga odbijati vodo, kar ohranja vozilo dlje \u010dasa \u010disto<\/p>\n<p data-start=\"163\" data-end=\"217\"><img loading=\"lazy\" decoding=\"async\" class=\"aligncenter wp-image-26653\" src=\"https:\/\/optimate.si\/wp-content\/uploads\/2026\/03\/unnamed-1-2-2.jpg\" alt=\"\" width=\"408\" height=\"416\" srcset=\"https:\/\/optimate.si\/wp-content\/uploads\/2026\/03\/unnamed-1-2-2.jpg 752w, https:\/\/optimate.si\/wp-content\/uploads\/2026\/03\/unnamed-1-2-2-294x300.jpg 294w, https:\/\/optimate.si\/wp-content\/uploads\/2026\/03\/unnamed-1-2-2-416x425.jpg 416w\" sizes=\"auto, (max-width: 408px) 100vw, 408px\" \/><\/p>\n<p data-start=\"76\" data-end=\"99\"><strong data-start=\"76\" data-end=\"99\">Plastic Milk <\/strong>obnovi <strong data-start=\"114\" data-end=\"155\">plasti\u010dne in gumijaste dele <\/strong>ter jim povrne barvo z elegantnim <strong data-start=\"198\" data-end=\"219\">mat efektom<\/strong>.\u00a0 Hkrati pa \u0161\u010diti pred <strong data-start=\"234\" data-end=\"248\">UV \u017earki <\/strong>in pomaga ohraniti<strong data-start=\"289\" data-end=\"344\"> \u010dist videz.<\/strong><\/p>\n<p data-start=\"69\" data-end=\"90\"><strong data-start=\"69\" data-end=\"90\">Mikrovlakene krpe <\/strong>so narejene iz <strong data-start=\"121\" data-end=\"159\">finih vlaken<\/strong>, ki u\u010dinkovito pobirajo umazanijo, prah in vlago s povr\u0161ine. Za razliko od navadnih krp <strong data-start=\"248\" data-end=\"274\">ne razma\u017eejo umazanije<\/strong>, ampak jo vpijejo in povr\u0161ino pustijo <strong data-start=\"313\" data-end=\"340\">\u010disto, suho in brez lis<\/strong>. Primerne so za <strong data-start=\"358\" data-end=\"409\">pnevmatike, stekla in plasti\u010dne dele avtomobila.<\/strong><\/p>","protected":false},"excerpt":{"rendered":"<p data-start=\"169\" data-end=\"384\"><strong>Celovita re\u0161itev<\/strong> za \u010di\u0161\u010denje in za\u0161\u010dito avtomobila \u2013 znotraj in zunaj. Idealna izbira za voznike, ki \u017eelijo <strong data-start=\"423\" data-end=\"550\" data-is-last-node=\"\">v enem kompletu dobiti vse za nego avta.<\/strong><\/p>","protected":false},"featured_media":31903,"comment_status":"open","ping_status":"closed","template":"","meta":{"_uag_custom_page_level_css":""},"product_brand":[],"product_cat":[68],"product_tag":[],"class_list":{"0":"post-26604","1":"product","2":"type-product","3":"status-publish","4":"has-post-thumbnail","6":"product_cat-0-kompleti-b2c","8":"first","9":"instock","10":"sale","11":"taxable","12":"shipping-taxable","13":"purchasable","14":"product-type-easy_product_bundle"},"uagb_featured_image_src":{"full":["https:\/\/optimate.si\/wp-content\/uploads\/2026\/03\/Gemini_Generated_Image_1ugceq1ugceq1ugc.png",1888,2266,false],"thumbnail":["https:\/\/optimate.si\/wp-content\/uploads\/2026\/03\/Gemini_Generated_Image_1ugceq1ugceq1ugc-150x150.png",150,150,true],"medium":["https:\/\/optimate.si\/wp-content\/uploads\/2026\/03\/Gemini_Generated_Image_1ugceq1ugceq1ugc-250x300.png",250,300,true],"medium_large":["https:\/\/optimate.si\/wp-content\/uploads\/2026\/03\/Gemini_Generated_Image_1ugceq1ugceq1ugc-768x922.png",768,922,true],"large":["https:\/\/optimate.si\/wp-content\/uploads\/2026\/03\/Gemini_Generated_Image_1ugceq1ugceq1ugc-853x1024.png",853,1024,true],"1536x1536":["https:\/\/optimate.si\/wp-content\/uploads\/2026\/03\/Gemini_Generated_Image_1ugceq1ugceq1ugc-1280x1536.png",1280,1536,true],"2048x2048":["https:\/\/optimate.si\/wp-content\/uploads\/2026\/03\/Gemini_Generated_Image_1ugceq1ugceq1ugc-1706x2048.png",1706,2048,true],"trp-custom-language-flag":["https:\/\/optimate.si\/wp-content\/uploads\/2026\/03\/Gemini_Generated_Image_1ugceq1ugceq1ugc.png",10,12,false],"woocommerce_thumbnail":["https:\/\/optimate.si\/wp-content\/uploads\/2026\/03\/Gemini_Generated_Image_1ugceq1ugceq1ugc-324x389.png",324,389,true],"woocommerce_single":["https:\/\/optimate.si\/wp-content\/uploads\/2026\/03\/Gemini_Generated_Image_1ugceq1ugceq1ugc-416x499.png",416,499,true],"woocommerce_gallery_thumbnail":["https:\/\/optimate.si\/wp-content\/uploads\/2026\/03\/Gemini_Generated_Image_1ugceq1ugceq1ugc-100x100.png",100,100,true]},"uagb_author_info":{"display_name":"sergey","author_link":"https:\/\/optimate.si\/hr\/author\/"},"uagb_comment_info":1,"uagb_excerpt":"Celovita re\u0161itev za \u010di\u0161\u010denje in za\u0161\u010dito avtomobila \u2013 znotraj in zunaj. Idealna izbira za voznike, ki \u017eelijo v enem kompletu dobiti vse za nego avta.","_links":{"self":[{"href":"https:\/\/optimate.si\/hr\/wp-json\/wp\/v2\/product\/26604","targetHints":{"allow":["GET"]}}],"collection":[{"href":"https:\/\/optimate.si\/hr\/wp-json\/wp\/v2\/product"}],"about":[{"href":"https:\/\/optimate.si\/hr\/wp-json\/wp\/v2\/types\/product"}],"replies":[{"embeddable":true,"href":"https:\/\/optimate.si\/hr\/wp-json\/wp\/v2\/comments?post=26604"}],"wp:featuredmedia":[{"embeddable":true,"href":"https:\/\/optimate.si\/hr\/wp-json\/wp\/v2\/media\/31903"}],"wp:attachment":[{"href":"https:\/\/optimate.si\/hr\/wp-json\/wp\/v2\/media?parent=26604"}],"wp:term":[{"taxonomy":"product_brand","embeddable":true,"href":"https:\/\/optimate.si\/hr\/wp-json\/wp\/v2\/product_brand?post=26604"},{"taxonomy":"product_cat","embeddable":true,"href":"https:\/\/optimate.si\/hr\/wp-json\/wp\/v2\/product_cat?post=26604"},{"taxonomy":"product_tag","embeddable":true,"href":"https:\/\/optimate.si\/hr\/wp-json\/wp\/v2\/product_tag?post=26604"}],"curies":[{"name":"wp","href":"https:\/\/api.w.org\/{rel}","templated":true}]}}