{"id":26610,"date":"2026-03-16T14:15:45","date_gmt":"2026-03-16T13:15:45","guid":{"rendered":"https:\/\/optimate.si\/?post_type=product&#038;p=26610"},"modified":"2026-05-10T19:48:54","modified_gmt":"2026-05-10T17:48:54","slug":"020-pro-komplet-usnje","status":"publish","type":"product","link":"https:\/\/optimate.si\/hr\/product\/020-pro-komplet-usnje\/","title":{"rendered":"Ultimate kit Leather"},"content":{"rendered":"<p><strong>Komplet vsebuje:<\/strong><\/p>\n<p>\u2705 Vpojna krpa TwistedDry<\/p>\n<p>\u2705 RED \u010distilo plati\u0161\u010d<\/p>\n<p>\u2705 Extreme Black Tire \u2013 sijaj za pnevmatike<\/p>\n<p>\u2705 \u010cistilo za klimo<\/p>\n<p>\u2705 Leather cleaner \u2013 \u010distilo za usnje<\/p>\n<p>\u2705 Leather conditioner \u2013 nega za usnje<\/p>\n<p>\u2705 Glass cleaner \u2013 \u010distilo za stekla brez lis<\/p>\n<p>\u2705 Mikrovlaknene krpe<\/p>\n<p><iframe loading=\"lazy\" title=\"YouTube video player\" src=\"https:\/\/www.youtube.com\/embed\/XFJVMn0qpms\" width=\"100%\" height=\"400\" frameborder=\"0\" allowfullscreen=\"allowfullscreen\"><span data-mce-type=\"bookmark\" style=\"display: inline-block; width: 0px; overflow: hidden; line-height: 0;\" class=\"mce_SELRES_start\"><\/span><br \/>\n<\/iframe><\/p>\n<p><strong>Zollex PRO vpojna krpa <\/strong>hitro vpije vodo in pusti povr\u0161ino brez lis. Mehka vlakna omogo\u010dajo <strong>varno su\u0161enje laka brez prask<\/strong>, zato je idealna za <strong>uporabo po pranju.<\/strong><\/p>\n<p><iframe loading=\"lazy\" title=\"YouTube video player\" src=\"https:\/\/www.youtube.com\/embed\/lxbMxXoqYT4?start=24\" width=\"100%\" height=\"400\" frameborder=\"0\" allowfullscreen=\"allowfullscreen\" data-mce-fragment=\"1\"><br \/>\n<\/iframe><\/p>\n<p data-start=\"216\" data-end=\"282\"><strong data-start=\"216\" data-end=\"282\">RED \u010distilo plati\u0161\u010d <\/strong>hitro odstrani <strong data-start=\"235\" data-end=\"291\">zavorni prah, kovinske delce in umazanijo<\/strong>.\u00a0Idealno za <strong data-start=\"402\" data-end=\"458\">temeljito \u010di\u0161\u010denje aluminijastih in jeklenih plati\u0161\u010d<\/strong> ter profesionalni <strong data-start=\"477\" data-end=\"494\">car detailing<\/strong>.<\/p>\n<p data-start=\"108\" data-end=\"136\"><img loading=\"lazy\" decoding=\"async\" class=\"aligncenter wp-image-26651\" src=\"https:\/\/optimate.si\/wp-content\/uploads\/2026\/03\/Extreme-black-tire-768x1024-2.jpg\" alt=\"\" width=\"412\" height=\"469\" srcset=\"https:\/\/optimate.si\/wp-content\/uploads\/2026\/03\/Extreme-black-tire-768x1024-2.jpg 710w, https:\/\/optimate.si\/wp-content\/uploads\/2026\/03\/Extreme-black-tire-768x1024-2-263x300.jpg 263w, https:\/\/optimate.si\/wp-content\/uploads\/2026\/03\/Extreme-black-tire-768x1024-2-416x474.jpg 416w\" sizes=\"auto, (max-width: 412px) 100vw, 412px\" \/><\/p>\n<p data-start=\"85\" data-end=\"125\"><strong data-start=\"85\" data-end=\"125\">Extream black tire <\/strong>obnovi videz pnevmatik ter jim povrne <strong data-start=\"177\" data-end=\"219\">globoko \u010drno barvo z mat efektom<\/strong>. Sprej hkrati <strong data-start=\"236\" data-end=\"279\">\u0161\u010diti gumo pred izsu\u0161itvijo in pokanjem<\/strong>, zato pnevmatike ostanejo dlje \u010dasa kot nove.<\/p>\n<p><iframe loading=\"lazy\" title=\"YouTube video player\" src=\"https:\/\/www.youtube.com\/embed\/Ho6HszPbJ3Q\" width=\"100%\" height=\"400\" frameborder=\"0\" allowfullscreen=\"allowfullscreen\"><br \/>\n<\/iframe><\/p>\n<p><strong data-start=\"89\" data-end=\"135\">\u010cistilo za klimo\u00a0<\/strong>v\u00a0<strong data-start=\"193\" data-end=\"256\">10 minutah odstrani neprijetne vonjave, bakterije in plesen<\/strong>\u00a0iz prezra\u010devalnega sistema. Aerosol samodejno o\u010disti\u00a0<strong data-start=\"310\" data-end=\"341\">zra\u010dne kanale,<\/strong>\u00a0pusti\u00a0<strong data-start=\"370\" data-end=\"395\">dolgotrajen sve\u017e vonj<\/strong>\u00a0ter izbolj\u0161a kakovost zraka v vozilu.<\/p>\n<p data-start=\"76\" data-end=\"99\"><img loading=\"lazy\" decoding=\"async\" class=\"aligncenter wp-image-26655\" src=\"https:\/\/optimate.si\/wp-content\/uploads\/2026\/03\/P1020189-683x1024-2.jpg\" alt=\"\" width=\"413\" height=\"489\" srcset=\"https:\/\/optimate.si\/wp-content\/uploads\/2026\/03\/P1020189-683x1024-2.jpg 683w, https:\/\/optimate.si\/wp-content\/uploads\/2026\/03\/P1020189-683x1024-2-254x300.jpg 254w, https:\/\/optimate.si\/wp-content\/uploads\/2026\/03\/P1020189-683x1024-2-416x492.jpg 416w\" sizes=\"auto, (max-width: 413px) 100vw, 413px\" \/><\/p>\n<p data-start=\"166\" data-end=\"389\">Leather cleaner u\u010dinkovito odstrani umazanijo in made\u017ee ter pusti usnje \u010disto brez mastnih sledi.\u00a0Idealno za <strong data-start=\"402\" data-end=\"445\">avtosede\u017ee in druge usnjene dele<\/strong>.<\/p>\n<p data-start=\"166\" data-end=\"389\"><img loading=\"lazy\" decoding=\"async\" class=\"aligncenter wp-image-26657\" src=\"https:\/\/optimate.si\/wp-content\/uploads\/2026\/03\/unnamed-2-5.jpg\" alt=\"\" width=\"407\" height=\"407\" srcset=\"https:\/\/optimate.si\/wp-content\/uploads\/2026\/03\/unnamed-2-5.jpg 1024w, https:\/\/optimate.si\/wp-content\/uploads\/2026\/03\/unnamed-2-5-300x300.jpg 300w, https:\/\/optimate.si\/wp-content\/uploads\/2026\/03\/unnamed-2-5-150x150.jpg 150w, https:\/\/optimate.si\/wp-content\/uploads\/2026\/03\/unnamed-2-5-768x768.jpg 768w, https:\/\/optimate.si\/wp-content\/uploads\/2026\/03\/unnamed-2-5-416x416.jpg 416w, https:\/\/optimate.si\/wp-content\/uploads\/2026\/03\/unnamed-2-5-100x100.jpg 100w\" sizes=\"auto, (max-width: 407px) 100vw, 407px\" \/><\/p>\n<p data-start=\"126\" data-end=\"362\">Leather conditioner ponovno naredi usnje mehko ter prepre\u010di <strong data-start=\"234\" data-end=\"270\">pokanje, izsu\u0161evanje in bledenje<\/strong>. Pusti eleganten <strong data-start=\"288\" data-end=\"322\">mat videz <\/strong>in dolgoro\u010dno za\u0161\u010diti usnjene povr\u0161ine. Primeren za <strong data-start=\"376\" data-end=\"453\">avtosede\u017ee, volan in druge usnjene dele.<img loading=\"lazy\" decoding=\"async\" class=\"aligncenter wp-image-31905\" src=\"https:\/\/optimate.si\/wp-content\/uploads\/2026\/03\/shampoo.jpg\" alt=\"\" width=\"527\" height=\"265\" srcset=\"https:\/\/optimate.si\/wp-content\/uploads\/2026\/03\/shampoo.jpg 1024w, https:\/\/optimate.si\/wp-content\/uploads\/2026\/03\/shampoo-300x151.jpg 300w, https:\/\/optimate.si\/wp-content\/uploads\/2026\/03\/shampoo-768x387.jpg 768w, https:\/\/optimate.si\/wp-content\/uploads\/2026\/03\/shampoo-416x210.jpg 416w\" sizes=\"auto, (max-width: 527px) 100vw, 527px\" \/><\/strong><\/p>\n<p data-start=\"126\" data-end=\"362\">Car Shampoo A<strong>vto\u0161ampon z voskom<\/strong> u\u010dinkovito odstranjuje umazanijo. Vosek ustvari\u00a0<strong>tanek za\u0161\u010ditni sloj<\/strong>, ki izbolj\u0161a sijaj in pomaga odbijati vodo, kar ohranja vozilo dlje \u010dasa \u010disto<\/p>\n<p data-start=\"126\" data-end=\"362\"><img loading=\"lazy\" decoding=\"async\" class=\"aligncenter\" src=\"https:\/\/zollex.si\/wp-content\/uploads\/2025\/06\/17518-700x840.png\" alt=\"Microfiber Car Towel set 4 pcs\" width=\"370\" height=\"444\" \/><\/p>\n<p data-start=\"69\" data-end=\"90\"><strong data-start=\"69\" data-end=\"90\">Mikrovlakene krpe <\/strong>so narejene iz <strong data-start=\"121\" data-end=\"159\">finih vlaken<\/strong>, ki u\u010dinkovito pobirajo umazanijo, prah in vlago s povr\u0161ine. Za razliko od navadnih krp <strong data-start=\"248\" data-end=\"274\">ne razma\u017eejo umazanije<\/strong>, ampak jo vpijejo in povr\u0161ino pustijo <strong data-start=\"313\" data-end=\"340\">\u010disto, suho in brez lis<\/strong>. Primerne so za <strong data-start=\"358\" data-end=\"409\">pnevmatike, stekla in plasti\u010dne dele avtomobila.<\/strong><\/p>","protected":false},"excerpt":{"rendered":"<p><strong>Celovita re\u0161itev<\/strong> za \u010di\u0161\u010denje in za\u0161\u010dito avtomobila \u2013 znotraj in zunaj. Idealna izbira za voznike, ki \u017eelijo <strong data-start=\"423\" data-end=\"550\" data-is-last-node=\"\">v enem kompletu dobiti vse za nego avta.<\/strong><\/p>","protected":false},"featured_media":31904,"comment_status":"open","ping_status":"closed","template":"","meta":{"_uag_custom_page_level_css":""},"product_brand":[],"product_cat":[68],"product_tag":[],"class_list":{"0":"post-26610","1":"product","2":"type-product","3":"status-publish","4":"has-post-thumbnail","6":"product_cat-0-kompleti-b2c","8":"first","9":"instock","10":"sale","11":"taxable","12":"shipping-taxable","13":"purchasable","14":"product-type-easy_product_bundle"},"uagb_featured_image_src":{"full":["https:\/\/optimate.si\/wp-content\/uploads\/2026\/03\/Gemini_Generated_Image_vmb9izvmb9izvmb9.jpeg",1888,2266,false],"thumbnail":["https:\/\/optimate.si\/wp-content\/uploads\/2026\/03\/Gemini_Generated_Image_vmb9izvmb9izvmb9-150x150.jpeg",150,150,true],"medium":["https:\/\/optimate.si\/wp-content\/uploads\/2026\/03\/Gemini_Generated_Image_vmb9izvmb9izvmb9-250x300.jpeg",250,300,true],"medium_large":["https:\/\/optimate.si\/wp-content\/uploads\/2026\/03\/Gemini_Generated_Image_vmb9izvmb9izvmb9-768x922.jpeg",768,922,true],"large":["https:\/\/optimate.si\/wp-content\/uploads\/2026\/03\/Gemini_Generated_Image_vmb9izvmb9izvmb9-853x1024.jpeg",853,1024,true],"1536x1536":["https:\/\/optimate.si\/wp-content\/uploads\/2026\/03\/Gemini_Generated_Image_vmb9izvmb9izvmb9-1280x1536.jpeg",1280,1536,true],"2048x2048":["https:\/\/optimate.si\/wp-content\/uploads\/2026\/03\/Gemini_Generated_Image_vmb9izvmb9izvmb9-1706x2048.jpeg",1706,2048,true],"trp-custom-language-flag":["https:\/\/optimate.si\/wp-content\/uploads\/2026\/03\/Gemini_Generated_Image_vmb9izvmb9izvmb9.jpeg",10,12,false],"woocommerce_thumbnail":["https:\/\/optimate.si\/wp-content\/uploads\/2026\/03\/Gemini_Generated_Image_vmb9izvmb9izvmb9-324x389.jpeg",324,389,true],"woocommerce_single":["https:\/\/optimate.si\/wp-content\/uploads\/2026\/03\/Gemini_Generated_Image_vmb9izvmb9izvmb9-416x499.jpeg",416,499,true],"woocommerce_gallery_thumbnail":["https:\/\/optimate.si\/wp-content\/uploads\/2026\/03\/Gemini_Generated_Image_vmb9izvmb9izvmb9-100x100.jpeg",100,100,true]},"uagb_author_info":{"display_name":"sergey","author_link":"https:\/\/optimate.si\/hr\/author\/"},"uagb_comment_info":1,"uagb_excerpt":"Celovita re\u0161itev za \u010di\u0161\u010denje in za\u0161\u010dito avtomobila \u2013 znotraj in zunaj. Idealna izbira za voznike, ki \u017eelijo v enem kompletu dobiti vse za nego avta.","_links":{"self":[{"href":"https:\/\/optimate.si\/hr\/wp-json\/wp\/v2\/product\/26610","targetHints":{"allow":["GET"]}}],"collection":[{"href":"https:\/\/optimate.si\/hr\/wp-json\/wp\/v2\/product"}],"about":[{"href":"https:\/\/optimate.si\/hr\/wp-json\/wp\/v2\/types\/product"}],"replies":[{"embeddable":true,"href":"https:\/\/optimate.si\/hr\/wp-json\/wp\/v2\/comments?post=26610"}],"wp:featuredmedia":[{"embeddable":true,"href":"https:\/\/optimate.si\/hr\/wp-json\/wp\/v2\/media\/31904"}],"wp:attachment":[{"href":"https:\/\/optimate.si\/hr\/wp-json\/wp\/v2\/media?parent=26610"}],"wp:term":[{"taxonomy":"product_brand","embeddable":true,"href":"https:\/\/optimate.si\/hr\/wp-json\/wp\/v2\/product_brand?post=26610"},{"taxonomy":"product_cat","embeddable":true,"href":"https:\/\/optimate.si\/hr\/wp-json\/wp\/v2\/product_cat?post=26610"},{"taxonomy":"product_tag","embeddable":true,"href":"https:\/\/optimate.si\/hr\/wp-json\/wp\/v2\/product_tag?post=26610"}],"curies":[{"name":"wp","href":"https:\/\/api.w.org\/{rel}","templated":true}]}}