{"id":27271,"date":"2026-03-20T12:00:53","date_gmt":"2026-03-20T11:00:53","guid":{"rendered":"https:\/\/optimate.si\/product\/zollex-varnostni-brezrokavnik-zelen-120g-12034\/"},"modified":"2026-04-06T11:50:49","modified_gmt":"2026-04-06T09:50:49","slug":"zollex-varnostni-brezrokavnik-zelen-120g-12034","status":"publish","type":"product","link":"https:\/\/optimate.si\/hr\/product\/zollex-varnostni-brezrokavnik-zelen-120g-12034\/","title":{"rendered":"Varnostni odsevni brezrokavnik  (120g )"},"content":{"rendered":"<h3>Vidnost in varnost v vseh pogojih<\/h3>\n<p>Zollex <strong>odsevni brezrokavnik<\/strong> zagotavlja visoko vidljivost in ve\u010djo varnost na cesti, \u0161e posebej v primeru okvare ali dela ob vozi\u0161\u010du.<\/p>\n<p>Izdelan je iz lahkega, trpe\u017enega materiala z odsevnimi trakovi, ki u\u010dinkovito odbijajo svetlobo in pove\u010dajo opaznost tako podnevi kot pono\u010di.<\/p>\n<p>Primeren je za voznike, kolesarje, delavce in vse, ki potrebujejo dodatno za\u0161\u010dito in vidnost.<\/p>\n<hr>\n<h3>Klju\u010dne lastnosti<\/h3>\n<p>\u2022 Visoka vidljivost podnevi in pono\u010di<br \/>\u2022 Odsevni trakovi za ve\u010djo varnost<br \/>\u2022 Lahka in udobna zasnova (120 g)<br \/>\u2022 Enostavno obla\u010denje preko obla\u010dil<br \/>\u2022 Kompaktno shranjevanje v vozilu<\/p>\n<hr>\n<h3>Uporaba<\/h3>\n<ol>\n<li>\n<p>Oblecite brezrokavnik preko obla\u010dil.<\/p>\n<\/li>\n<li>\n<p>Uporabite ob ustavitvi vozila ali delu ob cesti.<\/p>\n<\/li>\n<\/ol>\n<p>Primerno za <strong>obvezno opremo v vozilu, delo na cesti ali rekreacijo<\/strong>.<\/p>\n<p>\u0160ifra izdelka: 03957<\/p>","protected":false},"excerpt":{"rendered":"<p>Odsevni varnostni brezrokavnik za bolj\u0161o vidljivost na cesti. Safety vest pove\u010da varnost podnevi in pono\u010di ter je obvezna oprema v vozilu.<\/p>","protected":false},"featured_media":29691,"comment_status":"open","ping_status":"closed","template":"","meta":{"_uag_custom_page_level_css":""},"product_brand":[],"product_cat":[31],"product_tag":[],"class_list":{"0":"post-27271","1":"product","2":"type-product","3":"status-publish","4":"has-post-thumbnail","6":"product_cat-010-oprema","8":"first","9":"instock","10":"taxable","11":"shipping-taxable","12":"purchasable","13":"product-type-simple"},"uagb_featured_image_src":{"full":["https:\/\/optimate.si\/wp-content\/uploads\/2026\/04\/dcff51bb.jpg",1024,1024,false],"thumbnail":["https:\/\/optimate.si\/wp-content\/uploads\/2026\/04\/dcff51bb-150x150.jpg",150,150,true],"medium":["https:\/\/optimate.si\/wp-content\/uploads\/2026\/04\/dcff51bb-300x300.jpg",300,300,true],"medium_large":["https:\/\/optimate.si\/wp-content\/uploads\/2026\/04\/dcff51bb-768x768.jpg",768,768,true],"large":["https:\/\/optimate.si\/wp-content\/uploads\/2026\/04\/dcff51bb.jpg",980,980,false],"1536x1536":["https:\/\/optimate.si\/wp-content\/uploads\/2026\/04\/dcff51bb.jpg",1024,1024,false],"2048x2048":["https:\/\/optimate.si\/wp-content\/uploads\/2026\/04\/dcff51bb.jpg",1024,1024,false],"trp-custom-language-flag":["https:\/\/optimate.si\/wp-content\/uploads\/2026\/04\/dcff51bb.jpg",12,12,false],"woocommerce_thumbnail":["https:\/\/optimate.si\/wp-content\/uploads\/2026\/04\/dcff51bb-324x389.jpg",324,389,true],"woocommerce_single":["https:\/\/optimate.si\/wp-content\/uploads\/2026\/04\/dcff51bb-416x416.jpg",416,416,true],"woocommerce_gallery_thumbnail":["https:\/\/optimate.si\/wp-content\/uploads\/2026\/04\/dcff51bb-100x100.jpg",100,100,true]},"uagb_author_info":{"display_name":"sergey","author_link":"https:\/\/optimate.si\/hr\/author\/"},"uagb_comment_info":0,"uagb_excerpt":"Odsevni varnostni brezrokavnik za bolj\u0161o vidljivost na cesti. Safety vest pove\u010da varnost podnevi in pono\u010di ter je obvezna oprema v vozilu.","_links":{"self":[{"href":"https:\/\/optimate.si\/hr\/wp-json\/wp\/v2\/product\/27271","targetHints":{"allow":["GET"]}}],"collection":[{"href":"https:\/\/optimate.si\/hr\/wp-json\/wp\/v2\/product"}],"about":[{"href":"https:\/\/optimate.si\/hr\/wp-json\/wp\/v2\/types\/product"}],"replies":[{"embeddable":true,"href":"https:\/\/optimate.si\/hr\/wp-json\/wp\/v2\/comments?post=27271"}],"wp:featuredmedia":[{"embeddable":true,"href":"https:\/\/optimate.si\/hr\/wp-json\/wp\/v2\/media\/29691"}],"wp:attachment":[{"href":"https:\/\/optimate.si\/hr\/wp-json\/wp\/v2\/media?parent=27271"}],"wp:term":[{"taxonomy":"product_brand","embeddable":true,"href":"https:\/\/optimate.si\/hr\/wp-json\/wp\/v2\/product_brand?post=27271"},{"taxonomy":"product_cat","embeddable":true,"href":"https:\/\/optimate.si\/hr\/wp-json\/wp\/v2\/product_cat?post=27271"},{"taxonomy":"product_tag","embeddable":true,"href":"https:\/\/optimate.si\/hr\/wp-json\/wp\/v2\/product_tag?post=27271"}],"curies":[{"name":"wp","href":"https:\/\/api.w.org\/{rel}","templated":true}]}}